{"id":2153,"date":"2024-08-20T11:54:20","date_gmt":"2024-08-20T16:54:20","guid":{"rendered":"https:\/\/matrixcpmsolutions.com\/es\/?page_id=2153"},"modified":"2024-10-02T17:36:38","modified_gmt":"2024-10-02T22:36:38","slug":"amazon-web-services","status":"publish","type":"page","link":"https:\/\/matrixcpmsolutions.com\/es\/amazon-web-services\/","title":{"rendered":"Amazon Web Services"},"content":{"rendered":"<p>[vc_row css=&#8221;.vc_custom_1527787034577{background-color: #004e9f !important;}&#8221;][vc_column][vc_empty_space height=&#8221;20&#8243;][vc_row_inner][vc_column_inner width=&#8221;1\/6&#8243;][\/vc_column_inner][vc_column_inner width=&#8221;2\/3&#8243;][vc_column_text css_animation=&#8221;zoomIn&#8221;]<\/p>\n<p style=\"font-size: 20px; text-align: justify; line-height: 150%;\"><span style=\"color: #ffffff;\">En <strong>Matrix<\/strong>, ofrecemos soluciones completas de <strong>evaluaci\u00f3n<\/strong> y <strong>migraci\u00f3n<\/strong> a AWS, <strong>modernizaci\u00f3n<\/strong> de infraestructuras y <strong>managed services<\/strong>. Nuestro equipo de expertos garantiza una transici\u00f3n sin problemas, optimiza su tecnolog\u00eda y proporciona soporte continuo para mantener la eficiencia de sus sistemas en la nube. Descubra c\u00f3mo nuestras soluciones pueden <strong>impulsar su negocio<\/strong> hacia el futuro.<\/span><\/p>\n<p>[\/vc_column_text][\/vc_column_inner][vc_column_inner width=&#8221;1\/6&#8243;][\/vc_column_inner][\/vc_row_inner][vc_empty_space height=&#8221;10&#8243;][\/vc_column][\/vc_row][vc_row wrap_container=&#8221;yes&#8221; is_section=&#8221;yes&#8221; remove_margin_top=&#8221;yes&#8221; remove_margin_bottom=&#8221;yes&#8221; remove_padding_bottom=&#8221;yes&#8221;][vc_column][vc_custom_heading text=&#8221;Servicios <strong>AWS<\/strong>&#8221; font_container=&#8221;tag:h2|text_align:center&#8221; use_theme_fonts=&#8221;yes&#8221; el_class=&#8221;m-b-xl&#8221;][vc_row_inner][vc_column_inner width=&#8221;1\/4&#8243;][vc_single_image image=&#8221;2230&#8243; img_size=&#8221;full&#8221; alignment=&#8221;center&#8221; el_class=&#8221;m-b-md&#8221;][\/vc_column_inner][vc_column_inner width=&#8221;3\/4&#8243;][vc_custom_heading text=&#8221;Migraci\u00f3n en la Nube AWS&#8221; use_theme_fonts=&#8221;yes&#8221; el_class=&#8221;m-b-md&#8221;][vc_column_text]Mejore su eficiencia, escalabilidad y flexibilidad mientras reduce costos y aumente la disponibilidad de sus recursos<\/p>\n<p>Traslade datos, aplicaciones, y\/o sistemas desde cualquier entorno a AWS<\/p>\n<ul>\n<li>Transfiere informaci\u00f3n de bases de datos y sistemas de almacenamiento.<\/li>\n<li>Reubique software y servicios a la nube.<\/li>\n<li>Mueva toda la infraestructura tecnol\u00f3gica, como servidores y redes.<\/li>\n<\/ul>\n<p><a href=\"https:\/\/matrixcpmsolutions.com\/es\/aws-migracion\/\">Conoce m\u00e1s&#8230;<\/a>[\/vc_column_text][\/vc_column_inner][\/vc_row_inner][vc_row_inner][vc_column_inner width=&#8221;1\/4&#8243;][vc_single_image image=&#8221;2231&#8243; img_size=&#8221;full&#8221; alignment=&#8221;center&#8221; el_class=&#8221;m-b-md&#8221;][\/vc_column_inner][vc_column_inner width=&#8221;3\/4&#8243;][vc_custom_heading text=&#8221;Modernizaci\u00f3n en la Nube AWS&#8221; use_theme_fonts=&#8221;yes&#8221; el_class=&#8221;m-b-md&#8221;][vc_column_text]Ad\u00e1ptese a las demandas actuales del mercado, mejore el rendimiento y reduzca costos.<\/p>\n<ul>\n<li>Actualice y mejore sus sistemas y tecnolog\u00edas<\/li>\n<li>Sustituya aplicaciones antiguas por versiones nuevas.<\/li>\n<li>Migre a la nube y\/o adopte nuevas arquitecturas.<\/li>\n<li>Implemente herramientas para reducir tareas manuales.<\/li>\n<\/ul>\n<p>Mejore la eficiencia operativa.<\/p>\n<p><a href=\"https:\/\/matrixcpmsolutions.com\/es\/aws-modernizacion\/\">Conoce m\u00e1s&#8230;<\/a>[\/vc_column_text][\/vc_column_inner][\/vc_row_inner][vc_row_inner][vc_column_inner width=&#8221;1\/4&#8243;][vc_single_image image=&#8221;2229&#8243; img_size=&#8221;full&#8221; alignment=&#8221;center&#8221; el_class=&#8221;m-b-md&#8221;][\/vc_column_inner][vc_column_inner width=&#8221;3\/4&#8243;][vc_custom_heading text=&#8221;AWS Managed Services&#8221; use_theme_fonts=&#8221;yes&#8221; el_class=&#8221;m-b-md&#8221;][vc_column_text]Proporcionamos soluciones integrales de AWS a los clientes en cualquier etapa de su viaje en la nube, incluyendo:<\/p>\n<ul>\n<li>Consultor\u00eda sobre el dise\u00f1o inicial de la soluci\u00f3n.<\/li>\n<li>Desarrollo de aplicaciones y soluciones anal\u00edticas.<\/li>\n<li>Optimizaci\u00f3n y soporte continuos.<\/li>\n<\/ul>\n<p>Incluimos servicios como: Monitoreo, Gesti\u00f3n y Configuraci\u00f3n, Operaci\u00f3n y Servicio Basado en C\u00e9lulas.<\/p>\n<p><a href=\"https:\/\/matrixcpmsolutions.com\/es\/aws-managed-services\/\">Conoce m\u00e1s&#8230;<\/a>[\/vc_column_text][\/vc_column_inner][\/vc_row_inner][\/vc_column][\/vc_row][vc_row wrap_container=&#8221;yes&#8221; is_section=&#8221;yes&#8221; remove_margin_top=&#8221;yes&#8221; remove_margin_bottom=&#8221;yes&#8221; remove_padding_bottom=&#8221;yes&#8221;][vc_column][vc_separator][vc_custom_heading text=&#8221;Viaje a la <strong>Nube<\/strong> de la Mano de <strong>Expertos<\/strong>&#8221; font_container=&#8221;tag:h2|text_align:center&#8221; use_theme_fonts=&#8221;yes&#8221;][vc_column_text]En el din\u00e1mico mundo de la tecnolog\u00eda y la nube, elegir el socio adecuado para su viaje a la nube es crucial. En Matrix, le ofrecemos una alianza estrat\u00e9gica que transforme su experiencia con AWS y logre sus objetivos.[\/vc_column_text][vc_row_inner][vc_column_inner][vc_single_image image=&#8221;2165&#8243; img_size=&#8221;full&#8221; alignment=&#8221;center&#8221;][vc_custom_heading text=&#8221;Experiencia y Expertise <strong>Certificada<\/strong>&#8221; font_container=&#8221;tag:h2|text_align:center&#8221; use_theme_fonts=&#8221;yes&#8221;][vc_column_text]Matrix no solo cuenta con un equipo de expertos en AWS altamente capacitados y certificados, si no tambi\u00e9n tiene una profunda experiencia en la implementaci\u00f3n y optimizaci\u00f3n de soluciones en la nube. Perm\u00edtanos ayudarle a simplificar y optimizar la administraci\u00f3n de su entorno en la nube para que pueda enfocarce en lo que realmente importa: el crecimiento y \u00e9xito de su negocio.[\/vc_column_text][vc_separator][vc_custom_heading text=&#8221;Beneficios <strong>Comprobados<\/strong>&#8221; font_container=&#8221;tag:h2|text_align:center&#8221; use_theme_fonts=&#8221;yes&#8221;][\/vc_column_inner][\/vc_row_inner][vc_row_inner][vc_column_inner width=&#8221;1\/4&#8243;][vc_single_image image=&#8221;2163&#8243; img_size=&#8221;231&#215;231&#8243; alignment=&#8221;center&#8221;][vc_custom_heading text=&#8221;Reducci\u00f3n de costos operacionales&#8221; font_container=&#8221;tag:h3|text_align:center&#8221; use_theme_fonts=&#8221;yes&#8221;][vc_column_text]Incluye costos de infraestructura y licencias en Msft. Exploramos opciones flexibles de licenciamiento. Aplicamos estrategias para reducir costos operativos y mejorar la eficiencia.[\/vc_column_text][\/vc_column_inner][vc_column_inner width=&#8221;1\/4&#8243;][vc_single_image image=&#8221;2166&#8243; img_size=&#8221;231&#215;231&#8243; alignment=&#8221;center&#8221;][vc_custom_heading text=&#8221;Escenarios de Migraci\u00f3n Integral&#8221; font_container=&#8221;tag:h3|text_align:center&#8221; use_theme_fonts=&#8221;yes&#8221;][vc_column_text]Ofrecemos al menos dos escenarios de migraci\u00f3n a Amazon AWS, con un an\u00e1lisis detallado de costos y rendimiento. Garantizamos una migraci\u00f3n sin contratiempos con el Programa MAP[\/vc_column_text][\/vc_column_inner][vc_column_inner width=&#8221;1\/4&#8243;][vc_single_image image=&#8221;2167&#8243; img_size=&#8221;231&#215;231&#8243; alignment=&#8221;center&#8221;][vc_custom_heading text=&#8221;Experiencia en EC2 y RDS&#8221; font_container=&#8221;tag:h3|text_align:center&#8221; use_theme_fonts=&#8221;yes&#8221;][vc_column_text]Como expertos en EC2 Windows Server y RDS SQL Server, garantizamos una transici\u00f3n eficiente a AWS y optimizamos sus cargas de trabajo.<\/p>\n<p><strong>BD: <\/strong>Netezza,\u00a0YellowBricks, Oracle, Sql Server, Sybase AC, Sybase IQ.[\/vc_column_text][\/vc_column_inner][vc_column_inner width=&#8221;1\/4&#8243;][vc_single_image image=&#8221;2164&#8243; img_size=&#8221;231&#215;231&#8243; alignment=&#8221;center&#8221;][vc_custom_heading text=&#8221;Optimizaci\u00f3n y Control de Recursos en la Nube&#8221; font_container=&#8221;tag:h3|text_align:center&#8221; use_theme_fonts=&#8221;yes&#8221;][vc_column_text]Ofrecemos herramientas y soporte para un control total sobre sus recursos y licencias en la nube.[\/vc_column_text][\/vc_column_inner][\/vc_row_inner][vc_separator][vc_column_text]<\/p>\n<p style=\"text-align: center;\">Con el respaldo de nuestros expertos, disfrutar\u00e1 de una optimizaci\u00f3n continua y una adaptaci\u00f3n eficaz, maximizando el valor de su inversi\u00f3n en AWS.<\/p>\n<p>[\/vc_column_text][vc_row_inner][vc_column_inner width=&#8221;1\/4&#8243;][vc_custom_heading text=&#8221;<strong>Paso 1<br \/>\nAssessment<\/strong><br \/>\nOLA y MAP Assess<br \/>\n&#8221; font_container=&#8221;tag:h3|text_align:center&#8221; use_theme_fonts=&#8221;yes&#8221;][vc_single_image image=&#8221;2223&#8243; img_size=&#8221;full&#8221; alignment=&#8221;center&#8221;][vc_column_text]Visi\u00f3n clara para una migraci\u00f3n \u00f3ptima a la nube.<\/p>\n<p>\u25aa<b>Recopilaci\u00f3n<\/b><b> de Datos<\/b><\/p>\n<p>\u25aa<b>Evaluaci\u00f3n<\/b><b> de Carga de <\/b><b>Trabajo<\/b><b>. <\/b><\/p>\n<p>\u25aa<b>An\u00e1lisis<\/b><b> de Costos y <\/b><b>Beneficios<\/b>[\/vc_column_text][\/vc_column_inner][vc_column_inner width=&#8221;1\/4&#8243;][vc_custom_heading text=&#8221;<strong>Paso 2<br \/>\nMigraci\u00f3n<\/strong><br \/>\nMAP Mobilize&#8221; font_container=&#8221;tag:h3|text_align:center&#8221; use_theme_fonts=&#8221;yes&#8221;][vc_single_image image=&#8221;2223&#8243; img_size=&#8221;full&#8221; alignment=&#8221;center&#8221;][vc_column_text]Migrar a AWS: seguro, eficiente y sin interrupciones.<\/p>\n<p>\u25aa<b>Planificaci\u00f3n<\/b><\/p>\n<p>\u25aa<b>Ejecuci\u00f3n<\/b><b> de la <\/b><b>Migraci\u00f3n<\/b><\/p>\n<p>\u25aa<b>Pruebas<\/b><b> y <\/b><b>Validaci\u00f3n<\/b>[\/vc_column_text][\/vc_column_inner][vc_column_inner width=&#8221;1\/4&#8243;][vc_custom_heading text=&#8221;<strong>Paso 3<br \/>\nOptimizaci\u00f3n<\/strong><br \/>\nMAP Optimize&#8221; font_container=&#8221;tag:h3|text_align:center&#8221; use_theme_fonts=&#8221;yes&#8221;][vc_single_image image=&#8221;2223&#8243; img_size=&#8221;full&#8221; alignment=&#8221;center&#8221;][vc_column_text]Optimizaci\u00f3n del entorno en AWS: m\u00e1ximo valor, m\u00ednimo costo.<\/p>\n<p>\u25aa<b>Monitoreo<\/b><b> y <\/b><b>An\u00e1lisis<\/b><\/p>\n<p>\u25aa<b>Optimizaci\u00f3n<\/b><b> de Costos<\/b><\/p>\n<p>\u25aa<b>Mejora<\/b><b> del <\/b><b>Rendimiento<\/b>[\/vc_column_text][\/vc_column_inner][vc_column_inner width=&#8221;1\/4&#8243;][vc_custom_heading text=&#8221;<strong>Paso 4<br \/>\nModernizaci\u00f3n<\/strong><br \/>\nMAP Modernize&#8221; font_container=&#8221;tag:h3|text_align:center&#8221; use_theme_fonts=&#8221;yes&#8221;][vc_single_image image=&#8221;2222&#8243; img_size=&#8221;full&#8221; alignment=&#8221;center&#8221;][vc_column_text]Transformaci\u00f3n y modernizaci\u00f3n: impulsa de la innovaci\u00f3n en AWS.<\/p>\n<p>\u25aa<b>Revisi\u00f3n<\/b><b> de <\/b><b>Aplicaciones<\/b><\/p>\n<p>\u25aa<b>Implementaci\u00f3n<\/b><b> de <\/b><b>Nuevas<\/b> <b>Tecnolog\u00edas<\/b><\/p>\n<p>\u25aa<b>Desarrollo de <\/b><b>Estrategias<\/b><b> de <\/b><b>Innovaci\u00f3n<\/b>[\/vc_column_text][\/vc_column_inner][\/vc_row_inner][vc_separator][vc_btn title=&#8221;Cont\u00e1ctanos&#8221; color=&#8221;blue&#8221; size=&#8221;lg&#8221; align=&#8221;center&#8221; link=&#8221;url:https%3A%2F%2Fmatrixcpmsolutions.com%2Fes%2Fcontactenos%2F|title:Cont%C3%A1ctenos||&#8221;][\/vc_column][\/vc_row][vc_row wrap_container=&#8221;yes&#8221; is_section=&#8221;yes&#8221; section_skin=&#8221;parallax&#8221; remove_margin_top=&#8221;yes&#8221; remove_margin_bottom=&#8221;yes&#8221; css=&#8221;.vc_custom_1513223953873{background-color: #f4f4f4 !important;}&#8221;][vc_column][vc_custom_heading text=&#8221;Conoce m\u00e1s en nuestro <strong>Blog<\/strong>&#8221; font_container=&#8221;tag:h2|text_align:center&#8221; use_theme_fonts=&#8221;yes&#8221;]<div class=\"porto-recent-posts wpb_content_element \">    <div class=\"row\">\r\n        <div class=\"post-carousel porto-carousel owl-carousel\" data-plugin-options=\"{&quot;themeConfig&quot;:true,&quot;lg&quot;:4,&quot;md&quot;:3,&quot;sm&quot;:2}\">\r\n            <div class=\"post-slide\"><div class=\"post-item\">\n    <a href=\"https:\/\/matrixcpmsolutions.com\/es\/ia-generativa-en-retail-experiencias-aws\/\"> <span class=\"post-image thumb-info thumb-info-hide-wrapper-bg m-b-md\"> <span class=\"thumb-info-wrapper\"> <img loading=\"lazy\" decoding=\"async\" class=\"img-responsive\" width=\"450\" height=\"231\" src=\"https:\/\/matrixcpmsolutions.com\/es\/wp-content\/uploads\/2025\/11\/Retail-2-e1762651794621-450x231.png\" alt=\"IA Generativa en Retail\" \/>\n    <span class=\"zoom\" data-src=\"https:\/\/matrixcpmsolutions.com\/es\/wp-content\/uploads\/2025\/11\/Retail-2-e1762651794621.png\" data-title=\"\"><i class=\"fa fa-search\"><\/i><\/span>\n    <\/span> <\/span> <\/a>\n    <div class=\"post-date\">\n            <span class=\"day\">08<\/span>\n        <span class=\"month\">Nov<\/span>\n          <\/div>\n    <h4><a href=\"https:\/\/matrixcpmsolutions.com\/es\/ia-generativa-en-retail-experiencias-aws\/\">\n    IA Generativa en Retail: Experiencias Hiperpersonalizadas con AWS    <\/a><\/h4>\n    <p class=\"post-excerpt\">IA Generativa en Retail: Agentes Aut\u00f3nomos para una Experiencia Hiperpersonalizada\n\nLa inteligencia artificial generativa (GenAI) est\u00e1 revolucionando el sector retail,...  <a class=\"read-more\" href=\"https:\/\/matrixcpmsolutions.com\/es\/ia-generativa-en-retail-experiencias-aws\/\">read more <i class=\"fa fa-angle-right\"><\/i><\/a><\/p> <\/div>\n<\/div><div class=\"post-slide\"><div class=\"post-item\">\n    <a href=\"https:\/\/matrixcpmsolutions.com\/es\/ia-serverless-aws-transformacion-negocios\/\"> <span class=\"post-image thumb-info thumb-info-hide-wrapper-bg m-b-md\"> <span class=\"thumb-info-wrapper\"> <img loading=\"lazy\" decoding=\"async\" class=\"img-responsive\" width=\"450\" height=\"231\" src=\"https:\/\/matrixcpmsolutions.com\/es\/wp-content\/uploads\/2025\/05\/AWS-Cost-Optimization-5--450x231.png\" alt=\"\" \/>\n    <span class=\"zoom\" data-src=\"https:\/\/matrixcpmsolutions.com\/es\/wp-content\/uploads\/2025\/05\/AWS-Cost-Optimization-5-.png\" data-title=\"\"><i class=\"fa fa-search\"><\/i><\/span>\n    <\/span> <\/span> <\/a>\n    <div class=\"post-date\">\n            <span class=\"day\">28<\/span>\n        <span class=\"month\">Oct<\/span>\n          <\/div>\n    <h4><a href=\"https:\/\/matrixcpmsolutions.com\/es\/ia-serverless-aws-transformacion-negocios\/\">\n    Transforma tu negocio con IA Serverless AWS    <\/a><\/h4>\n    <p class=\"post-excerpt\">Transforma Tu Negocio con IA Serverless AWS: Innovaci\u00f3n Sin L\u00edmites\nEn un mundo donde la velocidad, la eficiencia y la...  <a class=\"read-more\" href=\"https:\/\/matrixcpmsolutions.com\/es\/ia-serverless-aws-transformacion-negocios\/\">read more <i class=\"fa fa-angle-right\"><\/i><\/a><\/p> <\/div>\n<\/div><div class=\"post-slide\"><div class=\"post-item\">\n    <a href=\"https:\/\/matrixcpmsolutions.com\/es\/transforma-tus-datos-en-decisiones-inteligentes-con-ia-avanzada\/\"> <span class=\"post-image thumb-info thumb-info-hide-wrapper-bg m-b-md\"> <span class=\"thumb-info-wrapper\"> <img loading=\"lazy\" decoding=\"async\" class=\"img-responsive\" width=\"450\" height=\"231\" src=\"https:\/\/matrixcpmsolutions.com\/es\/wp-content\/uploads\/2025\/05\/Datos-IA-avanzada-3-450x231.jpeg\" alt=\"\" \/>\n    <span class=\"zoom\" data-src=\"https:\/\/matrixcpmsolutions.com\/es\/wp-content\/uploads\/2025\/05\/Datos-IA-avanzada-3.jpeg\" data-title=\"\"><i class=\"fa fa-search\"><\/i><\/span>\n    <\/span> <\/span> <\/a>\n    <div class=\"post-date\">\n            <span class=\"day\">30<\/span>\n        <span class=\"month\">May<\/span>\n          <\/div>\n    <h4><a href=\"https:\/\/matrixcpmsolutions.com\/es\/transforma-tus-datos-en-decisiones-inteligentes-con-ia-avanzada\/\">\n    Transforma tus datos en decisiones inteligentes con IA avanzada    <\/a><\/h4>\n    <p class=\"post-excerpt\">Introducci\u00f3n a la IA avanzada\nEn un entorno empresarial donde los datos crecen exponencialmente, la capacidad de procesarlos en tiempo...  <a class=\"read-more\" href=\"https:\/\/matrixcpmsolutions.com\/es\/transforma-tus-datos-en-decisiones-inteligentes-con-ia-avanzada\/\">read more <i class=\"fa fa-angle-right\"><\/i><\/a><\/p> <\/div>\n<\/div><div class=\"post-slide\"><div class=\"post-item\">\n    <a href=\"https:\/\/matrixcpmsolutions.com\/es\/gestion-automatizada-en-aws-por-que-dejar-atras-el-mantenimiento-on-premise\/\"> <span class=\"post-image thumb-info thumb-info-hide-wrapper-bg m-b-md\"> <span class=\"thumb-info-wrapper\"> <img loading=\"lazy\" decoding=\"async\" class=\"img-responsive\" width=\"450\" height=\"231\" src=\"https:\/\/matrixcpmsolutions.com\/es\/wp-content\/uploads\/2025\/05\/AWS-Automated-Management-2-450x231.jpeg\" alt=\"Gesti\u00f3n Automatizada en AWS\" \/>\n    <span class=\"zoom\" data-src=\"https:\/\/matrixcpmsolutions.com\/es\/wp-content\/uploads\/2025\/05\/AWS-Automated-Management-2.jpeg\" data-title=\"\"><i class=\"fa fa-search\"><\/i><\/span>\n    <\/span> <\/span> <\/a>\n    <div class=\"post-date\">\n            <span class=\"day\">30<\/span>\n        <span class=\"month\">May<\/span>\n          <\/div>\n    <h4><a href=\"https:\/\/matrixcpmsolutions.com\/es\/gestion-automatizada-en-aws-por-que-dejar-atras-el-mantenimiento-on-premise\/\">\n    Gesti\u00f3n Automatizada en AWS: Por qu\u00e9 Dejar Atr\u00e1s el Mantenimiento On-Premise    <\/a><\/h4>\n    <p class=\"post-excerpt\">Introducci\u00f3n a la Gesti\u00f3n Automatizada en AWS\nEn la era digital, elegir entre mantener bases de datos on-premise o migrar...  <a class=\"read-more\" href=\"https:\/\/matrixcpmsolutions.com\/es\/gestion-automatizada-en-aws-por-que-dejar-atras-el-mantenimiento-on-premise\/\">read more <i class=\"fa fa-angle-right\"><\/i><\/a><\/p> <\/div>\n<\/div>        <\/div>\r\n    <\/div>\r\n    <\/div>[\/vc_column][\/vc_row]<\/p>\n","protected":false},"excerpt":{"rendered":"<p>[vc_row css=&#8221;.vc_custom_1527787034577{background-color: #004e9f !important;}&#8221;][vc_column][vc_empty_space height=&#8221;20&#8243;][vc_row_inner][vc_column_inner width=&#8221;1\/6&#8243;][\/vc_column_inner][vc_column_inner width=&#8221;2\/3&#8243;][vc_column_text css_animation=&#8221;zoomIn&#8221;] En Matrix, ofrecemos soluciones completas de evaluaci\u00f3n y migraci\u00f3n a AWS, modernizaci\u00f3n de infraestructuras y managed services. Nuestro equipo de expertos garantiza una transici\u00f3n sin problemas, optimiza su tecnolog\u00eda y proporciona soporte continuo para mantener la eficiencia de sus sistemas en la nube. Descubra c\u00f3mo nuestras soluciones [&hellip;]<\/p>\n","protected":false},"author":6,"featured_media":0,"parent":0,"menu_order":0,"comment_status":"closed","ping_status":"closed","template":"","meta":{"footnotes":""},"class_list":["post-2153","page","type-page","status-publish","hentry"],"_links":{"self":[{"href":"https:\/\/matrixcpmsolutions.com\/es\/wp-json\/wp\/v2\/pages\/2153","targetHints":{"allow":["GET"]}}],"collection":[{"href":"https:\/\/matrixcpmsolutions.com\/es\/wp-json\/wp\/v2\/pages"}],"about":[{"href":"https:\/\/matrixcpmsolutions.com\/es\/wp-json\/wp\/v2\/types\/page"}],"author":[{"embeddable":true,"href":"https:\/\/matrixcpmsolutions.com\/es\/wp-json\/wp\/v2\/users\/6"}],"replies":[{"embeddable":true,"href":"https:\/\/matrixcpmsolutions.com\/es\/wp-json\/wp\/v2\/comments?post=2153"}],"version-history":[{"count":41,"href":"https:\/\/matrixcpmsolutions.com\/es\/wp-json\/wp\/v2\/pages\/2153\/revisions"}],"predecessor-version":[{"id":2385,"href":"https:\/\/matrixcpmsolutions.com\/es\/wp-json\/wp\/v2\/pages\/2153\/revisions\/2385"}],"wp:attachment":[{"href":"https:\/\/matrixcpmsolutions.com\/es\/wp-json\/wp\/v2\/media?parent=2153"}],"curies":[{"name":"wp","href":"https:\/\/api.w.org\/{rel}","templated":true}]}}