{"id":2192,"date":"2024-08-20T13:58:40","date_gmt":"2024-08-20T18:58:40","guid":{"rendered":"https:\/\/matrixcpmsolutions.com\/es\/?page_id=2192"},"modified":"2024-10-02T17:53:42","modified_gmt":"2024-10-02T22:53:42","slug":"aws-migracion","status":"publish","type":"page","link":"https:\/\/matrixcpmsolutions.com\/es\/aws-migracion\/","title":{"rendered":"AWS Migraci\u00f3n"},"content":{"rendered":"<p>[vc_row css=&#8221;.vc_custom_1527787034577{background-color: #004e9f !important;}&#8221;][vc_column][vc_empty_space height=&#8221;20&#8243;][vc_row_inner][vc_column_inner width=&#8221;1\/6&#8243;][\/vc_column_inner][vc_column_inner width=&#8221;2\/3&#8243;][vc_column_text css_animation=&#8221;zoomIn&#8221;]<\/p>\n<p style=\"font-size: 20px; text-align: justify; line-height: 150%;\"><span style=\"color: #ffffff;\">Asegure una migraci\u00f3n eficiente a la nube de <strong>AWS<\/strong>, mientras reduce costos. Con los servicios <strong>OLA<\/strong> y <strong>MAP<\/strong> de <strong>Matrix<\/strong>, puede contar con una evaluaci\u00f3n de su entorno actual y orientaci\u00f3n experta para ayudarle a identificar la ruta m\u00e1s eficiente hacia la nube de <strong>AWS<\/strong>.<\/span><\/p>\n<p>[\/vc_column_text][\/vc_column_inner][vc_column_inner width=&#8221;1\/6&#8243;][\/vc_column_inner][\/vc_row_inner][vc_empty_space height=&#8221;10&#8243;][\/vc_column][\/vc_row][vc_row wrap_container=&#8221;yes&#8221; is_section=&#8221;yes&#8221; remove_margin_top=&#8221;yes&#8221; remove_margin_bottom=&#8221;yes&#8221; remove_padding_bottom=&#8221;yes&#8221;][vc_column][vc_custom_heading text=&#8221;Migraci\u00f3n <strong>AWS<\/strong>&#8221; font_container=&#8221;tag:h2|text_align:center&#8221; use_theme_fonts=&#8221;yes&#8221; el_class=&#8221;m-b-xl&#8221;][vc_column_text]<\/p>\n<p style=\"text-align: center;\">Con los Servicios Matrix-<strong>OLA<\/strong> y <strong>MAP<\/strong> reduzca costos y aumente la disponibilidad de sus recursos en AWS<\/p>\n<p>[\/vc_column_text][vc_row_inner][vc_column_inner width=&#8221;1\/4&#8243;][vc_single_image image=&#8221;2236&#8243; img_size=&#8221;full&#8221; alignment=&#8221;center&#8221; el_class=&#8221;m-b-md&#8221;][\/vc_column_inner][vc_column_inner width=&#8221;3\/4&#8243;][vc_custom_heading text=&#8221;<strong>Matrix &#8211; OLA<\/strong> (Optimization and Licensing Assessment) &#8221; use_theme_fonts=&#8221;yes&#8221; el_class=&#8221;m-b-md&#8221;][vc_column_text]Nuestro servicio est\u00e1 dise\u00f1ado para maximizar el valor de sus licencias de software en la nube. Comenzamos con una evaluaci\u00f3n detallada de su entorno, analizando sus licencias actuales para ajustarlas a las necesidades espec\u00edficas de su infraestructura y cargas de trabajo. Identificamos oportunidades para optimizar el uso de sus licencias en <strong>AWS<\/strong>, asegurando una gesti\u00f3n eficiente y rentable, garantizando una ruta clara para una f\u00e1cil migraci\u00f3n a la nube.<\/p>\n<p><strong>Componentes Principales:<\/strong><\/p>\n<ol>\n<li><strong>Evaluaci\u00f3n de Costos y Uso:<\/strong> Analiza el uso actual y los costos de AWS.<\/li>\n<li><strong>An\u00e1lisis de Licencias:<\/strong> Revisa la gesti\u00f3n y la adecuaci\u00f3n de licencias.<\/li>\n<li><strong>Recomendaciones de Optimizaci\u00f3n<\/strong>: Ofrece sugerencias para reducir costos y mejorar la eficiencia.<\/li>\n<li><strong>Informes Detallados:<\/strong> Proporciona informes sobre \u00e1reas de mejora y oportunidades de ahorro.<\/li>\n<\/ol>\n<p><strong>Beneficios:<\/strong><\/p>\n<ul>\n<li><strong>Reducci\u00f3n de Costos:<\/strong> Identifica y elimina gastos innecesarios.<\/li>\n<li><strong>Eficiencia Mejorada:<\/strong> Optimiza el rendimiento y el uso de recursos.<\/li>\n<li><strong>Gesti\u00f3n Efectiva de Licencias:<\/strong> Asegura una correcta utilizaci\u00f3n y cumplimiento de licencias.<\/li>\n<li><strong>Visibilidad y Control:<\/strong> Mejora el control y la planificaci\u00f3n del presupuesto en la nube.<\/li>\n<\/ul>\n<p>[\/vc_column_text][\/vc_column_inner][\/vc_row_inner][vc_row_inner][vc_column_inner width=&#8221;1\/4&#8243;][vc_single_image image=&#8221;2235&#8243; img_size=&#8221;full&#8221; alignment=&#8221;center&#8221; el_class=&#8221;m-b-md&#8221;][\/vc_column_inner][vc_column_inner width=&#8221;3\/4&#8243;][vc_custom_heading text=&#8221;<strong>Matrix &#8211; MAP<\/strong> (Migration Acceleration Program) &#8221; use_theme_fonts=&#8221;yes&#8221; el_class=&#8221;m-b-md&#8221;][vc_column_text]Es una soluci\u00f3n integral dise\u00f1ada por AWS para facilitar y optimizar la migraci\u00f3n a la nube. Evaluamos exhaustivamente su entorno actual y creamos un plan de migraci\u00f3n personalizado que aprovecha los incentivos financieros y los recursos exclusivos de AWS.<\/p>\n<p>Tiene tres fases: (1) <strong>Evaluar<\/strong>, (2) <strong>Movilizar<\/strong> y (3) <strong>Migrar<\/strong> y modernizar.<\/p>\n<p>Nuestro rol es guiarle en cada paso, comenzando con una evaluaci\u00f3n exhaustiva de su entorno actual y la creaci\u00f3n de un plan de migraci\u00f3n personalizado. Acompa\u00f1amos cada fase del proceso para asegurar una transici\u00f3n fluida y eficiente. Durante la implementaci\u00f3n, nuestro equipo colabora estrechamente con AWS para asegurar una migraci\u00f3n sin problemas, optimizando las cargas de trabajo para mejorar el rendimiento y la seguridad.<\/p>\n<p><strong>Componentes Principales:<\/strong><\/p>\n<ol>\n<li><strong>Evaluaci\u00f3n de Preparaci\u00f3n<\/strong>: An\u00e1lisis de infraestructura actual y necesidades de migraci\u00f3n.<\/li>\n<li><strong>Planificaci\u00f3n de la Migraci\u00f3n<\/strong>: Dise\u00f1o de la arquitectura en la nube y cronograma de migraci\u00f3n.<\/li>\n<li><strong>Ejecuci\u00f3n de la Migraci\u00f3n<\/strong>: Transferencia de datos y aplicaciones a AWS.<\/li>\n<li><strong>Optimizaci\u00f3n Post-Migraci\u00f3n<\/strong>: Ajuste de configuraciones para mejorar rendimiento y reducir costos.<\/li>\n<\/ol>\n<p><strong>Beneficios:<\/strong><\/p>\n<ul>\n<li><strong>Aceleraci\u00f3n de la Migraci\u00f3n<\/strong>: Transici\u00f3n r\u00e1pida a la nube.<\/li>\n<li><strong>Reducci\u00f3n de Riesgos<\/strong>: Menor riesgo con planificaci\u00f3n y ejecuci\u00f3n detalladas.<\/li>\n<li><strong>Optimizaci\u00f3n de Costos<\/strong>: Reducci\u00f3n de costos operativos.<\/li>\n<li><strong>Mejora del Rendimiento<\/strong>: Mejor desempe\u00f1o de aplicaciones y servicios.<\/li>\n<li><strong>Escalabilidad y Flexibilidad<\/strong>: Recursos ajustables seg\u00fan demanda.<\/li>\n<\/ul>\n<p>[\/vc_column_text][\/vc_column_inner][\/vc_row_inner][vc_btn title=&#8221;Cont\u00e1ctanos&#8221; color=&#8221;blue&#8221; size=&#8221;lg&#8221; align=&#8221;center&#8221; link=&#8221;url:https%3A%2F%2Fmatrixcpmsolutions.com%2Fes%2Fcontactenos%2F|||&#8221;][\/vc_column][\/vc_row][vc_row wrap_container=&#8221;yes&#8221; is_section=&#8221;yes&#8221; section_skin=&#8221;parallax&#8221; remove_margin_top=&#8221;yes&#8221; remove_margin_bottom=&#8221;yes&#8221; css=&#8221;.vc_custom_1513223953873{background-color: #f4f4f4 !important;}&#8221;][vc_column][vc_custom_heading text=&#8221;Conoce m\u00e1s en nuestro <strong>Blog<\/strong>&#8221; font_container=&#8221;tag:h2|text_align:center&#8221; use_theme_fonts=&#8221;yes&#8221;]<div class=\"porto-recent-posts wpb_content_element \">    <div class=\"row\">\r\n        <div class=\"post-carousel porto-carousel owl-carousel\" data-plugin-options=\"{&quot;themeConfig&quot;:true,&quot;lg&quot;:4,&quot;md&quot;:3,&quot;sm&quot;:2}\">\r\n            <div class=\"post-slide\"><div class=\"post-item\">\n    <a href=\"https:\/\/matrixcpmsolutions.com\/es\/ia-generativa-en-retail-experiencias-aws\/\"> <span class=\"post-image thumb-info thumb-info-hide-wrapper-bg m-b-md\"> <span class=\"thumb-info-wrapper\"> <img loading=\"lazy\" decoding=\"async\" class=\"img-responsive\" width=\"450\" height=\"231\" src=\"https:\/\/matrixcpmsolutions.com\/es\/wp-content\/uploads\/2025\/11\/Retail-2-e1762651794621-450x231.png\" alt=\"IA Generativa en Retail\" \/>\n    <span class=\"zoom\" data-src=\"https:\/\/matrixcpmsolutions.com\/es\/wp-content\/uploads\/2025\/11\/Retail-2-e1762651794621.png\" data-title=\"\"><i class=\"fa fa-search\"><\/i><\/span>\n    <\/span> <\/span> <\/a>\n    <div class=\"post-date\">\n            <span class=\"day\">08<\/span>\n        <span class=\"month\">Nov<\/span>\n          <\/div>\n    <h4><a href=\"https:\/\/matrixcpmsolutions.com\/es\/ia-generativa-en-retail-experiencias-aws\/\">\n    IA Generativa en Retail: Experiencias Hiperpersonalizadas con AWS    <\/a><\/h4>\n    <p class=\"post-excerpt\">IA Generativa en Retail: Agentes Aut\u00f3nomos para una Experiencia Hiperpersonalizada\n\nLa inteligencia artificial generativa (GenAI) est\u00e1 revolucionando el sector retail,...  <a class=\"read-more\" href=\"https:\/\/matrixcpmsolutions.com\/es\/ia-generativa-en-retail-experiencias-aws\/\">read more <i class=\"fa fa-angle-right\"><\/i><\/a><\/p> <\/div>\n<\/div><div class=\"post-slide\"><div class=\"post-item\">\n    <a href=\"https:\/\/matrixcpmsolutions.com\/es\/ia-serverless-aws-transformacion-negocios\/\"> <span class=\"post-image thumb-info thumb-info-hide-wrapper-bg m-b-md\"> <span class=\"thumb-info-wrapper\"> <img loading=\"lazy\" decoding=\"async\" class=\"img-responsive\" width=\"450\" height=\"231\" src=\"https:\/\/matrixcpmsolutions.com\/es\/wp-content\/uploads\/2025\/05\/AWS-Cost-Optimization-5--450x231.png\" alt=\"\" \/>\n    <span class=\"zoom\" data-src=\"https:\/\/matrixcpmsolutions.com\/es\/wp-content\/uploads\/2025\/05\/AWS-Cost-Optimization-5-.png\" data-title=\"\"><i class=\"fa fa-search\"><\/i><\/span>\n    <\/span> <\/span> <\/a>\n    <div class=\"post-date\">\n            <span class=\"day\">28<\/span>\n        <span class=\"month\">Oct<\/span>\n          <\/div>\n    <h4><a href=\"https:\/\/matrixcpmsolutions.com\/es\/ia-serverless-aws-transformacion-negocios\/\">\n    Transforma tu negocio con IA Serverless AWS    <\/a><\/h4>\n    <p class=\"post-excerpt\">Transforma Tu Negocio con IA Serverless AWS: Innovaci\u00f3n Sin L\u00edmites\nEn un mundo donde la velocidad, la eficiencia y la...  <a class=\"read-more\" href=\"https:\/\/matrixcpmsolutions.com\/es\/ia-serverless-aws-transformacion-negocios\/\">read more <i class=\"fa fa-angle-right\"><\/i><\/a><\/p> <\/div>\n<\/div><div class=\"post-slide\"><div class=\"post-item\">\n    <a href=\"https:\/\/matrixcpmsolutions.com\/es\/transforma-tus-datos-en-decisiones-inteligentes-con-ia-avanzada\/\"> <span class=\"post-image thumb-info thumb-info-hide-wrapper-bg m-b-md\"> <span class=\"thumb-info-wrapper\"> <img loading=\"lazy\" decoding=\"async\" class=\"img-responsive\" width=\"450\" height=\"231\" src=\"https:\/\/matrixcpmsolutions.com\/es\/wp-content\/uploads\/2025\/05\/Datos-IA-avanzada-3-450x231.jpeg\" alt=\"\" \/>\n    <span class=\"zoom\" data-src=\"https:\/\/matrixcpmsolutions.com\/es\/wp-content\/uploads\/2025\/05\/Datos-IA-avanzada-3.jpeg\" data-title=\"\"><i class=\"fa fa-search\"><\/i><\/span>\n    <\/span> <\/span> <\/a>\n    <div class=\"post-date\">\n            <span class=\"day\">30<\/span>\n        <span class=\"month\">May<\/span>\n          <\/div>\n    <h4><a href=\"https:\/\/matrixcpmsolutions.com\/es\/transforma-tus-datos-en-decisiones-inteligentes-con-ia-avanzada\/\">\n    Transforma tus datos en decisiones inteligentes con IA avanzada    <\/a><\/h4>\n    <p class=\"post-excerpt\">Introducci\u00f3n a la IA avanzada\nEn un entorno empresarial donde los datos crecen exponencialmente, la capacidad de procesarlos en tiempo...  <a class=\"read-more\" href=\"https:\/\/matrixcpmsolutions.com\/es\/transforma-tus-datos-en-decisiones-inteligentes-con-ia-avanzada\/\">read more <i class=\"fa fa-angle-right\"><\/i><\/a><\/p> <\/div>\n<\/div><div class=\"post-slide\"><div class=\"post-item\">\n    <a href=\"https:\/\/matrixcpmsolutions.com\/es\/gestion-automatizada-en-aws-por-que-dejar-atras-el-mantenimiento-on-premise\/\"> <span class=\"post-image thumb-info thumb-info-hide-wrapper-bg m-b-md\"> <span class=\"thumb-info-wrapper\"> <img loading=\"lazy\" decoding=\"async\" class=\"img-responsive\" width=\"450\" height=\"231\" src=\"https:\/\/matrixcpmsolutions.com\/es\/wp-content\/uploads\/2025\/05\/AWS-Automated-Management-2-450x231.jpeg\" alt=\"Gesti\u00f3n Automatizada en AWS\" \/>\n    <span class=\"zoom\" data-src=\"https:\/\/matrixcpmsolutions.com\/es\/wp-content\/uploads\/2025\/05\/AWS-Automated-Management-2.jpeg\" data-title=\"\"><i class=\"fa fa-search\"><\/i><\/span>\n    <\/span> <\/span> <\/a>\n    <div class=\"post-date\">\n            <span class=\"day\">30<\/span>\n        <span class=\"month\">May<\/span>\n          <\/div>\n    <h4><a href=\"https:\/\/matrixcpmsolutions.com\/es\/gestion-automatizada-en-aws-por-que-dejar-atras-el-mantenimiento-on-premise\/\">\n    Gesti\u00f3n Automatizada en AWS: Por qu\u00e9 Dejar Atr\u00e1s el Mantenimiento On-Premise    <\/a><\/h4>\n    <p class=\"post-excerpt\">Introducci\u00f3n a la Gesti\u00f3n Automatizada en AWS\nEn la era digital, elegir entre mantener bases de datos on-premise o migrar...  <a class=\"read-more\" href=\"https:\/\/matrixcpmsolutions.com\/es\/gestion-automatizada-en-aws-por-que-dejar-atras-el-mantenimiento-on-premise\/\">read more <i class=\"fa fa-angle-right\"><\/i><\/a><\/p> <\/div>\n<\/div>        <\/div>\r\n    <\/div>\r\n    <\/div>[\/vc_column][\/vc_row]<\/p>\n","protected":false},"excerpt":{"rendered":"<p>[vc_row css=&#8221;.vc_custom_1527787034577{background-color: #004e9f !important;}&#8221;][vc_column][vc_empty_space height=&#8221;20&#8243;][vc_row_inner][vc_column_inner width=&#8221;1\/6&#8243;][\/vc_column_inner][vc_column_inner width=&#8221;2\/3&#8243;][vc_column_text css_animation=&#8221;zoomIn&#8221;] Asegure una migraci\u00f3n eficiente a la nube de AWS, mientras reduce costos. Con los servicios OLA y MAP de Matrix, puede contar con una evaluaci\u00f3n de su entorno actual y orientaci\u00f3n experta para ayudarle a identificar la ruta m\u00e1s eficiente hacia la nube de AWS. [\/vc_column_text][\/vc_column_inner][vc_column_inner width=&#8221;1\/6&#8243;][\/vc_column_inner][\/vc_row_inner][vc_empty_space [&hellip;]<\/p>\n","protected":false},"author":6,"featured_media":0,"parent":0,"menu_order":0,"comment_status":"closed","ping_status":"closed","template":"","meta":{"footnotes":""},"class_list":["post-2192","page","type-page","status-publish","hentry"],"_links":{"self":[{"href":"https:\/\/matrixcpmsolutions.com\/es\/wp-json\/wp\/v2\/pages\/2192","targetHints":{"allow":["GET"]}}],"collection":[{"href":"https:\/\/matrixcpmsolutions.com\/es\/wp-json\/wp\/v2\/pages"}],"about":[{"href":"https:\/\/matrixcpmsolutions.com\/es\/wp-json\/wp\/v2\/types\/page"}],"author":[{"embeddable":true,"href":"https:\/\/matrixcpmsolutions.com\/es\/wp-json\/wp\/v2\/users\/6"}],"replies":[{"embeddable":true,"href":"https:\/\/matrixcpmsolutions.com\/es\/wp-json\/wp\/v2\/comments?post=2192"}],"version-history":[{"count":17,"href":"https:\/\/matrixcpmsolutions.com\/es\/wp-json\/wp\/v2\/pages\/2192\/revisions"}],"predecessor-version":[{"id":2394,"href":"https:\/\/matrixcpmsolutions.com\/es\/wp-json\/wp\/v2\/pages\/2192\/revisions\/2394"}],"wp:attachment":[{"href":"https:\/\/matrixcpmsolutions.com\/es\/wp-json\/wp\/v2\/media?parent=2192"}],"curies":[{"name":"wp","href":"https:\/\/api.w.org\/{rel}","templated":true}]}}