{"id":2206,"date":"2024-08-20T14:21:24","date_gmt":"2024-08-20T19:21:24","guid":{"rendered":"https:\/\/matrixcpmsolutions.com\/es\/?page_id=2206"},"modified":"2024-10-02T17:56:23","modified_gmt":"2024-10-02T22:56:23","slug":"aws-ec2-rds","status":"publish","type":"page","link":"https:\/\/matrixcpmsolutions.com\/es\/aws-ec2-rds\/","title":{"rendered":"AWS EC2-RDS"},"content":{"rendered":"<p>[vc_row css=&#8221;.vc_custom_1527787034577{background-color: #004e9f !important;}&#8221;][vc_column][vc_empty_space height=&#8221;20&#8243;][vc_row_inner][vc_column_inner width=&#8221;1\/6&#8243;][\/vc_column_inner][vc_column_inner width=&#8221;2\/3&#8243;][vc_column_text css_animation=&#8221;zoomIn&#8221;]<\/p>\n<p style=\"font-size: 20px; text-align: center; line-height: 150%;\"><span style=\"color: #ffffff;\">Optimice su infraestructura con Amazon <strong>EC2<\/strong> y <strong>RDS<\/strong> para soluciones flexibles y seguras en la nube.<\/span><\/p>\n<p>[\/vc_column_text][\/vc_column_inner][vc_column_inner width=&#8221;1\/6&#8243;][\/vc_column_inner][\/vc_row_inner][vc_empty_space height=&#8221;10&#8243;][\/vc_column][\/vc_row][vc_row wrap_container=&#8221;yes&#8221; is_section=&#8221;yes&#8221; remove_margin_top=&#8221;yes&#8221; remove_margin_bottom=&#8221;yes&#8221; remove_padding_bottom=&#8221;yes&#8221;][vc_column][vc_custom_heading text=&#8221;Amazon <strong>EC2-RDS<\/strong>&#8221; font_container=&#8221;tag:h2|text_align:center&#8221; use_theme_fonts=&#8221;yes&#8221; el_class=&#8221;m-b-xl&#8221;][vc_column_text]<\/p>\n<p style=\"text-align: center;\">Con los Servicios Matrix-<strong>OLA<\/strong> y <strong>MAP<\/strong> reduzca costos y aumente la disponibilidad de sus recursos en AWS<\/p>\n<p>[\/vc_column_text][vc_row_inner][vc_column_inner width=&#8221;1\/4&#8243;][vc_single_image image=&#8221;2247&#8243; img_size=&#8221;full&#8221; alignment=&#8221;center&#8221; el_class=&#8221;m-b-md&#8221;][\/vc_column_inner][vc_column_inner width=&#8221;3\/4&#8243;][vc_custom_heading text=&#8221;Amazon <strong>EC2<\/strong> (Elastic Compute Cloud)&#8221; use_theme_fonts=&#8221;yes&#8221; el_class=&#8221;m-b-md&#8221;][vc_column_text]Es un servicio de computaci\u00f3n en la nube que permite crear y administrar servidores virtuales, conocidos como instancias, en la infraestructura de Amazon Web Services (AWS). Permite ejecutar aplicaciones, sitios web y otros servicios en la nube, proporcionando flexibilidad y escalabilidad seg\u00fan la demanda.<\/p>\n<p><strong>Caracter\u00edsticas Clave:<\/strong><\/p>\n<ul>\n<li><strong>Servidores Escalables: <\/strong>Ajusta el n\u00famero de instancias seg\u00fan demanda.<\/li>\n<li><strong>Tipos Diversos: <\/strong>Varias opciones seg\u00fan necesidad (computaci\u00f3n, memoria, almacenamiento).<\/li>\n<li><strong>Seguridad: <\/strong>Control de acceso y roles.<\/li>\n<li><strong>Integraci\u00f3n: <\/strong>Compatible con otros servicios de AWS.<\/li>\n<\/ul>\n<p><strong>Beneficios:<\/strong><\/p>\n<ul>\n<li>Flexibilidad y escalabilidad para aplicaciones.<\/li>\n<li>Seguridad y control eficientes.<\/li>\n<\/ul>\n<p>[\/vc_column_text][vc_btn title=&#8221;Conoce m\u00e1s&#8230;&#8221; color=&#8221;blue&#8221; link=&#8221;url:https%3A%2F%2Faws.amazon.com%2Fes%2Fec2%2F||target:%20_blank|&#8221;][\/vc_column_inner][\/vc_row_inner][vc_row_inner][vc_column_inner width=&#8221;1\/4&#8243;][vc_single_image image=&#8221;2249&#8243; img_size=&#8221;full&#8221; alignment=&#8221;center&#8221; el_class=&#8221;m-b-md&#8221;][\/vc_column_inner][vc_column_inner width=&#8221;3\/4&#8243;][vc_custom_heading text=&#8221;Amazon <strong>RDS<\/strong> (Relational Database Service)&#8221; use_theme_fonts=&#8221;yes&#8221; el_class=&#8221;m-b-md&#8221;][vc_column_text]Es un servicio que facilita la configuraci\u00f3n, operaci\u00f3n y escalado de bases de datos relacionales en la nube. Administra bases de datos como Amazon Aurora, MySQL, PostgreSQL, MariaDB, Oracle y SQL Server, manejando tareas operativas como backups, actualizaciones y recuperaci\u00f3n autom\u00e1tica.<\/p>\n<p>Facilita la gesti\u00f3n de bases de datos relacionales en la nube.<\/p>\n<p><strong>Caracter\u00edsticas Clave:<\/strong><\/p>\n<ul>\n<li><strong>Bases de Datos Administradas<\/strong>: Soporte para m\u00faltiples motores (Aurora, MySQL, PostgreSQL, MariaDB, Oracle y SQL Server).<\/li>\n<li><strong>Automatizaci\u00f3n<\/strong>: Backups y actualizaciones autom\u00e1ticas.<\/li>\n<li><strong>Escalabilidad<\/strong>: Ajusta la capacidad f\u00e1cilmente.<\/li>\n<li><strong>Alta Disponibilidad<\/strong>: Replicaci\u00f3n y recuperaci\u00f3n ante desastres.<\/li>\n<li><strong>Seguridad<\/strong>: Cifrado y control de acceso detallado.<\/li>\n<\/ul>\n<p><strong>Beneficios:<\/strong><\/p>\n<ul>\n<li>Reducci\u00f3n de tareas operativas.<\/li>\n<li>Escalabilidad y alta disponibilidad.<\/li>\n<\/ul>\n<p>[\/vc_column_text][vc_btn title=&#8221;Conoce m\u00e1s&#8230;&#8221; color=&#8221;blue&#8221; link=&#8221;url:https%3A%2F%2Faws.amazon.com%2Fes%2Frds%2F||target:%20_blank|&#8221;][\/vc_column_inner][\/vc_row_inner][\/vc_column][\/vc_row][vc_row wrap_container=&#8221;yes&#8221; is_section=&#8221;yes&#8221; section_skin=&#8221;parallax&#8221; remove_margin_top=&#8221;yes&#8221; remove_margin_bottom=&#8221;yes&#8221; css=&#8221;.vc_custom_1513223953873{background-color: #f4f4f4 !important;}&#8221;][vc_column][vc_custom_heading text=&#8221;Conoce m\u00e1s en nuestro <strong>Blog<\/strong>&#8221; font_container=&#8221;tag:h2|text_align:center&#8221; use_theme_fonts=&#8221;yes&#8221;]<div class=\"porto-recent-posts wpb_content_element \">    <div class=\"row\">\r\n        <div class=\"post-carousel porto-carousel owl-carousel\" data-plugin-options=\"{&quot;themeConfig&quot;:true,&quot;lg&quot;:4,&quot;md&quot;:3,&quot;sm&quot;:2}\">\r\n            <div class=\"post-slide\"><div class=\"post-item\">\n    <a href=\"https:\/\/matrixcpmsolutions.com\/es\/ia-generativa-en-retail-experiencias-aws\/\"> <span class=\"post-image thumb-info thumb-info-hide-wrapper-bg m-b-md\"> <span class=\"thumb-info-wrapper\"> <img loading=\"lazy\" decoding=\"async\" class=\"img-responsive\" width=\"450\" height=\"231\" src=\"https:\/\/matrixcpmsolutions.com\/es\/wp-content\/uploads\/2025\/11\/Retail-2-e1762651794621-450x231.png\" alt=\"IA Generativa en Retail\" \/>\n    <span class=\"zoom\" data-src=\"https:\/\/matrixcpmsolutions.com\/es\/wp-content\/uploads\/2025\/11\/Retail-2-e1762651794621.png\" data-title=\"\"><i class=\"fa fa-search\"><\/i><\/span>\n    <\/span> <\/span> <\/a>\n    <div class=\"post-date\">\n            <span class=\"day\">08<\/span>\n        <span class=\"month\">Nov<\/span>\n          <\/div>\n    <h4><a href=\"https:\/\/matrixcpmsolutions.com\/es\/ia-generativa-en-retail-experiencias-aws\/\">\n    IA Generativa en Retail: Experiencias Hiperpersonalizadas con AWS    <\/a><\/h4>\n    <p class=\"post-excerpt\">IA Generativa en Retail: Agentes Aut\u00f3nomos para una Experiencia Hiperpersonalizada\n\nLa inteligencia artificial generativa (GenAI) est\u00e1 revolucionando el sector retail,...  <a class=\"read-more\" href=\"https:\/\/matrixcpmsolutions.com\/es\/ia-generativa-en-retail-experiencias-aws\/\">read more <i class=\"fa fa-angle-right\"><\/i><\/a><\/p> <\/div>\n<\/div><div class=\"post-slide\"><div class=\"post-item\">\n    <a href=\"https:\/\/matrixcpmsolutions.com\/es\/ia-serverless-aws-transformacion-negocios\/\"> <span class=\"post-image thumb-info thumb-info-hide-wrapper-bg m-b-md\"> <span class=\"thumb-info-wrapper\"> <img loading=\"lazy\" decoding=\"async\" class=\"img-responsive\" width=\"450\" height=\"231\" src=\"https:\/\/matrixcpmsolutions.com\/es\/wp-content\/uploads\/2025\/05\/AWS-Cost-Optimization-5--450x231.png\" alt=\"\" \/>\n    <span class=\"zoom\" data-src=\"https:\/\/matrixcpmsolutions.com\/es\/wp-content\/uploads\/2025\/05\/AWS-Cost-Optimization-5-.png\" data-title=\"\"><i class=\"fa fa-search\"><\/i><\/span>\n    <\/span> <\/span> <\/a>\n    <div class=\"post-date\">\n            <span class=\"day\">28<\/span>\n        <span class=\"month\">Oct<\/span>\n          <\/div>\n    <h4><a href=\"https:\/\/matrixcpmsolutions.com\/es\/ia-serverless-aws-transformacion-negocios\/\">\n    Transforma tu negocio con IA Serverless AWS    <\/a><\/h4>\n    <p class=\"post-excerpt\">Transforma Tu Negocio con IA Serverless AWS: Innovaci\u00f3n Sin L\u00edmites\nEn un mundo donde la velocidad, la eficiencia y la...  <a class=\"read-more\" href=\"https:\/\/matrixcpmsolutions.com\/es\/ia-serverless-aws-transformacion-negocios\/\">read more <i class=\"fa fa-angle-right\"><\/i><\/a><\/p> <\/div>\n<\/div><div class=\"post-slide\"><div class=\"post-item\">\n    <a href=\"https:\/\/matrixcpmsolutions.com\/es\/transforma-tus-datos-en-decisiones-inteligentes-con-ia-avanzada\/\"> <span class=\"post-image thumb-info thumb-info-hide-wrapper-bg m-b-md\"> <span class=\"thumb-info-wrapper\"> <img loading=\"lazy\" decoding=\"async\" class=\"img-responsive\" width=\"450\" height=\"231\" src=\"https:\/\/matrixcpmsolutions.com\/es\/wp-content\/uploads\/2025\/05\/Datos-IA-avanzada-3-450x231.jpeg\" alt=\"\" \/>\n    <span class=\"zoom\" data-src=\"https:\/\/matrixcpmsolutions.com\/es\/wp-content\/uploads\/2025\/05\/Datos-IA-avanzada-3.jpeg\" data-title=\"\"><i class=\"fa fa-search\"><\/i><\/span>\n    <\/span> <\/span> <\/a>\n    <div class=\"post-date\">\n            <span class=\"day\">30<\/span>\n        <span class=\"month\">May<\/span>\n          <\/div>\n    <h4><a href=\"https:\/\/matrixcpmsolutions.com\/es\/transforma-tus-datos-en-decisiones-inteligentes-con-ia-avanzada\/\">\n    Transforma tus datos en decisiones inteligentes con IA avanzada    <\/a><\/h4>\n    <p class=\"post-excerpt\">Introducci\u00f3n a la IA avanzada\nEn un entorno empresarial donde los datos crecen exponencialmente, la capacidad de procesarlos en tiempo...  <a class=\"read-more\" href=\"https:\/\/matrixcpmsolutions.com\/es\/transforma-tus-datos-en-decisiones-inteligentes-con-ia-avanzada\/\">read more <i class=\"fa fa-angle-right\"><\/i><\/a><\/p> <\/div>\n<\/div><div class=\"post-slide\"><div class=\"post-item\">\n    <a href=\"https:\/\/matrixcpmsolutions.com\/es\/gestion-automatizada-en-aws-por-que-dejar-atras-el-mantenimiento-on-premise\/\"> <span class=\"post-image thumb-info thumb-info-hide-wrapper-bg m-b-md\"> <span class=\"thumb-info-wrapper\"> <img loading=\"lazy\" decoding=\"async\" class=\"img-responsive\" width=\"450\" height=\"231\" src=\"https:\/\/matrixcpmsolutions.com\/es\/wp-content\/uploads\/2025\/05\/AWS-Automated-Management-2-450x231.jpeg\" alt=\"Gesti\u00f3n Automatizada en AWS\" \/>\n    <span class=\"zoom\" data-src=\"https:\/\/matrixcpmsolutions.com\/es\/wp-content\/uploads\/2025\/05\/AWS-Automated-Management-2.jpeg\" data-title=\"\"><i class=\"fa fa-search\"><\/i><\/span>\n    <\/span> <\/span> <\/a>\n    <div class=\"post-date\">\n            <span class=\"day\">30<\/span>\n        <span class=\"month\">May<\/span>\n          <\/div>\n    <h4><a href=\"https:\/\/matrixcpmsolutions.com\/es\/gestion-automatizada-en-aws-por-que-dejar-atras-el-mantenimiento-on-premise\/\">\n    Gesti\u00f3n Automatizada en AWS: Por qu\u00e9 Dejar Atr\u00e1s el Mantenimiento On-Premise    <\/a><\/h4>\n    <p class=\"post-excerpt\">Introducci\u00f3n a la Gesti\u00f3n Automatizada en AWS\nEn la era digital, elegir entre mantener bases de datos on-premise o migrar...  <a class=\"read-more\" href=\"https:\/\/matrixcpmsolutions.com\/es\/gestion-automatizada-en-aws-por-que-dejar-atras-el-mantenimiento-on-premise\/\">read more <i class=\"fa fa-angle-right\"><\/i><\/a><\/p> <\/div>\n<\/div>        <\/div>\r\n    <\/div>\r\n    <\/div>[\/vc_column][\/vc_row]<\/p>\n","protected":false},"excerpt":{"rendered":"<p>[vc_row css=&#8221;.vc_custom_1527787034577{background-color: #004e9f !important;}&#8221;][vc_column][vc_empty_space height=&#8221;20&#8243;][vc_row_inner][vc_column_inner width=&#8221;1\/6&#8243;][\/vc_column_inner][vc_column_inner width=&#8221;2\/3&#8243;][vc_column_text css_animation=&#8221;zoomIn&#8221;] Optimice su infraestructura con Amazon EC2 y RDS para soluciones flexibles y seguras en la nube. [\/vc_column_text][\/vc_column_inner][vc_column_inner width=&#8221;1\/6&#8243;][\/vc_column_inner][\/vc_row_inner][vc_empty_space height=&#8221;10&#8243;][\/vc_column][\/vc_row][vc_row wrap_container=&#8221;yes&#8221; is_section=&#8221;yes&#8221; remove_margin_top=&#8221;yes&#8221; remove_margin_bottom=&#8221;yes&#8221; remove_padding_bottom=&#8221;yes&#8221;][vc_column][vc_custom_heading text=&#8221;Amazon EC2-RDS&#8221; font_container=&#8221;tag:h2|text_align:center&#8221; use_theme_fonts=&#8221;yes&#8221; el_class=&#8221;m-b-xl&#8221;][vc_column_text] Con los Servicios Matrix-OLA y MAP reduzca costos y aumente la disponibilidad de sus recursos en AWS [\/vc_column_text][vc_row_inner][vc_column_inner [&hellip;]<\/p>\n","protected":false},"author":6,"featured_media":0,"parent":0,"menu_order":0,"comment_status":"closed","ping_status":"closed","template":"","meta":{"footnotes":""},"class_list":["post-2206","page","type-page","status-publish","hentry"],"_links":{"self":[{"href":"https:\/\/matrixcpmsolutions.com\/es\/wp-json\/wp\/v2\/pages\/2206","targetHints":{"allow":["GET"]}}],"collection":[{"href":"https:\/\/matrixcpmsolutions.com\/es\/wp-json\/wp\/v2\/pages"}],"about":[{"href":"https:\/\/matrixcpmsolutions.com\/es\/wp-json\/wp\/v2\/types\/page"}],"author":[{"embeddable":true,"href":"https:\/\/matrixcpmsolutions.com\/es\/wp-json\/wp\/v2\/users\/6"}],"replies":[{"embeddable":true,"href":"https:\/\/matrixcpmsolutions.com\/es\/wp-json\/wp\/v2\/comments?post=2206"}],"version-history":[{"count":8,"href":"https:\/\/matrixcpmsolutions.com\/es\/wp-json\/wp\/v2\/pages\/2206\/revisions"}],"predecessor-version":[{"id":2396,"href":"https:\/\/matrixcpmsolutions.com\/es\/wp-json\/wp\/v2\/pages\/2206\/revisions\/2396"}],"wp:attachment":[{"href":"https:\/\/matrixcpmsolutions.com\/es\/wp-json\/wp\/v2\/media?parent=2206"}],"curies":[{"name":"wp","href":"https:\/\/api.w.org\/{rel}","templated":true}]}}