{"id":2251,"date":"2024-09-04T18:55:36","date_gmt":"2024-09-04T23:55:36","guid":{"rendered":"https:\/\/matrixcpmsolutions.com\/es\/?page_id=2251"},"modified":"2024-10-03T14:43:58","modified_gmt":"2024-10-03T19:43:58","slug":"aws-modernizacion","status":"publish","type":"page","link":"https:\/\/matrixcpmsolutions.com\/es\/aws-modernizacion\/","title":{"rendered":"AWS Modernizaci\u00f3n"},"content":{"rendered":"<p>[vc_row css=&#8221;.vc_custom_1527787034577{background-color: #004e9f !important;}&#8221;][vc_column][vc_empty_space height=&#8221;20&#8243;][vc_row_inner][vc_column_inner width=&#8221;1\/6&#8243;][\/vc_column_inner][vc_column_inner width=&#8221;2\/3&#8243;][vc_column_text css_animation=&#8221;zoomIn&#8221;]<\/p>\n<p style=\"font-size: 20px; text-align: justify; line-height: 150%;\"><span style=\"color: #ffffff;\">En Matrix, entendemos que la modernizaci\u00f3n de su infraestructura tecnol\u00f3gica es clave para el \u00e9xito en el mundo digital actual. Nuestra oferta de modernizaci\u00f3n con AWS est\u00e1 dise\u00f1ada para impulsar su negocio hacia el futuro, optimizando sus operaciones, reduciendo costos, mejorando su eficiencia operativa, incrementando su capacidad de innovaci\u00f3n y asegurando una infraestructura tecnol\u00f3gica robusta y segura.<\/span><\/p>\n<p>[\/vc_column_text][\/vc_column_inner][vc_column_inner width=&#8221;1\/6&#8243;][\/vc_column_inner][\/vc_row_inner][vc_empty_space height=&#8221;10&#8243;][\/vc_column][\/vc_row][vc_row wrap_container=&#8221;yes&#8221; is_section=&#8221;yes&#8221; remove_margin_top=&#8221;yes&#8221; remove_margin_bottom=&#8221;yes&#8221; remove_padding_bottom=&#8221;yes&#8221;][vc_column][vc_row_inner][vc_column_inner width=&#8221;1\/4&#8243;][vc_single_image image=&#8221;2231&#8243; img_size=&#8221;full&#8221; alignment=&#8221;center&#8221; el_class=&#8221;m-b-md&#8221;][\/vc_column_inner][vc_column_inner width=&#8221;3\/4&#8243;][vc_custom_heading text=&#8221;AWS <strong>Modernizaci\u00f3n<\/strong> &#8221; use_theme_fonts=&#8221;yes&#8221; el_class=&#8221;m-b-md&#8221;][vc_column_text]<strong>Transforme su infraestructura con AWS <\/strong>y acelere su crecimiento con la modernizaci\u00f3n en la nube de AWS. Escalabilidad, seguridad y eficiencia a su alcance.<\/p>\n<p>La modernizaci\u00f3n de infraestructura implica actualizar sistemas y tecnolog\u00edas para aprovechar las \u00faltimas soluciones y mejorar el rendimiento, seguridad y eficiencia. Mediante la adopci\u00f3n de tecnolog\u00edas avanzadas y metodolog\u00edas modernas, como las ofrecidas por AWS, puede optimizar costos, aumentar la agilidad y construir una infraestructura m\u00e1s escalable y resiliente, adaptada a las necesidades actuales y futuras de su negocio.<\/p>\n<p><strong>\u00a0<\/strong><\/p>\n<p><strong>Componentes principales<\/strong><\/p>\n<p><strong>1. Evaluaci\u00f3n y Planificaci\u00f3n Personalizada<\/strong><\/p>\n<ul>\n<li style=\"list-style-type: none;\">\n<ul>\n<li>An\u00e1lisis Integral<\/li>\n<li>Plan de Modernizaci\u00f3n<\/li>\n<\/ul>\n<\/li>\n<\/ul>\n<p><strong>2. Migraci\u00f3n Segura y Eficiente<\/strong><\/p>\n<ul>\n<li>Migraci\u00f3n de Datos y Aplicaciones<\/li>\n<li>Optimizaci\u00f3n de Recursos<\/li>\n<\/ul>\n<p><strong>3. Implementaci\u00f3n de Tecnolog\u00edas Avanzadas<\/strong><\/p>\n<ul>\n<li style=\"list-style-type: none;\">\n<ul>\n<li>Adopci\u00f3n de Microservicios, mejorando eficiencia.<\/li>\n<li>Adaptamos sus aplicaciones<\/li>\n<\/ul>\n<\/li>\n<\/ul>\n<p><strong>4. Seguridad y Cumplimiento<\/strong><\/p>\n<ul>\n<li style=\"list-style-type: none;\">\n<ul>\n<li>Protecci\u00f3n Integral. Implementamos las mejores pr\u00e1cticas AWS<\/li>\n<li>Cumplimiento Normativo<\/li>\n<\/ul>\n<\/li>\n<\/ul>\n<p><strong>Beneficios:<\/strong><\/p>\n<ul>\n<li>Escalabilidad y Flexibilidad<\/li>\n<li>Reducci\u00f3n de Costos<\/li>\n<li>Innovaci\u00f3n Continua<\/li>\n<li>Seguridad y Resiliencia<\/li>\n<\/ul>\n<p>De el siguiente paso hacia el futuro de su infraestructura tecnol\u00f3gica con Matrix y AWS. Cont\u00e1ctenos hoy para descubrir c\u00f3mo nuestra oferta de modernizaci\u00f3n puede transformar su negocio.[\/vc_column_text][\/vc_column_inner][\/vc_row_inner][vc_row_inner][vc_column_inner width=&#8221;1\/4&#8243;][vc_single_image image=&#8221;2237&#8243; img_size=&#8221;full&#8221; alignment=&#8221;center&#8221; el_class=&#8221;m-b-md&#8221;][\/vc_column_inner][vc_column_inner width=&#8221;3\/4&#8243;][vc_custom_heading text=&#8221;<strong>Well -Architected<\/strong>&#8221; use_theme_fonts=&#8221;yes&#8221; el_class=&#8221;m-b-md&#8221;][vc_column_text]<strong>Well-Architected<\/strong> transformando una arquitectura tradicional, a una optimizada para c\u00f3mputo en la nube.<\/p>\n<p>AWS Well-Architected es una gu\u00eda de Amazon Web Services (AWS) que establece principios y mejores pr\u00e1cticas para dise\u00f1ar y mantener arquitecturas en la nube seguras, eficientes, resilientes y de alto rendimiento. Implementando este marco, le ayudamos a crear soluciones orientadas a la excelencia operacional, seguras, confiables y optimizadas en costos, utilizando pr\u00e1cticas consistentes y escalables a lo largo de su ciclo de vida.<\/p>\n<p><strong>CINCO PILARES<\/strong><\/p>\n<ol>\n<li><strong>Excelencia Operacional:<\/strong> Mejora la eficiencia y efectividad de sus operaciones diarias.<\/li>\n<li><strong>Seguridad Robusta:<\/strong> Mantiene sus datos seguros y protegidos.<\/li>\n<li><strong>Fiabilidad Consistente:<\/strong> Asegura que sus servicios siempre est\u00e9n disponibles y se recuperen r\u00e1pido de problemas.<\/li>\n<li><strong>Desempe\u00f1o \u00d3ptimo:<\/strong> Optimiza el rendimiento para que sus aplicaciones funcionen al m\u00e1ximo.<\/li>\n<li><strong>Optimizaci\u00f3n de Costos:<\/strong> Reduce gastos y maximiza su inversi\u00f3n en la nube.<\/li>\n<\/ol>\n<p><strong>Componentes clave <\/strong><\/p>\n<p><strong>1. Preguntas de Evaluaci\u00f3n:<\/strong><\/p>\n<ul>\n<li style=\"list-style-type: none;\">\n<ul>\n<li><strong>Preguntas Gu\u00eda: <\/strong>Ayudan a evaluar c\u00f3mo su arquitectura se alinea con las mejores pr\u00e1cticas de cada pilar.<\/li>\n<\/ul>\n<\/li>\n<\/ul>\n<p><strong>2. Recomendaciones y Mejores Pr\u00e1cticas:<\/strong><\/p>\n<ul>\n<li style=\"list-style-type: none;\">\n<ul>\n<li><strong>Gu\u00edas y Directrices: <\/strong>Ofrecen pr\u00e1cticas recomendadas para optimizar y mejorar su arquitectura.<\/li>\n<\/ul>\n<\/li>\n<\/ul>\n<p><strong>3. Revisi\u00f3n del Marco:<\/strong><\/p>\n<ul>\n<li style=\"list-style-type: none;\">\n<ul>\n<li><strong>Evaluaci\u00f3n Continua: <\/strong>Revisa y actualiza peri\u00f3dicamente su arquitectura para mantenerla alineada con las mejores pr\u00e1cticas.<\/li>\n<\/ul>\n<\/li>\n<\/ul>\n<p><strong>4. Documentaci\u00f3n y Herramientas:<\/strong><\/p>\n<ul>\n<li style=\"list-style-type: none;\">\n<ul>\n<li><strong>Plantillas y Herramientas: <\/strong>Proveen recursos para planificar, dise\u00f1ar y evaluar su arquitectura.<\/li>\n<\/ul>\n<\/li>\n<\/ul>\n<p>Estos componentes facilitan la implementaci\u00f3n de arquitecturas en la nube que sean seguras, eficientes y alineadas con las mejores pr\u00e1cticas de AWS.<\/p>\n<p><strong>Beneficios:<\/strong><\/p>\n<ul>\n<li style=\"list-style-type: none;\">\n<ul>\n<li style=\"list-style-type: none;\">\n<ul>\n<li style=\"list-style-type: none;\">\n<ul>\n<li>Evaluaci\u00f3n Estructurada<\/li>\n<li>Mejora Continua<\/li>\n<li>Documentaci\u00f3n y Recursos<\/li>\n<li>Optimizaci\u00f3n de Costos<\/li>\n<\/ul>\n<\/li>\n<\/ul>\n<\/li>\n<\/ul>\n<\/li>\n<\/ul>\n<p>[\/vc_column_text][vc_single_image image=&#8221;2342&#8243; img_size=&#8221;full&#8221; alignment=&#8221;center&#8221;][vc_column_text]El gr\u00e1fico representa los componentes clave que facilitan la implementaci\u00f3n de arquitecturas en la nube, garantizando seguridad, eficiencia y conformidad con las mejores pr\u00e1cticas de AWS.[\/vc_column_text][\/vc_column_inner][\/vc_row_inner][\/vc_column][\/vc_row][vc_row wrap_container=&#8221;yes&#8221; is_section=&#8221;yes&#8221; section_skin=&#8221;parallax&#8221; remove_margin_top=&#8221;yes&#8221; remove_margin_bottom=&#8221;yes&#8221; css=&#8221;.vc_custom_1513223953873{background-color: #f4f4f4 !important;}&#8221;][vc_column][vc_custom_heading text=&#8221;Conoce m\u00e1s en nuestro <strong>Blog<\/strong>&#8221; font_container=&#8221;tag:h2|text_align:center&#8221; use_theme_fonts=&#8221;yes&#8221;]<div class=\"porto-recent-posts wpb_content_element \">    <div class=\"row\">\r\n        <div class=\"post-carousel porto-carousel owl-carousel\" data-plugin-options=\"{&quot;themeConfig&quot;:true,&quot;lg&quot;:4,&quot;md&quot;:3,&quot;sm&quot;:2}\">\r\n            <div class=\"post-slide\"><div class=\"post-item\">\n    <a href=\"https:\/\/matrixcpmsolutions.com\/es\/ia-generativa-en-retail-experiencias-aws\/\"> <span class=\"post-image thumb-info thumb-info-hide-wrapper-bg m-b-md\"> <span class=\"thumb-info-wrapper\"> <img loading=\"lazy\" decoding=\"async\" class=\"img-responsive\" width=\"450\" height=\"231\" src=\"https:\/\/matrixcpmsolutions.com\/es\/wp-content\/uploads\/2025\/11\/Retail-2-e1762651794621-450x231.png\" alt=\"IA Generativa en Retail\" \/>\n    <span class=\"zoom\" data-src=\"https:\/\/matrixcpmsolutions.com\/es\/wp-content\/uploads\/2025\/11\/Retail-2-e1762651794621.png\" data-title=\"\"><i class=\"fa fa-search\"><\/i><\/span>\n    <\/span> <\/span> <\/a>\n    <div class=\"post-date\">\n            <span class=\"day\">08<\/span>\n        <span class=\"month\">Nov<\/span>\n          <\/div>\n    <h4><a href=\"https:\/\/matrixcpmsolutions.com\/es\/ia-generativa-en-retail-experiencias-aws\/\">\n    IA Generativa en Retail: Experiencias Hiperpersonalizadas con AWS    <\/a><\/h4>\n    <p class=\"post-excerpt\">IA Generativa en Retail: Agentes Aut\u00f3nomos para una Experiencia Hiperpersonalizada\n\nLa inteligencia artificial generativa (GenAI) est\u00e1 revolucionando el sector retail,...  <a class=\"read-more\" href=\"https:\/\/matrixcpmsolutions.com\/es\/ia-generativa-en-retail-experiencias-aws\/\">read more <i class=\"fa fa-angle-right\"><\/i><\/a><\/p> <\/div>\n<\/div><div class=\"post-slide\"><div class=\"post-item\">\n    <a href=\"https:\/\/matrixcpmsolutions.com\/es\/ia-serverless-aws-transformacion-negocios\/\"> <span class=\"post-image thumb-info thumb-info-hide-wrapper-bg m-b-md\"> <span class=\"thumb-info-wrapper\"> <img loading=\"lazy\" decoding=\"async\" class=\"img-responsive\" width=\"450\" height=\"231\" src=\"https:\/\/matrixcpmsolutions.com\/es\/wp-content\/uploads\/2025\/05\/AWS-Cost-Optimization-5--450x231.png\" alt=\"\" \/>\n    <span class=\"zoom\" data-src=\"https:\/\/matrixcpmsolutions.com\/es\/wp-content\/uploads\/2025\/05\/AWS-Cost-Optimization-5-.png\" data-title=\"\"><i class=\"fa fa-search\"><\/i><\/span>\n    <\/span> <\/span> <\/a>\n    <div class=\"post-date\">\n            <span class=\"day\">28<\/span>\n        <span class=\"month\">Oct<\/span>\n          <\/div>\n    <h4><a href=\"https:\/\/matrixcpmsolutions.com\/es\/ia-serverless-aws-transformacion-negocios\/\">\n    Transforma tu negocio con IA Serverless AWS    <\/a><\/h4>\n    <p class=\"post-excerpt\">Transforma Tu Negocio con IA Serverless AWS: Innovaci\u00f3n Sin L\u00edmites\nEn un mundo donde la velocidad, la eficiencia y la...  <a class=\"read-more\" href=\"https:\/\/matrixcpmsolutions.com\/es\/ia-serverless-aws-transformacion-negocios\/\">read more <i class=\"fa fa-angle-right\"><\/i><\/a><\/p> <\/div>\n<\/div><div class=\"post-slide\"><div class=\"post-item\">\n    <a href=\"https:\/\/matrixcpmsolutions.com\/es\/transforma-tus-datos-en-decisiones-inteligentes-con-ia-avanzada\/\"> <span class=\"post-image thumb-info thumb-info-hide-wrapper-bg m-b-md\"> <span class=\"thumb-info-wrapper\"> <img loading=\"lazy\" decoding=\"async\" class=\"img-responsive\" width=\"450\" height=\"231\" src=\"https:\/\/matrixcpmsolutions.com\/es\/wp-content\/uploads\/2025\/05\/Datos-IA-avanzada-3-450x231.jpeg\" alt=\"\" \/>\n    <span class=\"zoom\" data-src=\"https:\/\/matrixcpmsolutions.com\/es\/wp-content\/uploads\/2025\/05\/Datos-IA-avanzada-3.jpeg\" data-title=\"\"><i class=\"fa fa-search\"><\/i><\/span>\n    <\/span> <\/span> <\/a>\n    <div class=\"post-date\">\n            <span class=\"day\">30<\/span>\n        <span class=\"month\">May<\/span>\n          <\/div>\n    <h4><a href=\"https:\/\/matrixcpmsolutions.com\/es\/transforma-tus-datos-en-decisiones-inteligentes-con-ia-avanzada\/\">\n    Transforma tus datos en decisiones inteligentes con IA avanzada    <\/a><\/h4>\n    <p class=\"post-excerpt\">Introducci\u00f3n a la IA avanzada\nEn un entorno empresarial donde los datos crecen exponencialmente, la capacidad de procesarlos en tiempo...  <a class=\"read-more\" href=\"https:\/\/matrixcpmsolutions.com\/es\/transforma-tus-datos-en-decisiones-inteligentes-con-ia-avanzada\/\">read more <i class=\"fa fa-angle-right\"><\/i><\/a><\/p> <\/div>\n<\/div><div class=\"post-slide\"><div class=\"post-item\">\n    <a href=\"https:\/\/matrixcpmsolutions.com\/es\/gestion-automatizada-en-aws-por-que-dejar-atras-el-mantenimiento-on-premise\/\"> <span class=\"post-image thumb-info thumb-info-hide-wrapper-bg m-b-md\"> <span class=\"thumb-info-wrapper\"> <img loading=\"lazy\" decoding=\"async\" class=\"img-responsive\" width=\"450\" height=\"231\" src=\"https:\/\/matrixcpmsolutions.com\/es\/wp-content\/uploads\/2025\/05\/AWS-Automated-Management-2-450x231.jpeg\" alt=\"Gesti\u00f3n Automatizada en AWS\" \/>\n    <span class=\"zoom\" data-src=\"https:\/\/matrixcpmsolutions.com\/es\/wp-content\/uploads\/2025\/05\/AWS-Automated-Management-2.jpeg\" data-title=\"\"><i class=\"fa fa-search\"><\/i><\/span>\n    <\/span> <\/span> <\/a>\n    <div class=\"post-date\">\n            <span class=\"day\">30<\/span>\n        <span class=\"month\">May<\/span>\n          <\/div>\n    <h4><a href=\"https:\/\/matrixcpmsolutions.com\/es\/gestion-automatizada-en-aws-por-que-dejar-atras-el-mantenimiento-on-premise\/\">\n    Gesti\u00f3n Automatizada en AWS: Por qu\u00e9 Dejar Atr\u00e1s el Mantenimiento On-Premise    <\/a><\/h4>\n    <p class=\"post-excerpt\">Introducci\u00f3n a la Gesti\u00f3n Automatizada en AWS\nEn la era digital, elegir entre mantener bases de datos on-premise o migrar...  <a class=\"read-more\" href=\"https:\/\/matrixcpmsolutions.com\/es\/gestion-automatizada-en-aws-por-que-dejar-atras-el-mantenimiento-on-premise\/\">read more <i class=\"fa fa-angle-right\"><\/i><\/a><\/p> <\/div>\n<\/div>        <\/div>\r\n    <\/div>\r\n    <\/div>[\/vc_column][\/vc_row][vc_row][vc_column][vc_column_text]<\/p>\n<p>[\/vc_column_text][\/vc_column][\/vc_row]<\/p>\n","protected":false},"excerpt":{"rendered":"<p>[vc_row css=&#8221;.vc_custom_1527787034577{background-color: #004e9f !important;}&#8221;][vc_column][vc_empty_space height=&#8221;20&#8243;][vc_row_inner][vc_column_inner width=&#8221;1\/6&#8243;][\/vc_column_inner][vc_column_inner width=&#8221;2\/3&#8243;][vc_column_text css_animation=&#8221;zoomIn&#8221;] En Matrix, entendemos que la modernizaci\u00f3n de su infraestructura tecnol\u00f3gica es clave para el \u00e9xito en el mundo digital actual. Nuestra oferta de modernizaci\u00f3n con AWS est\u00e1 dise\u00f1ada para impulsar su negocio hacia el futuro, optimizando sus operaciones, reduciendo costos, mejorando su eficiencia operativa, incrementando su capacidad [&hellip;]<\/p>\n","protected":false},"author":6,"featured_media":0,"parent":0,"menu_order":0,"comment_status":"closed","ping_status":"closed","template":"","meta":{"footnotes":""},"class_list":["post-2251","page","type-page","status-publish","hentry"],"_links":{"self":[{"href":"https:\/\/matrixcpmsolutions.com\/es\/wp-json\/wp\/v2\/pages\/2251","targetHints":{"allow":["GET"]}}],"collection":[{"href":"https:\/\/matrixcpmsolutions.com\/es\/wp-json\/wp\/v2\/pages"}],"about":[{"href":"https:\/\/matrixcpmsolutions.com\/es\/wp-json\/wp\/v2\/types\/page"}],"author":[{"embeddable":true,"href":"https:\/\/matrixcpmsolutions.com\/es\/wp-json\/wp\/v2\/users\/6"}],"replies":[{"embeddable":true,"href":"https:\/\/matrixcpmsolutions.com\/es\/wp-json\/wp\/v2\/comments?post=2251"}],"version-history":[{"count":13,"href":"https:\/\/matrixcpmsolutions.com\/es\/wp-json\/wp\/v2\/pages\/2251\/revisions"}],"predecessor-version":[{"id":2420,"href":"https:\/\/matrixcpmsolutions.com\/es\/wp-json\/wp\/v2\/pages\/2251\/revisions\/2420"}],"wp:attachment":[{"href":"https:\/\/matrixcpmsolutions.com\/es\/wp-json\/wp\/v2\/media?parent=2251"}],"curies":[{"name":"wp","href":"https:\/\/api.w.org\/{rel}","templated":true}]}}