{"id":2253,"date":"2024-09-04T18:56:48","date_gmt":"2024-09-04T23:56:48","guid":{"rendered":"https:\/\/matrixcpmsolutions.com\/es\/?page_id=2253"},"modified":"2024-11-14T14:02:48","modified_gmt":"2024-11-14T19:02:48","slug":"aws-managed-services","status":"publish","type":"page","link":"https:\/\/matrixcpmsolutions.com\/es\/aws-managed-services\/","title":{"rendered":"AWS Managed Services"},"content":{"rendered":"<p>[vc_row css=&#8221;.vc_custom_1527787034577{background-color: #004e9f !important;}&#8221;][vc_column][vc_empty_space height=&#8221;20&#8243;][vc_row_inner][vc_column_inner width=&#8221;1\/6&#8243;][\/vc_column_inner][vc_column_inner width=&#8221;2\/3&#8243;][vc_column_text css_animation=&#8221;zoomIn&#8221;]<\/p>\n<p style=\"font-size: 20px; text-align: justify; line-height: 150%;\"><span style=\"color: #ffffff;\">Con <strong>Matrix<\/strong> y <strong>Pentaho Data Integration<\/strong> (PDI), las organizaciones pueden superar los desaf\u00edos de gesti\u00f3n de datos y obtener informaci\u00f3n valiosa para la <strong>toma de decisiones estrat\u00e9gicas<\/strong>, optimizando sus operaciones y acelerando su transici\u00f3n a la nube. Entendemos la importancia de contar con un marco de soporte adecuado que garantice la continuidad de los procesos de informaci\u00f3n de la empresa. Por ello, comprendemos las expectativas del cliente y ofrecemos la <strong>soluci\u00f3n m\u00e1s efectiva<\/strong>.<\/span><\/p>\n<p>[\/vc_column_text][\/vc_column_inner][vc_column_inner width=&#8221;1\/6&#8243;][\/vc_column_inner][\/vc_row_inner][vc_empty_space height=&#8221;10&#8243;][\/vc_column][\/vc_row][vc_row wrap_container=&#8221;yes&#8221; is_section=&#8221;yes&#8221; remove_margin_top=&#8221;yes&#8221; remove_margin_bottom=&#8221;yes&#8221; remove_padding_bottom=&#8221;yes&#8221;][vc_column][vc_custom_heading text=&#8221;AWS <strong>Managed Services<\/strong>&#8221; font_container=&#8221;tag:h2|text_align:center&#8221; use_theme_fonts=&#8221;yes&#8221; el_class=&#8221;m-b-xl&#8221;][vc_column_text]<\/p>\n<h3 style=\"text-align: center;\">Nuestra oferta incluye <strong>cuatro<\/strong> <strong>opciones de servicio<\/strong><\/h3>\n<p>[\/vc_column_text][vc_row_inner][vc_column_inner width=&#8221;1\/2&#8243;][vc_empty_space][vc_single_image image=&#8221;986&#8243; img_size=&#8221;full&#8221; alignment=&#8221;center&#8221; el_class=&#8221;m-b-md&#8221;][\/vc_column_inner][vc_column_inner width=&#8221;1\/2&#8243;][vc_custom_heading text=&#8221;Servicio de <strong>Monitoreo<\/strong>&#8221; use_theme_fonts=&#8221;yes&#8221; el_class=&#8221;m-b-md&#8221;][vc_column_text]Ofrecemos un servicio mensual integral dedicado al monitoreo de la plataforma. Nuestro enfoque principal es mantener la disponibilidad del servicio para el equipo de desarrollo, asegurando que tengan acceso ininterrumpido a las herramientas y recursos que necesitan para un rendimiento \u00f3ptimo.<\/p>\n<ul>\n<li>Disponibilidad Constante<\/li>\n<li>Detecci\u00f3n Temprana de Problemas<\/li>\n<li>Optimizaci\u00f3n del Rendimiento<\/li>\n<\/ul>\n<p>[\/vc_column_text][\/vc_column_inner][\/vc_row_inner][vc_separator][vc_row_inner][vc_column_inner width=&#8221;1\/2&#8243;][vc_custom_heading text=&#8221;Servicio de <strong>Gesti\u00f3n<\/strong> y <strong>Configuraci\u00f3n<\/strong>&#8221; use_theme_fonts=&#8221;yes&#8221; el_class=&#8221;m-b-md&#8221;][vc_column_text]Este servicio bajo demanda abarca una variedad de tareas cr\u00edticas, incluyendo la provisi\u00f3n de usuarios, el despliegue y la programaci\u00f3n de trabajos y transformaciones, entre otros. Dise\u00f1ado para satisfacer sus necesidades espec\u00edficas, este servicio puede estar disponible a trav\u00e9s de un sistema de horas prepagas, ofreci\u00e9ndote flexibilidad y control sobre sus requerimientos de gesti\u00f3n de servicios.<\/p>\n<ul>\n<li>Administraci\u00f3n Personalizada<\/li>\n<li>Configuraci\u00f3n \u00d3ptima<\/li>\n<li>Soporte Especializado<\/li>\n<\/ul>\n<p>[\/vc_column_text][\/vc_column_inner][vc_column_inner width=&#8221;1\/2&#8243;][vc_empty_space][vc_single_image image=&#8221;977&#8243; img_size=&#8221;full&#8221; alignment=&#8221;center&#8221; el_class=&#8221;m-b-md&#8221;][\/vc_column_inner][\/vc_row_inner][vc_separator][vc_row_inner][vc_column_inner width=&#8221;1\/2&#8243;][vc_empty_space][vc_single_image image=&#8221;1001&#8243; img_size=&#8221;full&#8221; alignment=&#8221;center&#8221; el_class=&#8221;m-b-md&#8221;][\/vc_column_inner][vc_column_inner width=&#8221;1\/2&#8243;][vc_custom_heading text=&#8221;Servicio de <strong>Operaci\u00f3n<\/strong>&#8221; use_theme_fonts=&#8221;yes&#8221; el_class=&#8221;m-b-md&#8221;][vc_column_text]Ofrecemos un servicio de tarifa plana espec\u00edficamente enfocado en aspectos operacionales. Esto incluye un monitoreo integral de la ejecuci\u00f3n de trabajos, as\u00ed como la resoluci\u00f3n de problemas de Nivel 1. Nuestros servicios abarcan el reinicio de trabajos, la validaci\u00f3n de datos de resultados, la notificaci\u00f3n a las partes relevantes sobre problemas de datos fuente, entre otros. Nuestro objetivo es asegurar un flujo operativo fluido y abordar problemas menores de manera r\u00e1pida para mantener la integridad y el rendimiento del sistema.<\/p>\n<ul>\n<li>Gesti\u00f3n Eficiente de Operaciones<\/li>\n<li>Resoluci\u00f3n de Incidencias<\/li>\n<li>Mantenimiento Proactivo<\/li>\n<\/ul>\n<p>[\/vc_column_text][\/vc_column_inner][\/vc_row_inner][vc_separator][vc_row_inner][vc_column_inner width=&#8221;1\/2&#8243;][vc_custom_heading text=&#8221;Servicio basado en <strong>C\u00e9lulas<\/strong>&#8221; use_theme_fonts=&#8221;yes&#8221; el_class=&#8221;m-b-md&#8221;][vc_column_text]Nuestro servicio basado en C\u00e9lulas ofrece una administraci\u00f3n y desarrollo integral por terceros, adaptados a casos de uso espec\u00edficos del cliente. Como m\u00ednimo, cada c\u00e9lula est\u00e1 compuesta por un Analista de Negocios (BA) y un Desarrollador ETL, complementados por un Gerente de Proyecto a tiempo parcial. Esta configuraci\u00f3n garantiza un enfoque dedicado a la gesti\u00f3n y desarrollo de sus proyectos.<\/p>\n<ul>\n<li>Equipo Dedicado<\/li>\n<li>Enfoque Integral<\/li>\n<li>Desarrollo \u00c1gil<\/li>\n<\/ul>\n<p>[\/vc_column_text][\/vc_column_inner][vc_column_inner width=&#8221;1\/2&#8243;][vc_empty_space][vc_single_image image=&#8221;983&#8243; img_size=&#8221;full&#8221; alignment=&#8221;center&#8221; el_class=&#8221;m-b-md&#8221;][\/vc_column_inner][\/vc_row_inner][vc_btn title=&#8221;Cont\u00e1ctanos&#8221; color=&#8221;blue&#8221; size=&#8221;lg&#8221; align=&#8221;center&#8221; link=&#8221;url:https%3A%2F%2Faws.amazon.com%2Fmarketplace%2Fpp%2Fprodview-mgr6ano3mdt6g%3Fsr%3D0-6%26ref_%3Dbeagle%26applicationId%3DAWSMPContessa||target:%20_blank|&#8221;][\/vc_column][\/vc_row][vc_row wrap_container=&#8221;yes&#8221; is_section=&#8221;yes&#8221; section_skin=&#8221;parallax&#8221; remove_margin_top=&#8221;yes&#8221; remove_margin_bottom=&#8221;yes&#8221; css=&#8221;.vc_custom_1513223953873{background-color: #f4f4f4 !important;}&#8221;][vc_column][vc_custom_heading text=&#8221;Conoce m\u00e1s en nuestro <strong>Blog<\/strong>&#8221; font_container=&#8221;tag:h2|text_align:center&#8221; use_theme_fonts=&#8221;yes&#8221;]<div class=\"porto-recent-posts wpb_content_element \">    <div class=\"row\">\r\n        <div class=\"post-carousel porto-carousel owl-carousel\" data-plugin-options=\"{&quot;themeConfig&quot;:true,&quot;lg&quot;:4,&quot;md&quot;:3,&quot;sm&quot;:2}\">\r\n            <div class=\"post-slide\"><div class=\"post-item\">\n    <a href=\"https:\/\/matrixcpmsolutions.com\/es\/ia-generativa-en-retail-experiencias-aws\/\"> <span class=\"post-image thumb-info thumb-info-hide-wrapper-bg m-b-md\"> <span class=\"thumb-info-wrapper\"> <img loading=\"lazy\" decoding=\"async\" class=\"img-responsive\" width=\"450\" height=\"231\" src=\"https:\/\/matrixcpmsolutions.com\/es\/wp-content\/uploads\/2025\/11\/Retail-2-e1762651794621-450x231.png\" alt=\"IA Generativa en Retail\" \/>\n    <span class=\"zoom\" data-src=\"https:\/\/matrixcpmsolutions.com\/es\/wp-content\/uploads\/2025\/11\/Retail-2-e1762651794621.png\" data-title=\"\"><i class=\"fa fa-search\"><\/i><\/span>\n    <\/span> <\/span> <\/a>\n    <div class=\"post-date\">\n            <span class=\"day\">08<\/span>\n        <span class=\"month\">Nov<\/span>\n          <\/div>\n    <h4><a href=\"https:\/\/matrixcpmsolutions.com\/es\/ia-generativa-en-retail-experiencias-aws\/\">\n    IA Generativa en Retail: Experiencias Hiperpersonalizadas con AWS    <\/a><\/h4>\n    <p class=\"post-excerpt\">IA Generativa en Retail: Agentes Aut\u00f3nomos para una Experiencia Hiperpersonalizada\n\nLa inteligencia artificial generativa (GenAI) est\u00e1 revolucionando el sector retail,...  <a class=\"read-more\" href=\"https:\/\/matrixcpmsolutions.com\/es\/ia-generativa-en-retail-experiencias-aws\/\">read more <i class=\"fa fa-angle-right\"><\/i><\/a><\/p> <\/div>\n<\/div><div class=\"post-slide\"><div class=\"post-item\">\n    <a href=\"https:\/\/matrixcpmsolutions.com\/es\/ia-serverless-aws-transformacion-negocios\/\"> <span class=\"post-image thumb-info thumb-info-hide-wrapper-bg m-b-md\"> <span class=\"thumb-info-wrapper\"> <img loading=\"lazy\" decoding=\"async\" class=\"img-responsive\" width=\"450\" height=\"231\" src=\"https:\/\/matrixcpmsolutions.com\/es\/wp-content\/uploads\/2025\/05\/AWS-Cost-Optimization-5--450x231.png\" alt=\"\" \/>\n    <span class=\"zoom\" data-src=\"https:\/\/matrixcpmsolutions.com\/es\/wp-content\/uploads\/2025\/05\/AWS-Cost-Optimization-5-.png\" data-title=\"\"><i class=\"fa fa-search\"><\/i><\/span>\n    <\/span> <\/span> <\/a>\n    <div class=\"post-date\">\n            <span class=\"day\">28<\/span>\n        <span class=\"month\">Oct<\/span>\n          <\/div>\n    <h4><a href=\"https:\/\/matrixcpmsolutions.com\/es\/ia-serverless-aws-transformacion-negocios\/\">\n    Transforma tu negocio con IA Serverless AWS    <\/a><\/h4>\n    <p class=\"post-excerpt\">Transforma Tu Negocio con IA Serverless AWS: Innovaci\u00f3n Sin L\u00edmites\nEn un mundo donde la velocidad, la eficiencia y la...  <a class=\"read-more\" href=\"https:\/\/matrixcpmsolutions.com\/es\/ia-serverless-aws-transformacion-negocios\/\">read more <i class=\"fa fa-angle-right\"><\/i><\/a><\/p> <\/div>\n<\/div><div class=\"post-slide\"><div class=\"post-item\">\n    <a href=\"https:\/\/matrixcpmsolutions.com\/es\/transforma-tus-datos-en-decisiones-inteligentes-con-ia-avanzada\/\"> <span class=\"post-image thumb-info thumb-info-hide-wrapper-bg m-b-md\"> <span class=\"thumb-info-wrapper\"> <img loading=\"lazy\" decoding=\"async\" class=\"img-responsive\" width=\"450\" height=\"231\" src=\"https:\/\/matrixcpmsolutions.com\/es\/wp-content\/uploads\/2025\/05\/Datos-IA-avanzada-3-450x231.jpeg\" alt=\"\" \/>\n    <span class=\"zoom\" data-src=\"https:\/\/matrixcpmsolutions.com\/es\/wp-content\/uploads\/2025\/05\/Datos-IA-avanzada-3.jpeg\" data-title=\"\"><i class=\"fa fa-search\"><\/i><\/span>\n    <\/span> <\/span> <\/a>\n    <div class=\"post-date\">\n            <span class=\"day\">30<\/span>\n        <span class=\"month\">May<\/span>\n          <\/div>\n    <h4><a href=\"https:\/\/matrixcpmsolutions.com\/es\/transforma-tus-datos-en-decisiones-inteligentes-con-ia-avanzada\/\">\n    Transforma tus datos en decisiones inteligentes con IA avanzada    <\/a><\/h4>\n    <p class=\"post-excerpt\">Introducci\u00f3n a la IA avanzada\nEn un entorno empresarial donde los datos crecen exponencialmente, la capacidad de procesarlos en tiempo...  <a class=\"read-more\" href=\"https:\/\/matrixcpmsolutions.com\/es\/transforma-tus-datos-en-decisiones-inteligentes-con-ia-avanzada\/\">read more <i class=\"fa fa-angle-right\"><\/i><\/a><\/p> <\/div>\n<\/div><div class=\"post-slide\"><div class=\"post-item\">\n    <a href=\"https:\/\/matrixcpmsolutions.com\/es\/gestion-automatizada-en-aws-por-que-dejar-atras-el-mantenimiento-on-premise\/\"> <span class=\"post-image thumb-info thumb-info-hide-wrapper-bg m-b-md\"> <span class=\"thumb-info-wrapper\"> <img loading=\"lazy\" decoding=\"async\" class=\"img-responsive\" width=\"450\" height=\"231\" src=\"https:\/\/matrixcpmsolutions.com\/es\/wp-content\/uploads\/2025\/05\/AWS-Automated-Management-2-450x231.jpeg\" alt=\"Gesti\u00f3n Automatizada en AWS\" \/>\n    <span class=\"zoom\" data-src=\"https:\/\/matrixcpmsolutions.com\/es\/wp-content\/uploads\/2025\/05\/AWS-Automated-Management-2.jpeg\" data-title=\"\"><i class=\"fa fa-search\"><\/i><\/span>\n    <\/span> <\/span> <\/a>\n    <div class=\"post-date\">\n            <span class=\"day\">30<\/span>\n        <span class=\"month\">May<\/span>\n          <\/div>\n    <h4><a href=\"https:\/\/matrixcpmsolutions.com\/es\/gestion-automatizada-en-aws-por-que-dejar-atras-el-mantenimiento-on-premise\/\">\n    Gesti\u00f3n Automatizada en AWS: Por qu\u00e9 Dejar Atr\u00e1s el Mantenimiento On-Premise    <\/a><\/h4>\n    <p class=\"post-excerpt\">Introducci\u00f3n a la Gesti\u00f3n Automatizada en AWS\nEn la era digital, elegir entre mantener bases de datos on-premise o migrar...  <a class=\"read-more\" href=\"https:\/\/matrixcpmsolutions.com\/es\/gestion-automatizada-en-aws-por-que-dejar-atras-el-mantenimiento-on-premise\/\">read more <i class=\"fa fa-angle-right\"><\/i><\/a><\/p> <\/div>\n<\/div>        <\/div>\r\n    <\/div>\r\n    <\/div>[\/vc_column][\/vc_row]<\/p>\n","protected":false},"excerpt":{"rendered":"<p>[vc_row css=&#8221;.vc_custom_1527787034577{background-color: #004e9f !important;}&#8221;][vc_column][vc_empty_space height=&#8221;20&#8243;][vc_row_inner][vc_column_inner width=&#8221;1\/6&#8243;][\/vc_column_inner][vc_column_inner width=&#8221;2\/3&#8243;][vc_column_text css_animation=&#8221;zoomIn&#8221;] Con Matrix y Pentaho Data Integration (PDI), las organizaciones pueden superar los desaf\u00edos de gesti\u00f3n de datos y obtener informaci\u00f3n valiosa para la toma de decisiones estrat\u00e9gicas, optimizando sus operaciones y acelerando su transici\u00f3n a la nube. Entendemos la importancia de contar con un marco de soporte [&hellip;]<\/p>\n","protected":false},"author":6,"featured_media":0,"parent":0,"menu_order":0,"comment_status":"closed","ping_status":"closed","template":"","meta":{"footnotes":""},"class_list":["post-2253","page","type-page","status-publish","hentry"],"_links":{"self":[{"href":"https:\/\/matrixcpmsolutions.com\/es\/wp-json\/wp\/v2\/pages\/2253","targetHints":{"allow":["GET"]}}],"collection":[{"href":"https:\/\/matrixcpmsolutions.com\/es\/wp-json\/wp\/v2\/pages"}],"about":[{"href":"https:\/\/matrixcpmsolutions.com\/es\/wp-json\/wp\/v2\/types\/page"}],"author":[{"embeddable":true,"href":"https:\/\/matrixcpmsolutions.com\/es\/wp-json\/wp\/v2\/users\/6"}],"replies":[{"embeddable":true,"href":"https:\/\/matrixcpmsolutions.com\/es\/wp-json\/wp\/v2\/comments?post=2253"}],"version-history":[{"count":10,"href":"https:\/\/matrixcpmsolutions.com\/es\/wp-json\/wp\/v2\/pages\/2253\/revisions"}],"predecessor-version":[{"id":2527,"href":"https:\/\/matrixcpmsolutions.com\/es\/wp-json\/wp\/v2\/pages\/2253\/revisions\/2527"}],"wp:attachment":[{"href":"https:\/\/matrixcpmsolutions.com\/es\/wp-json\/wp\/v2\/media?parent=2253"}],"curies":[{"name":"wp","href":"https:\/\/api.w.org\/{rel}","templated":true}]}}