{"id":2284,"date":"2024-09-04T21:37:46","date_gmt":"2024-09-05T02:37:46","guid":{"rendered":"https:\/\/matrixcpmsolutions.com\/es\/?page_id=2284"},"modified":"2024-10-02T17:15:16","modified_gmt":"2024-10-02T22:15:16","slug":"ciencia-de-datos-en-accion","status":"publish","type":"page","link":"https:\/\/matrixcpmsolutions.com\/es\/ciencia-de-datos-en-accion\/","title":{"rendered":"Ciencia de Datos en Acci\u00f3n"},"content":{"rendered":"<p>[vc_row css=&#8221;.vc_custom_1527787034577{background-color: #004e9f !important;}&#8221;][vc_column][vc_empty_space height=&#8221;20&#8243;][vc_row_inner][vc_column_inner width=&#8221;1\/6&#8243;][\/vc_column_inner][vc_column_inner width=&#8221;2\/3&#8243;][vc_column_text css_animation=&#8221;zoomIn&#8221;]<\/p>\n<p style=\"font-size: 20px; text-align: justify; line-height: 150%;\"><span style=\"color: #ffffff;\">En <strong>Matrix<\/strong>, desarrollamos soluciones de Ciencia de datos efectivas para resolver problemas reales y obtener informaci\u00f3n valiosa a partir de los datos. Desde soluciones tradicionales de <strong>Machine Learning (ML)<\/strong> y <strong>Deep Learning (DL)<\/strong> hasta soluciones m\u00e1s recientes de <strong>Inteligencia Artificial Generativa<\/strong><\/span><\/p>\n<p>[\/vc_column_text][\/vc_column_inner][vc_column_inner width=&#8221;1\/6&#8243;][\/vc_column_inner][\/vc_row_inner][vc_empty_space height=&#8221;10&#8243;][\/vc_column][\/vc_row][vc_row wrap_container=&#8221;yes&#8221; is_section=&#8221;yes&#8221; remove_margin_top=&#8221;yes&#8221; remove_margin_bottom=&#8221;yes&#8221; remove_padding_bottom=&#8221;yes&#8221;][vc_column][vc_custom_heading text=&#8221;<strong>Ciencia de Datos<\/strong> en Acci\u00f3n&#8221; font_container=&#8221;tag:h2|text_align:center&#8221; use_theme_fonts=&#8221;yes&#8221; el_class=&#8221;m-b-xl&#8221;][vc_column_text]En <strong>Matrix<\/strong> hemos trabajado en m\u00e1s de 150 proyectos, muchos de los cuales incluyen requisitos de Ciencia de Datos, que pueden variar desde soluciones tradicionales de <strong>Aprendizaje de M\u00e1quinas (ML)<\/strong> y <strong>Aprendizaje Profundo (DL)<\/strong> hasta soluciones m\u00e1s modernas de <strong>Inteligencia Artificial Generativa (GAI)<\/strong> incluidas en nuestro portafolio. La metodolog\u00eda de proyecto que implementamos sigue nuestra propia versi\u00f3n de <strong>CRISP-DM<\/strong>, que ha evolucionado junto con las t\u00e9cnicas en el campo. Aseguramos la comprensi\u00f3n del problema, preparaci\u00f3n de datos, creaci\u00f3n y despliegue de modelos, junto con una validaci\u00f3n de calidad incorporada mediante procedimientos estandarizados. Nuestros casos de uso incluyen algoritmos supervisados y no supervisados, clasificaci\u00f3n de im\u00e1genes y sistemas de reconocimiento y clasificaci\u00f3n de objetos, Procesamiento del <strong>Lenguaje Natural (NLP)<\/strong> y t\u00e9cnicas de ML en grafos.<\/p>\n<p>Obtener el mejor modelo para cualquier problema requiere una comprensi\u00f3n exhaustiva de la naturaleza de los datos subyacentes, considerando posibles correcciones relacionadas con sesgos cuando sea aplicable y abordando cuestiones de interpretabilidad. En Matrix, seguimos una metodolog\u00eda de Auto-ML para garantizar la selecci\u00f3n \u00f3ptima y utilizamos procedimientos de correcci\u00f3n de sesgos para ajustar los resultados estimados. Tambi\u00e9n aplicamos diversas t\u00e9cnicas de importancia de variables y explicabilidad, como<strong> SHAP<\/strong> o <strong>LIME<\/strong>, para entender la relevancia de diferentes atributos en los resultados del modelo.<\/p>\n<p>A diferencia de la<strong> IA<\/strong> tradicional, que est\u00e1 dise\u00f1ada para reconocer patrones o hacer predicciones, la IA generativa produce salidas originales basadas en los datos en los que ha sido entrenada. Nuestras aplicaciones incluyen chatbots personalizados, sistemas RAG para consultas inteligentes de documentos y embeddings de texto basados en <strong>LLMs<\/strong> para diferentes casos de uso.[\/vc_column_text][vc_single_image image=&#8221;2165&#8243; img_size=&#8221;full&#8221; alignment=&#8221;center&#8221;][vc_column_text]Nuestros <strong>asistentes virtuales<\/strong> impulsados por<strong> IA<\/strong> o chatbots personalizados est\u00e1n dise\u00f1ados para comprender y responder a requisitos espec\u00edficos de los usuarios, los cuales integramos con bases de datos, flujos de trabajo o elementos de marca. Est\u00e1n programados para manejar consultas \u00fanicas, automatizar procesos y proporcionar interacciones personalizadas, convirti\u00e9ndolos en herramientas valiosas para mejorar el servicio al cliente, optimizar operaciones y captar a los usuarios de una manera m\u00e1s significativa.<\/p>\n<p>Los <strong>modelos de Recuperaci\u00f3n-Aumentada por Generaci\u00f3n (RAG)<\/strong> combinan las fortalezas de los sistemas basados en recuperaci\u00f3n y la <strong>IA<\/strong> generativa para mejorar la precisi\u00f3n y relevancia del contenido generado. En un modelo RAG, la primera etapa recupera informaci\u00f3n relevante de una base de datos o fuente de conocimiento grande, como una colecci\u00f3n de documentos, utilizando embeddings basados en la consulta del usuario. Luego, una t\u00e9cnica generativa produce una respuesta que incorpora los datos recuperados. Este enfoque asegura informaci\u00f3n precisa y actualizada, haciendo que los modelos RAG sean especialmente \u00fatiles para tareas que requieren respuestas precisas e informadas.<\/p>\n<p>Los embeddings basados en <strong>Modelos de Lenguaje de Gran Escala (LLMs)<\/strong> son t\u00e9cnicas que convierten palabras, oraciones o documentos en vectores num\u00e9ricos densos que capturan sus significados en un espacio multidimensional. Los LLMs aprenden estos embeddings al entender las relaciones y el contexto dentro de grandes cantidades de datos textuales. Los vectores resultantes representan similitudes sem\u00e1nticas, lo que significa que palabras o conceptos similares se ubican m\u00e1s cerca en este espacio. Estos embeddings son cruciales para tareas como b\u00fasqueda, agrupamiento y sistemas de recomendaci\u00f3n, ya que permiten a las m\u00e1quinas procesar y comparar informaci\u00f3n textual de una manera que refleja la comprensi\u00f3n humana.[\/vc_column_text][vc_btn title=&#8221;Cont\u00e1ctanos&#8221; color=&#8221;blue&#8221; size=&#8221;lg&#8221; align=&#8221;center&#8221; link=&#8221;url:https%3A%2F%2Fmatrixcpmsolutions.com%2Fes%2Fcontactenos%2F|||&#8221;][\/vc_column][\/vc_row][vc_row wrap_container=&#8221;yes&#8221; is_section=&#8221;yes&#8221; section_skin=&#8221;parallax&#8221; remove_margin_top=&#8221;yes&#8221; remove_margin_bottom=&#8221;yes&#8221; css=&#8221;.vc_custom_1513223953873{background-color: #f4f4f4 !important;}&#8221;][vc_column][vc_custom_heading text=&#8221;Conoce m\u00e1s en nuestro <strong>Blog<\/strong>&#8221; font_container=&#8221;tag:h2|text_align:center&#8221; use_theme_fonts=&#8221;yes&#8221;]<div class=\"porto-recent-posts wpb_content_element \">    <div class=\"row\">\r\n        <div class=\"post-carousel porto-carousel owl-carousel\" data-plugin-options=\"{&quot;themeConfig&quot;:true,&quot;lg&quot;:4,&quot;md&quot;:3,&quot;sm&quot;:2}\">\r\n            <div class=\"post-slide\"><div class=\"post-item\">\n    <a href=\"https:\/\/matrixcpmsolutions.com\/es\/ia-generativa-en-retail-experiencias-aws\/\"> <span class=\"post-image thumb-info thumb-info-hide-wrapper-bg m-b-md\"> <span class=\"thumb-info-wrapper\"> <img loading=\"lazy\" decoding=\"async\" class=\"img-responsive\" width=\"450\" height=\"231\" src=\"https:\/\/matrixcpmsolutions.com\/es\/wp-content\/uploads\/2025\/11\/Retail-2-e1762651794621-450x231.png\" alt=\"IA Generativa en Retail\" \/>\n    <span class=\"zoom\" data-src=\"https:\/\/matrixcpmsolutions.com\/es\/wp-content\/uploads\/2025\/11\/Retail-2-e1762651794621.png\" data-title=\"\"><i class=\"fa fa-search\"><\/i><\/span>\n    <\/span> <\/span> <\/a>\n    <div class=\"post-date\">\n            <span class=\"day\">08<\/span>\n        <span class=\"month\">Nov<\/span>\n          <\/div>\n    <h4><a href=\"https:\/\/matrixcpmsolutions.com\/es\/ia-generativa-en-retail-experiencias-aws\/\">\n    IA Generativa en Retail: Experiencias Hiperpersonalizadas con AWS    <\/a><\/h4>\n    <p class=\"post-excerpt\">IA Generativa en Retail: Agentes Aut\u00f3nomos para una Experiencia Hiperpersonalizada\n\nLa inteligencia artificial generativa (GenAI) est\u00e1 revolucionando el sector retail,...  <a class=\"read-more\" href=\"https:\/\/matrixcpmsolutions.com\/es\/ia-generativa-en-retail-experiencias-aws\/\">read more <i class=\"fa fa-angle-right\"><\/i><\/a><\/p> <\/div>\n<\/div><div class=\"post-slide\"><div class=\"post-item\">\n    <a href=\"https:\/\/matrixcpmsolutions.com\/es\/ia-serverless-aws-transformacion-negocios\/\"> <span class=\"post-image thumb-info thumb-info-hide-wrapper-bg m-b-md\"> <span class=\"thumb-info-wrapper\"> <img loading=\"lazy\" decoding=\"async\" class=\"img-responsive\" width=\"450\" height=\"231\" src=\"https:\/\/matrixcpmsolutions.com\/es\/wp-content\/uploads\/2025\/05\/AWS-Cost-Optimization-5--450x231.png\" alt=\"\" \/>\n    <span class=\"zoom\" data-src=\"https:\/\/matrixcpmsolutions.com\/es\/wp-content\/uploads\/2025\/05\/AWS-Cost-Optimization-5-.png\" data-title=\"\"><i class=\"fa fa-search\"><\/i><\/span>\n    <\/span> <\/span> <\/a>\n    <div class=\"post-date\">\n            <span class=\"day\">28<\/span>\n        <span class=\"month\">Oct<\/span>\n          <\/div>\n    <h4><a href=\"https:\/\/matrixcpmsolutions.com\/es\/ia-serverless-aws-transformacion-negocios\/\">\n    Transforma tu negocio con IA Serverless AWS    <\/a><\/h4>\n    <p class=\"post-excerpt\">Transforma Tu Negocio con IA Serverless AWS: Innovaci\u00f3n Sin L\u00edmites\nEn un mundo donde la velocidad, la eficiencia y la...  <a class=\"read-more\" href=\"https:\/\/matrixcpmsolutions.com\/es\/ia-serverless-aws-transformacion-negocios\/\">read more <i class=\"fa fa-angle-right\"><\/i><\/a><\/p> <\/div>\n<\/div><div class=\"post-slide\"><div class=\"post-item\">\n    <a href=\"https:\/\/matrixcpmsolutions.com\/es\/transforma-tus-datos-en-decisiones-inteligentes-con-ia-avanzada\/\"> <span class=\"post-image thumb-info thumb-info-hide-wrapper-bg m-b-md\"> <span class=\"thumb-info-wrapper\"> <img loading=\"lazy\" decoding=\"async\" class=\"img-responsive\" width=\"450\" height=\"231\" src=\"https:\/\/matrixcpmsolutions.com\/es\/wp-content\/uploads\/2025\/05\/Datos-IA-avanzada-3-450x231.jpeg\" alt=\"\" \/>\n    <span class=\"zoom\" data-src=\"https:\/\/matrixcpmsolutions.com\/es\/wp-content\/uploads\/2025\/05\/Datos-IA-avanzada-3.jpeg\" data-title=\"\"><i class=\"fa fa-search\"><\/i><\/span>\n    <\/span> <\/span> <\/a>\n    <div class=\"post-date\">\n            <span class=\"day\">30<\/span>\n        <span class=\"month\">May<\/span>\n          <\/div>\n    <h4><a href=\"https:\/\/matrixcpmsolutions.com\/es\/transforma-tus-datos-en-decisiones-inteligentes-con-ia-avanzada\/\">\n    Transforma tus datos en decisiones inteligentes con IA avanzada    <\/a><\/h4>\n    <p class=\"post-excerpt\">Introducci\u00f3n a la IA avanzada\nEn un entorno empresarial donde los datos crecen exponencialmente, la capacidad de procesarlos en tiempo...  <a class=\"read-more\" href=\"https:\/\/matrixcpmsolutions.com\/es\/transforma-tus-datos-en-decisiones-inteligentes-con-ia-avanzada\/\">read more <i class=\"fa fa-angle-right\"><\/i><\/a><\/p> <\/div>\n<\/div><div class=\"post-slide\"><div class=\"post-item\">\n    <a href=\"https:\/\/matrixcpmsolutions.com\/es\/gestion-automatizada-en-aws-por-que-dejar-atras-el-mantenimiento-on-premise\/\"> <span class=\"post-image thumb-info thumb-info-hide-wrapper-bg m-b-md\"> <span class=\"thumb-info-wrapper\"> <img loading=\"lazy\" decoding=\"async\" class=\"img-responsive\" width=\"450\" height=\"231\" src=\"https:\/\/matrixcpmsolutions.com\/es\/wp-content\/uploads\/2025\/05\/AWS-Automated-Management-2-450x231.jpeg\" alt=\"Gesti\u00f3n Automatizada en AWS\" \/>\n    <span class=\"zoom\" data-src=\"https:\/\/matrixcpmsolutions.com\/es\/wp-content\/uploads\/2025\/05\/AWS-Automated-Management-2.jpeg\" data-title=\"\"><i class=\"fa fa-search\"><\/i><\/span>\n    <\/span> <\/span> <\/a>\n    <div class=\"post-date\">\n            <span class=\"day\">30<\/span>\n        <span class=\"month\">May<\/span>\n          <\/div>\n    <h4><a href=\"https:\/\/matrixcpmsolutions.com\/es\/gestion-automatizada-en-aws-por-que-dejar-atras-el-mantenimiento-on-premise\/\">\n    Gesti\u00f3n Automatizada en AWS: Por qu\u00e9 Dejar Atr\u00e1s el Mantenimiento On-Premise    <\/a><\/h4>\n    <p class=\"post-excerpt\">Introducci\u00f3n a la Gesti\u00f3n Automatizada en AWS\nEn la era digital, elegir entre mantener bases de datos on-premise o migrar...  <a class=\"read-more\" href=\"https:\/\/matrixcpmsolutions.com\/es\/gestion-automatizada-en-aws-por-que-dejar-atras-el-mantenimiento-on-premise\/\">read more <i class=\"fa fa-angle-right\"><\/i><\/a><\/p> <\/div>\n<\/div>        <\/div>\r\n    <\/div>\r\n    <\/div>[\/vc_column][\/vc_row]<\/p>\n","protected":false},"excerpt":{"rendered":"<p>[vc_row css=&#8221;.vc_custom_1527787034577{background-color: #004e9f !important;}&#8221;][vc_column][vc_empty_space height=&#8221;20&#8243;][vc_row_inner][vc_column_inner width=&#8221;1\/6&#8243;][\/vc_column_inner][vc_column_inner width=&#8221;2\/3&#8243;][vc_column_text css_animation=&#8221;zoomIn&#8221;] En Matrix, desarrollamos soluciones de Ciencia de datos efectivas para resolver problemas reales y obtener informaci\u00f3n valiosa a partir de los datos. Desde soluciones tradicionales de Machine Learning (ML) y Deep Learning (DL) hasta soluciones m\u00e1s recientes de Inteligencia Artificial Generativa [\/vc_column_text][\/vc_column_inner][vc_column_inner width=&#8221;1\/6&#8243;][\/vc_column_inner][\/vc_row_inner][vc_empty_space height=&#8221;10&#8243;][\/vc_column][\/vc_row][vc_row wrap_container=&#8221;yes&#8221; is_section=&#8221;yes&#8221; remove_margin_top=&#8221;yes&#8221; [&hellip;]<\/p>\n","protected":false},"author":6,"featured_media":0,"parent":0,"menu_order":0,"comment_status":"closed","ping_status":"closed","template":"","meta":{"footnotes":""},"class_list":["post-2284","page","type-page","status-publish","hentry"],"_links":{"self":[{"href":"https:\/\/matrixcpmsolutions.com\/es\/wp-json\/wp\/v2\/pages\/2284","targetHints":{"allow":["GET"]}}],"collection":[{"href":"https:\/\/matrixcpmsolutions.com\/es\/wp-json\/wp\/v2\/pages"}],"about":[{"href":"https:\/\/matrixcpmsolutions.com\/es\/wp-json\/wp\/v2\/types\/page"}],"author":[{"embeddable":true,"href":"https:\/\/matrixcpmsolutions.com\/es\/wp-json\/wp\/v2\/users\/6"}],"replies":[{"embeddable":true,"href":"https:\/\/matrixcpmsolutions.com\/es\/wp-json\/wp\/v2\/comments?post=2284"}],"version-history":[{"count":8,"href":"https:\/\/matrixcpmsolutions.com\/es\/wp-json\/wp\/v2\/pages\/2284\/revisions"}],"predecessor-version":[{"id":2364,"href":"https:\/\/matrixcpmsolutions.com\/es\/wp-json\/wp\/v2\/pages\/2284\/revisions\/2364"}],"wp:attachment":[{"href":"https:\/\/matrixcpmsolutions.com\/es\/wp-json\/wp\/v2\/media?parent=2284"}],"curies":[{"name":"wp","href":"https:\/\/api.w.org\/{rel}","templated":true}]}}