{"id":2295,"date":"2024-09-09T17:24:37","date_gmt":"2024-09-09T22:24:37","guid":{"rendered":"https:\/\/matrixcpmsolutions.com\/es\/?page_id=2295"},"modified":"2024-10-04T12:54:14","modified_gmt":"2024-10-04T17:54:14","slug":"gobernanza-de-datos","status":"publish","type":"page","link":"https:\/\/matrixcpmsolutions.com\/es\/gobernanza-de-datos\/","title":{"rendered":"Gobernanza de Datos, transformaci\u00f3n digital y crecimiento organizacional"},"content":{"rendered":"<p>[vc_row css=&#8221;.vc_custom_1527787034577{background-color: #004e9f !important;}&#8221;][vc_column][vc_empty_space height=&#8221;20&#8243;][vc_row_inner][vc_column_inner width=&#8221;1\/6&#8243;][\/vc_column_inner][vc_column_inner width=&#8221;2\/3&#8243;][vc_column_text css_animation=&#8221;zoomIn&#8221;]<\/p>\n<p style=\"font-size: 20px; text-align: justify; line-height: 150%;\"><span style=\"color: #ffffff;\">Nuestra consultor\u00eda especializada, enfocada en la metodolog\u00eda <strong>DAMA (Data Management Association)<\/strong>, facilita la implementaci\u00f3n de un modelo de <strong>Gobierno de Datos<\/strong> que maximiza su valor, mitiga riesgos y garantiza que la informaci\u00f3n se utilice de manera \u00e9tica y eficiente dentro de la organizaci\u00f3n.<\/span><\/p>\n<p>[\/vc_column_text][\/vc_column_inner][vc_column_inner width=&#8221;1\/6&#8243;][\/vc_column_inner][\/vc_row_inner][vc_empty_space height=&#8221;10&#8243;][\/vc_column][\/vc_row][vc_row wrap_container=&#8221;yes&#8221; is_section=&#8221;yes&#8221; remove_margin_top=&#8221;yes&#8221; remove_margin_bottom=&#8221;yes&#8221; remove_padding_bottom=&#8221;yes&#8221;][vc_column][vc_custom_heading text=&#8221;<strong>Gobernanza de Datos<\/strong>, <strong>transformaci\u00f3n digital<\/strong> y <strong>crecimiento organizacional<\/strong>&#8221; font_container=&#8221;tag:h2|text_align:center&#8221; use_theme_fonts=&#8221;yes&#8221; el_class=&#8221;m-b-xl&#8221;][vc_column_text]Actualmente es innegable el valor de la transformaci\u00f3n digital en el desarrollo y crecimiento empresarial; sin embargo, Gartner estima que en el 2025 el 80% de las empresas fracasar\u00e1n al intentar escalar su negocio digital, por no adoptar un enfoque moderno en el an\u00e1lisis y gobernanza de sus datos. Matrix ofrece consultor\u00eda especializada en el dise\u00f1o e implementaci\u00f3n de su modelo de gobierno de datos, basado en <strong>DAMA (Data Management Association)<\/strong> y acompa\u00f1amiento en el desarrollo de una cultura organizacional basada en datos.<\/p>\n<p>Implemente un modelo de gobierno de datos, enfocado en la consistencia, accesibilidad, seguridad, calidad y an\u00e1lisis de la informaci\u00f3n para asegurar el logro de los objetivos de su negocio.[\/vc_column_text][vc_single_image image=&#8221;2296&#8243; img_size=&#8221;full&#8221; alignment=&#8221;center&#8221;][vc_column_text]<\/p>\n<ul>\n<li>Ventajas:\n<ul>\n<li><strong>Orientaci\u00f3n a los resultados de negocio<\/strong>:<br \/>\nLas estrategias de gobierno de datos se alinean directamente con los objetivos del negocio, asegurando que la gesti\u00f3n de datos contribuya al crecimiento y \u00e9xito de la empresa.<\/li>\n<li><strong>Constituci\u00f3n de pol\u00edticas, lineamientos y estandarizaci\u00f3n de datos<\/strong>:<br \/>\nImplementaci\u00f3n de est\u00e1ndares y pol\u00edticas que aseguran que los datos sean consistentes y accesibles a trav\u00e9s de la organizaci\u00f3n. Con datos precisos y bien gestionados, las empresas pueden tomar mejores decisiones, lo que lleva a una mayor eficiencia y competitividad.<\/li>\n<li><strong>Seguridad y cumplimiento normativo:<\/strong><br \/>\nOrientaci\u00f3n y \u00e9nfasis de que los datos cumplen con las regulaciones y pol\u00edticas internas y externas, protegiendo as\u00ed a la empresa de riesgos legales y reputacionales. Un gobierno de datos robusto ayuda a identificar y gestionar riesgos relacionados con el manejo de la informaci\u00f3n, desde violaciones de seguridad hasta incumplimientos regulatorios.<\/li>\n<li><strong>Tecnolog\u00edas avanzadas:<\/strong><br \/>\nUso de herramientas y plataformas de vanguardia que facilitan la recolecci\u00f3n, limpieza, almacenamiento y distribuci\u00f3n de datos de manera eficiente como: IBM InfoSphere Information Governance Catalog, Azure Purview y AWS Glue Data Catalog con otros servicios de AWS. Plataformas completas que abarcan catalogaci\u00f3n de datos, linaje, calidad, y cumplimiento normativo.<\/li>\n<li><strong>Mejor relaci\u00f3n con los clientes y reputaci\u00f3n:<\/strong><br \/>\nAl asegurar la calidad y protecci\u00f3n de los datos, nuestros clientes pueden ofrecer servicios de alta calidad, incrementando la satisfacci\u00f3n y lealtad de sus usuarios. Esto fortalece su reputaci\u00f3n en el mercado, y aumenta su competitividad.<\/li>\n<li><strong>Desarrollo de una cultura basada en datos:<\/strong><br \/>\nFacilitamos la transformaci\u00f3n cultural hacia una mentalidad orientada a los datos, proporcionando formaci\u00f3n, herramientas y recursos que empoderan a los empleados a utilizar los datos como un activo estrat\u00e9gico.<\/li>\n<\/ul>\n<\/li>\n<\/ul>\n<p>[\/vc_column_text][vc_btn title=&#8221;Cont\u00e1ctanos&#8221; color=&#8221;blue&#8221; size=&#8221;lg&#8221; align=&#8221;center&#8221; link=&#8221;url:https%3A%2F%2Fmatrixcpmsolutions.com%2Fes%2Fcontactenos%2F|||&#8221;][\/vc_column][\/vc_row][vc_row wrap_container=&#8221;yes&#8221; is_section=&#8221;yes&#8221; section_skin=&#8221;parallax&#8221; remove_margin_top=&#8221;yes&#8221; remove_margin_bottom=&#8221;yes&#8221; css=&#8221;.vc_custom_1513223953873{background-color: #f4f4f4 !important;}&#8221;][vc_column][vc_custom_heading text=&#8221;Conoce m\u00e1s en nuestro <strong>Blog<\/strong>&#8221; font_container=&#8221;tag:h2|text_align:center&#8221; use_theme_fonts=&#8221;yes&#8221;]<div class=\"porto-recent-posts wpb_content_element \">    <div class=\"row\">\r\n        <div class=\"post-carousel porto-carousel owl-carousel\" data-plugin-options=\"{&quot;themeConfig&quot;:true,&quot;lg&quot;:4,&quot;md&quot;:3,&quot;sm&quot;:2}\">\r\n            <div class=\"post-slide\"><div class=\"post-item\">\n    <a href=\"https:\/\/matrixcpmsolutions.com\/es\/ia-generativa-en-retail-experiencias-aws\/\"> <span class=\"post-image thumb-info thumb-info-hide-wrapper-bg m-b-md\"> <span class=\"thumb-info-wrapper\"> <img loading=\"lazy\" decoding=\"async\" class=\"img-responsive\" width=\"450\" height=\"231\" src=\"https:\/\/matrixcpmsolutions.com\/es\/wp-content\/uploads\/2025\/11\/Retail-2-e1762651794621-450x231.png\" alt=\"IA Generativa en Retail\" \/>\n    <span class=\"zoom\" data-src=\"https:\/\/matrixcpmsolutions.com\/es\/wp-content\/uploads\/2025\/11\/Retail-2-e1762651794621.png\" data-title=\"\"><i class=\"fa fa-search\"><\/i><\/span>\n    <\/span> <\/span> <\/a>\n    <div class=\"post-date\">\n            <span class=\"day\">08<\/span>\n        <span class=\"month\">Nov<\/span>\n          <\/div>\n    <h4><a href=\"https:\/\/matrixcpmsolutions.com\/es\/ia-generativa-en-retail-experiencias-aws\/\">\n    IA Generativa en Retail: Experiencias Hiperpersonalizadas con AWS    <\/a><\/h4>\n    <p class=\"post-excerpt\">IA Generativa en Retail: Agentes Aut\u00f3nomos para una Experiencia Hiperpersonalizada\n\nLa inteligencia artificial generativa (GenAI) est\u00e1 revolucionando el sector retail,...  <a class=\"read-more\" href=\"https:\/\/matrixcpmsolutions.com\/es\/ia-generativa-en-retail-experiencias-aws\/\">read more <i class=\"fa fa-angle-right\"><\/i><\/a><\/p> <\/div>\n<\/div><div class=\"post-slide\"><div class=\"post-item\">\n    <a href=\"https:\/\/matrixcpmsolutions.com\/es\/ia-serverless-aws-transformacion-negocios\/\"> <span class=\"post-image thumb-info thumb-info-hide-wrapper-bg m-b-md\"> <span class=\"thumb-info-wrapper\"> <img loading=\"lazy\" decoding=\"async\" class=\"img-responsive\" width=\"450\" height=\"231\" src=\"https:\/\/matrixcpmsolutions.com\/es\/wp-content\/uploads\/2025\/05\/AWS-Cost-Optimization-5--450x231.png\" alt=\"\" \/>\n    <span class=\"zoom\" data-src=\"https:\/\/matrixcpmsolutions.com\/es\/wp-content\/uploads\/2025\/05\/AWS-Cost-Optimization-5-.png\" data-title=\"\"><i class=\"fa fa-search\"><\/i><\/span>\n    <\/span> <\/span> <\/a>\n    <div class=\"post-date\">\n            <span class=\"day\">28<\/span>\n        <span class=\"month\">Oct<\/span>\n          <\/div>\n    <h4><a href=\"https:\/\/matrixcpmsolutions.com\/es\/ia-serverless-aws-transformacion-negocios\/\">\n    Transforma tu negocio con IA Serverless AWS    <\/a><\/h4>\n    <p class=\"post-excerpt\">Transforma Tu Negocio con IA Serverless AWS: Innovaci\u00f3n Sin L\u00edmites\nEn un mundo donde la velocidad, la eficiencia y la...  <a class=\"read-more\" href=\"https:\/\/matrixcpmsolutions.com\/es\/ia-serverless-aws-transformacion-negocios\/\">read more <i class=\"fa fa-angle-right\"><\/i><\/a><\/p> <\/div>\n<\/div><div class=\"post-slide\"><div class=\"post-item\">\n    <a href=\"https:\/\/matrixcpmsolutions.com\/es\/transforma-tus-datos-en-decisiones-inteligentes-con-ia-avanzada\/\"> <span class=\"post-image thumb-info thumb-info-hide-wrapper-bg m-b-md\"> <span class=\"thumb-info-wrapper\"> <img loading=\"lazy\" decoding=\"async\" class=\"img-responsive\" width=\"450\" height=\"231\" src=\"https:\/\/matrixcpmsolutions.com\/es\/wp-content\/uploads\/2025\/05\/Datos-IA-avanzada-3-450x231.jpeg\" alt=\"\" \/>\n    <span class=\"zoom\" data-src=\"https:\/\/matrixcpmsolutions.com\/es\/wp-content\/uploads\/2025\/05\/Datos-IA-avanzada-3.jpeg\" data-title=\"\"><i class=\"fa fa-search\"><\/i><\/span>\n    <\/span> <\/span> <\/a>\n    <div class=\"post-date\">\n            <span class=\"day\">30<\/span>\n        <span class=\"month\">May<\/span>\n          <\/div>\n    <h4><a href=\"https:\/\/matrixcpmsolutions.com\/es\/transforma-tus-datos-en-decisiones-inteligentes-con-ia-avanzada\/\">\n    Transforma tus datos en decisiones inteligentes con IA avanzada    <\/a><\/h4>\n    <p class=\"post-excerpt\">Introducci\u00f3n a la IA avanzada\nEn un entorno empresarial donde los datos crecen exponencialmente, la capacidad de procesarlos en tiempo...  <a class=\"read-more\" href=\"https:\/\/matrixcpmsolutions.com\/es\/transforma-tus-datos-en-decisiones-inteligentes-con-ia-avanzada\/\">read more <i class=\"fa fa-angle-right\"><\/i><\/a><\/p> <\/div>\n<\/div><div class=\"post-slide\"><div class=\"post-item\">\n    <a href=\"https:\/\/matrixcpmsolutions.com\/es\/gestion-automatizada-en-aws-por-que-dejar-atras-el-mantenimiento-on-premise\/\"> <span class=\"post-image thumb-info thumb-info-hide-wrapper-bg m-b-md\"> <span class=\"thumb-info-wrapper\"> <img loading=\"lazy\" decoding=\"async\" class=\"img-responsive\" width=\"450\" height=\"231\" src=\"https:\/\/matrixcpmsolutions.com\/es\/wp-content\/uploads\/2025\/05\/AWS-Automated-Management-2-450x231.jpeg\" alt=\"Gesti\u00f3n Automatizada en AWS\" \/>\n    <span class=\"zoom\" data-src=\"https:\/\/matrixcpmsolutions.com\/es\/wp-content\/uploads\/2025\/05\/AWS-Automated-Management-2.jpeg\" data-title=\"\"><i class=\"fa fa-search\"><\/i><\/span>\n    <\/span> <\/span> <\/a>\n    <div class=\"post-date\">\n            <span class=\"day\">30<\/span>\n        <span class=\"month\">May<\/span>\n          <\/div>\n    <h4><a href=\"https:\/\/matrixcpmsolutions.com\/es\/gestion-automatizada-en-aws-por-que-dejar-atras-el-mantenimiento-on-premise\/\">\n    Gesti\u00f3n Automatizada en AWS: Por qu\u00e9 Dejar Atr\u00e1s el Mantenimiento On-Premise    <\/a><\/h4>\n    <p class=\"post-excerpt\">Introducci\u00f3n a la Gesti\u00f3n Automatizada en AWS\nEn la era digital, elegir entre mantener bases de datos on-premise o migrar...  <a class=\"read-more\" href=\"https:\/\/matrixcpmsolutions.com\/es\/gestion-automatizada-en-aws-por-que-dejar-atras-el-mantenimiento-on-premise\/\">read more <i class=\"fa fa-angle-right\"><\/i><\/a><\/p> <\/div>\n<\/div>        <\/div>\r\n    <\/div>\r\n    <\/div>[\/vc_column][\/vc_row]<\/p>\n","protected":false},"excerpt":{"rendered":"<p>[vc_row css=&#8221;.vc_custom_1527787034577{background-color: #004e9f !important;}&#8221;][vc_column][vc_empty_space height=&#8221;20&#8243;][vc_row_inner][vc_column_inner width=&#8221;1\/6&#8243;][\/vc_column_inner][vc_column_inner width=&#8221;2\/3&#8243;][vc_column_text css_animation=&#8221;zoomIn&#8221;] Nuestra consultor\u00eda especializada, enfocada en la metodolog\u00eda DAMA (Data Management Association), facilita la implementaci\u00f3n de un modelo de Gobierno de Datos que maximiza su valor, mitiga riesgos y garantiza que la informaci\u00f3n se utilice de manera \u00e9tica y eficiente dentro de la organizaci\u00f3n. [\/vc_column_text][\/vc_column_inner][vc_column_inner width=&#8221;1\/6&#8243;][\/vc_column_inner][\/vc_row_inner][vc_empty_space height=&#8221;10&#8243;][\/vc_column][\/vc_row][vc_row wrap_container=&#8221;yes&#8221; [&hellip;]<\/p>\n","protected":false},"author":6,"featured_media":0,"parent":0,"menu_order":0,"comment_status":"closed","ping_status":"closed","template":"","meta":{"footnotes":""},"class_list":["post-2295","page","type-page","status-publish","hentry"],"_links":{"self":[{"href":"https:\/\/matrixcpmsolutions.com\/es\/wp-json\/wp\/v2\/pages\/2295","targetHints":{"allow":["GET"]}}],"collection":[{"href":"https:\/\/matrixcpmsolutions.com\/es\/wp-json\/wp\/v2\/pages"}],"about":[{"href":"https:\/\/matrixcpmsolutions.com\/es\/wp-json\/wp\/v2\/types\/page"}],"author":[{"embeddable":true,"href":"https:\/\/matrixcpmsolutions.com\/es\/wp-json\/wp\/v2\/users\/6"}],"replies":[{"embeddable":true,"href":"https:\/\/matrixcpmsolutions.com\/es\/wp-json\/wp\/v2\/comments?post=2295"}],"version-history":[{"count":8,"href":"https:\/\/matrixcpmsolutions.com\/es\/wp-json\/wp\/v2\/pages\/2295\/revisions"}],"predecessor-version":[{"id":2450,"href":"https:\/\/matrixcpmsolutions.com\/es\/wp-json\/wp\/v2\/pages\/2295\/revisions\/2450"}],"wp:attachment":[{"href":"https:\/\/matrixcpmsolutions.com\/es\/wp-json\/wp\/v2\/media?parent=2295"}],"curies":[{"name":"wp","href":"https:\/\/api.w.org\/{rel}","templated":true}]}}