{"id":55,"date":"2016-06-13T15:48:45","date_gmt":"2016-06-13T15:48:45","guid":{"rendered":"http:\/\/sw-themes.com\/porto_dummy\/?page_id=55"},"modified":"2024-10-03T14:49:37","modified_gmt":"2024-10-03T19:49:37","slug":"el-equipo","status":"publish","type":"page","link":"https:\/\/matrixcpmsolutions.com\/es\/el-equipo\/","title":{"rendered":"El Equipo"},"content":{"rendered":"<p>[vc_row wrap_container=&#8221;yes&#8221; el_class=&#8221;p-b-lg&#8221; css=&#8221;.vc_custom_1726703206043{padding-bottom: 0px !important;}&#8221;][vc_column][vc_custom_heading text=&#8221;<strong>Nosotros<\/strong>&#8221; use_theme_fonts=&#8221;yes&#8221; css=&#8221;.vc_custom_1723912753715{margin-top: 30px !important;}&#8221;][vc_column_text]<strong>Matrix,\u00a0<\/strong>es una empresa dedicada al desarrollo de soluciones y consultor\u00eda sobre tecnolog\u00edas de Inteligencia de Negocios, con oficinas activas en <strong>Caracas<\/strong>,<strong> Bogot\u00e1<\/strong>, <strong>M\u00e9xico<\/strong> y <strong>Florida<\/strong>, con centros operativos para el despliegue de actividades en clientes de <strong>Bolivia<\/strong>, <strong>Chile<\/strong>, <strong>Colombia<\/strong>, <strong>Ecuador<\/strong>, <strong>El Salvador<\/strong>, <strong>Per\u00fa<\/strong>, <strong>M\u00e9xico<\/strong>, <strong>Rep\u00fablica Dominicana<\/strong>, <strong>Venezuela<\/strong> y <strong>Estados Unidos<\/strong>. Somos aliados de <strong>Pentaho<\/strong>, <strong>AWS<\/strong>, <strong>SAS<\/strong> e <strong>IBM<\/strong>.<\/p>\n<p>Contamos con un equipo de profesionales con experiencia y certificaciones en distintos habilitadores tecnol\u00f3gicos de Inteligencia de Negocios (Pentaho, Cognos, Vertica, Infobright, Hadoop, R, Weka, Cassandra, MongoDB, Cloudera, Hortonworks y Talend), para la concepci\u00f3n de soluciones en Integraci\u00f3n de Datos (Data Integration), Calidad de Datos (Data Quality), dise\u00f1o y desarrollo de Repositorios de Datos (Data Marts y Data Warehouse), Lago de Datos (Data Lakes), Reportes, Visualizaci\u00f3n Anal\u00edtica y Paneles de Control con diversas herramientas (Tableau, Power BI y QuickSight), as\u00ed como con un equipo de cient\u00edficos de datos (Data Science Team) para proyectos de Big Data, Anal\u00edtica Predictiva, modelado de im\u00e1genes y grafos hasta an\u00e1lisis de textos complejos basados en herramientas de IA generativas.<\/p>\n<p>En cuanto a soluciones en la nube, contamos con especialistas certificados en bases de datos, arquitectura y desarrollo, enfocados en la ejecuci\u00f3n de\u00a0 assessment, migraciones y gesti\u00f3n de servicios sobre la nube.[\/vc_column_text][vc_separator color=&#8221;custom&#8221; gap=&#8221;taller&#8221; gradient=&#8221;yes&#8221; css=&#8221;.vc_custom_1726703217790{margin-bottom: 0px !important;border-bottom-width: 0px !important;padding-top: 0px !important;padding-bottom: 0px !important;}&#8221;][\/vc_column][\/vc_row][vc_row wrap_container=&#8221;yes&#8221; el_class=&#8221;p-t-xxl&#8221; css=&#8221;.vc_custom_1726702967514{padding-top: 0px !important;}&#8221;][vc_column css=&#8221;.vc_custom_1726703177298{margin-top: 0px !important;margin-bottom: 0px !important;border-top-width: 0px !important;border-bottom-width: 0px !important;padding-top: 0px !important;padding-bottom: 0px !important;}&#8221;][vc_custom_heading text=&#8221;<strong>Nuestra gente<\/strong>&#8221; use_theme_fonts=&#8221;yes&#8221;]<div class=\"porto-recent-members wpb_content_element \">\n    \n    \n    <div class=\"row\">\n        <div class=\"member-carousel porto-carousel owl-carousel\" data-plugin-options=\"{&quot;themeConfig&quot;:true,&quot;lg&quot;:5,&quot;md&quot;:3,&quot;sm&quot;:2}\">\n            <div class=\"member-slide\">        \r\n        \r\n        <div class=\"member-item \">\r\n            <span class=\"thumb-info thumb-info-hide-wrapper-bg\">\r\n                \r\n                    <span class=\"thumb-info-wrapper \">\r\n                    \t<span class=\"thumb-member-container\">\r\n                    \t<a class=\"text-decoration-none member-image\" href=\"https:\/\/matrixcpmsolutions.com\/es\/member\/ronald-rojas-2\/\">\r\n                        <img loading=\"lazy\" decoding=\"async\" class=\"img-responsive\" width=\"367\" height=\"367\" src=\"https:\/\/matrixcpmsolutions.com\/es\/wp-content\/uploads\/2016\/06\/3-367x367.png\" alt=\"Ronal_Rojas\" \/>\r\n                         <\/a>\r\n\t\t\t\t\t\t                                                                                    <\/span>\r\n                       <a class=\"text-decoration-none member-info-container\" href=\"https:\/\/matrixcpmsolutions.com\/es\/member\/ronald-rojas-2\/\">       \r\n                                                    <span class=\"thumb-info-title\">\r\n                                <span class=\"thumb-info-inner\">Ronald Rojas<\/span>\r\n                                                                    <span class=\"thumb-info-type\">Director<\/span>\r\n                                                            <\/span>\r\n                                                                    <span class=\"zoom\" data-src=\"https:\/\/matrixcpmsolutions.com\/es\/wp-content\/uploads\/2016\/06\/3.png\" data-title=\"Ronal_Rojas\"><i class=\"fa fa-search\"><\/i><\/span>\r\n                                        <\/a>\r\n                    <\/span> <!--Thumb info wrapper end-->\r\n                    <a class=\"text-decoration-none member-info-container\" href=\"https:\/\/matrixcpmsolutions.com\/es\/member\/ronald-rojas-2\/\">\r\n                                                <\/a><!-- Global link end -->\r\n           \r\n           \r\n           \r\n                        <span class=\"thumb-info-caption\">\r\n                                    <span class=\"thumb-info-caption-text\">\r\n                    <p>Ronald es Ingeniero de Sistemas egresado de la Universidad Metropolitana, con\u00a0m\u00e1s de 25 a\u00f1os...<\/p>\n                    <\/span>\r\n                                <span class=\"thumb-info-social-icons share-links \"><a href=\"https:\/\/www.linkedin.com\/in\/ronald-rojas-b1a88437\/\" target=\"_blank\" data-placement=\"bottom\" title=\"LinkedIn\" class=\"share-linkedin\" data-tooltip rel=\"noopener\">LinkedIn<\/a><\/span>                    \r\n                \r\n            <\/span>\r\n                        <\/span>\r\n        <\/div>\r\n    <\/div><div class=\"member-slide\">        \r\n        \r\n        <div class=\"member-item \">\r\n            <span class=\"thumb-info thumb-info-hide-wrapper-bg\">\r\n                \r\n                    <span class=\"thumb-info-wrapper \">\r\n                    \t<span class=\"thumb-member-container\">\r\n                    \t<a class=\"text-decoration-none member-image\" href=\"https:\/\/matrixcpmsolutions.com\/es\/member\/carlos-urgelles\/\">\r\n                        <img loading=\"lazy\" decoding=\"async\" class=\"img-responsive\" width=\"200\" height=\"200\" src=\"https:\/\/matrixcpmsolutions.com\/es\/wp-content\/uploads\/2016\/06\/2.png\" alt=\"\" \/>\r\n                         <\/a>\r\n\t\t\t\t\t\t                                                                                    <\/span>\r\n                       <a class=\"text-decoration-none member-info-container\" href=\"https:\/\/matrixcpmsolutions.com\/es\/member\/carlos-urgelles\/\">       \r\n                                                    <span class=\"thumb-info-title\">\r\n                                <span class=\"thumb-info-inner\">Carlos Urgelles<\/span>\r\n                                                                    <span class=\"thumb-info-type\">Director<\/span>\r\n                                                            <\/span>\r\n                                                                    <span class=\"zoom\" data-src=\"https:\/\/matrixcpmsolutions.com\/es\/wp-content\/uploads\/2016\/06\/2.png\" data-title=\"\"><i class=\"fa fa-search\"><\/i><\/span>\r\n                                        <\/a>\r\n                    <\/span> <!--Thumb info wrapper end-->\r\n                    <a class=\"text-decoration-none member-info-container\" href=\"https:\/\/matrixcpmsolutions.com\/es\/member\/carlos-urgelles\/\">\r\n                                                <\/a><!-- Global link end -->\r\n           \r\n           \r\n           \r\n                        <span class=\"thumb-info-caption\">\r\n                                    <span class=\"thumb-info-caption-text\">\r\n                    <p>Carlos tiene una experiencia de m\u00e1s de 22 a\u00f1os en consultor\u00eda de desarrollo de...<\/p>\n                    <\/span>\r\n                                <span class=\"thumb-info-social-icons share-links \"><a href=\"https:\/\/www.linkedin.com\/in\/carlos-urgelles-fox-308535\/%20\" target=\"_blank\" data-placement=\"bottom\" title=\"LinkedIn\" class=\"share-linkedin\" data-tooltip rel=\"noopener\">LinkedIn<\/a><\/span>                    \r\n                \r\n            <\/span>\r\n                        <\/span>\r\n        <\/div>\r\n    <\/div><div class=\"member-slide\">        \r\n        \r\n        <div class=\"member-item \">\r\n            <span class=\"thumb-info thumb-info-hide-wrapper-bg\">\r\n                \r\n                    <span class=\"thumb-info-wrapper \">\r\n                    \t<span class=\"thumb-member-container\">\r\n                    \t<a class=\"text-decoration-none member-image\" href=\"https:\/\/matrixcpmsolutions.com\/es\/member\/carenne-ludena\/\">\r\n                        <img loading=\"lazy\" decoding=\"async\" class=\"img-responsive\" width=\"200\" height=\"200\" src=\"https:\/\/matrixcpmsolutions.com\/es\/wp-content\/uploads\/2016\/06\/1.png\" alt=\"Carenne_ludena\" \/>\r\n                         <\/a>\r\n\t\t\t\t\t\t                                                                                    <\/span>\r\n                       <a class=\"text-decoration-none member-info-container\" href=\"https:\/\/matrixcpmsolutions.com\/es\/member\/carenne-ludena\/\">       \r\n                                                    <span class=\"thumb-info-title\">\r\n                                <span class=\"thumb-info-inner\">Carenne Lude\u00f1a<\/span>\r\n                                                                    <span class=\"thumb-info-type\">Director<\/span>\r\n                                                            <\/span>\r\n                                                                    <span class=\"zoom\" data-src=\"https:\/\/matrixcpmsolutions.com\/es\/wp-content\/uploads\/2016\/06\/1.png\" data-title=\"Carenne_ludena\"><i class=\"fa fa-search\"><\/i><\/span>\r\n                                        <\/a>\r\n                    <\/span> <!--Thumb info wrapper end-->\r\n                    <a class=\"text-decoration-none member-info-container\" href=\"https:\/\/matrixcpmsolutions.com\/es\/member\/carenne-ludena\/\">\r\n                                                <\/a><!-- Global link end -->\r\n           \r\n           \r\n           \r\n                        <span class=\"thumb-info-caption\">\r\n                                    <span class=\"thumb-info-caption-text\">\r\n                    <p>Carenne Lude\u00f1a es matem\u00e1tica, estad\u00edstica y cient\u00edfica de datos. Luego de su doctorado en...<\/p>\n                    <\/span>\r\n                                <span class=\"thumb-info-social-icons share-links \"><a href=\"https:\/\/www.linkedin.com\/in\/carin-ludena-68578244\/\" target=\"_blank\" data-placement=\"bottom\" title=\"LinkedIn\" class=\"share-linkedin\" data-tooltip rel=\"noopener\">LinkedIn<\/a><\/span>                    \r\n                \r\n            <\/span>\r\n                        <\/span>\r\n        <\/div>\r\n    <\/div><div class=\"member-slide\">        \r\n        \r\n        <div class=\"member-item \">\r\n            <span class=\"thumb-info thumb-info-hide-wrapper-bg\">\r\n                \r\n                    <span class=\"thumb-info-wrapper \">\r\n                    \t<span class=\"thumb-member-container\">\r\n                    \t<a class=\"text-decoration-none member-image\" href=\"https:\/\/matrixcpmsolutions.com\/es\/member\/ricardo-barreto\/\">\r\n                        <img loading=\"lazy\" decoding=\"async\" class=\"img-responsive\" width=\"200\" height=\"200\" src=\"https:\/\/matrixcpmsolutions.com\/es\/wp-content\/uploads\/2012\/06\/Foto-Ailyn.png\" alt=\"Ailyn Sorando\" \/>\r\n                         <\/a>\r\n\t\t\t\t\t\t                                                                                    <\/span>\r\n                       <a class=\"text-decoration-none member-info-container\" href=\"https:\/\/matrixcpmsolutions.com\/es\/member\/ricardo-barreto\/\">       \r\n                                                    <span class=\"thumb-info-title\">\r\n                                <span class=\"thumb-info-inner\">Ailyn Sorando<\/span>\r\n                                                                    <span class=\"thumb-info-type\">Gerente Corporativo<\/span>\r\n                                                            <\/span>\r\n                                                                    <span class=\"zoom\" data-src=\"https:\/\/matrixcpmsolutions.com\/es\/wp-content\/uploads\/2012\/06\/Foto-Ailyn.png\" data-title=\"\"><i class=\"fa fa-search\"><\/i><\/span>\r\n                                        <\/a>\r\n                    <\/span> <!--Thumb info wrapper end-->\r\n                    <a class=\"text-decoration-none member-info-container\" href=\"https:\/\/matrixcpmsolutions.com\/es\/member\/ricardo-barreto\/\">\r\n                                                <\/a><!-- Global link end -->\r\n           \r\n           \r\n           \r\n                        <span class=\"thumb-info-caption\">\r\n                                    <span class=\"thumb-info-caption-text\">\r\n                    <p>Ailyn es Licenciada en Psicolog\u00eda de la Universidad Central de Venezuela y Especialista en...<\/p>\n                    <\/span>\r\n                                <span class=\"thumb-info-social-icons share-links \"><a href=\"https:\/\/www.linkedin.com\/in\/ailyn-sorando-763564b3\/\" target=\"_blank\" data-placement=\"bottom\" title=\"LinkedIn\" class=\"share-linkedin\" data-tooltip rel=\"noopener\">LinkedIn<\/a><\/span>                    \r\n                \r\n            <\/span>\r\n                        <\/span>\r\n        <\/div>\r\n    <\/div>        <\/div>\n    <\/div>\n\n    \n    <\/div>[vc_custom_heading text=&#8221;<strong>LATAM y USA<\/strong>&#8221; use_theme_fonts=&#8221;yes&#8221;][vc_column_text]Trabajamos con un grupo multidisciplinario de profesionales provenientes de las mejores universidades de Latinoam\u00e9rica. Siempre en la b\u00fasqueda de la excelencia, nuestro compromiso es mantenernos al d\u00eda con las nuevas tecnolog\u00edas que tienen un impacto en el mundo de la Inteligencia de Negocios y la Anal\u00edtica de Datos.[\/vc_column_text][vc_column_text]Contamos con consultores especializados en diversas herramientas, a trav\u00e9s de la formaci\u00f3n continua, experiencia acumulada en diferentes tipos de proyectos y sectores y el logro de certificaciones internacionales.[\/vc_column_text][\/vc_column][\/vc_row]<\/p>\n","protected":false},"excerpt":{"rendered":"<p>[vc_row wrap_container=&#8221;yes&#8221; el_class=&#8221;p-b-lg&#8221; css=&#8221;.vc_custom_1726703206043{padding-bottom: 0px !important;}&#8221;][vc_column][vc_custom_heading text=&#8221;Nosotros&#8221; use_theme_fonts=&#8221;yes&#8221; css=&#8221;.vc_custom_1723912753715{margin-top: 30px !important;}&#8221;][vc_column_text]Matrix,\u00a0es una empresa dedicada al desarrollo de soluciones y consultor\u00eda sobre tecnolog\u00edas de Inteligencia de Negocios, con oficinas activas en Caracas, Bogot\u00e1, M\u00e9xico y Florida, con centros operativos para el despliegue de actividades en clientes de Bolivia, Chile, Colombia, Ecuador, El Salvador, Per\u00fa, M\u00e9xico, Rep\u00fablica [&hellip;]<\/p>\n","protected":false},"author":1,"featured_media":0,"parent":0,"menu_order":0,"comment_status":"closed","ping_status":"closed","template":"","meta":{"footnotes":""},"class_list":["post-55","page","type-page","status-publish","hentry"],"_links":{"self":[{"href":"https:\/\/matrixcpmsolutions.com\/es\/wp-json\/wp\/v2\/pages\/55","targetHints":{"allow":["GET"]}}],"collection":[{"href":"https:\/\/matrixcpmsolutions.com\/es\/wp-json\/wp\/v2\/pages"}],"about":[{"href":"https:\/\/matrixcpmsolutions.com\/es\/wp-json\/wp\/v2\/types\/page"}],"author":[{"embeddable":true,"href":"https:\/\/matrixcpmsolutions.com\/es\/wp-json\/wp\/v2\/users\/1"}],"replies":[{"embeddable":true,"href":"https:\/\/matrixcpmsolutions.com\/es\/wp-json\/wp\/v2\/comments?post=55"}],"version-history":[{"count":31,"href":"https:\/\/matrixcpmsolutions.com\/es\/wp-json\/wp\/v2\/pages\/55\/revisions"}],"predecessor-version":[{"id":2425,"href":"https:\/\/matrixcpmsolutions.com\/es\/wp-json\/wp\/v2\/pages\/55\/revisions\/2425"}],"wp:attachment":[{"href":"https:\/\/matrixcpmsolutions.com\/es\/wp-json\/wp\/v2\/media?parent=55"}],"curies":[{"name":"wp","href":"https:\/\/api.w.org\/{rel}","templated":true}]}}