{"id":688,"date":"2018-06-05T20:03:05","date_gmt":"2018-06-05T20:03:05","guid":{"rendered":"http:\/\/matrixcpmsolutions.com?page_id=688"},"modified":"2024-10-03T15:08:20","modified_gmt":"2024-10-03T20:08:20","slug":"aliados-tecnologicos","status":"publish","type":"page","link":"https:\/\/matrixcpmsolutions.com\/es\/aliados-tecnologicos\/","title":{"rendered":"Aliados Tecnol\u00f3gicos"},"content":{"rendered":"<p>[vc_row][vc_column width=&#8221;1\/6&#8243;][\/vc_column][vc_column width=&#8221;2\/3&#8243;][vc_row_inner][vc_column_inner width=&#8221;1\/2&#8243;][vc_single_image image=&#8221;1832&#8243; img_size=&#8221;200&#215;120&#8243; alignment=&#8221;center&#8221; onclick=&#8221;custom_link&#8221; img_link_target=&#8221;_blank&#8221; link=&#8221;https:\/\/www.hitachivantara.com\/es-latam\/home.html &#8220;][vc_custom_heading text=&#8221;Pentaho &#8211; Hitachi Vantara&#8221; font_container=&#8221;tag:h5|font_size:16|text_align:center&#8221; google_fonts=&#8221;font_family:Montserrat%3Aregular%2C700|font_style:700%20bold%20regular%3A700%3Anormal&#8221;][vc_column_text]<strong>Hitachi<\/strong> es una empresa japonesa fundada a inicios del\u00a0siglo XX, produce una gran variedad de productos de electr\u00f3nica y de consumo masivo. <strong>Hitachi Data Systems<\/strong> adquiri\u00f3 <strong>Pentaho<\/strong> en el a\u00f1o 2015 y dos a\u00f1os despu\u00e9s la suite se convirti\u00f3 en parte de la suite de <strong>Hitachi Vantara<\/strong>, una nueva compa\u00f1\u00eda que unifica las operaciones de <strong>Pentaho<\/strong>, <strong>Hitachi Data Systems<\/strong> y <strong>Hitachi Insight Group<\/strong>.<\/p>\n<p>La suite de Inteligencia de Negocios que ofrece <strong>Pentaho<\/strong> integra un gran n\u00famero de funcionalidades para la construcci\u00f3n de<strong> Reportes<\/strong>, <strong>An\u00e1lisis Multidimensional<\/strong>, <strong>Integraci\u00f3n de Datos<\/strong> y elaboraci\u00f3n de<strong> Tableros de Control<\/strong> (<strong>Dashboards<\/strong>).\u00a0Toda una suite de clase mundial para un n\u00famero ilimitado de usuarios.[\/vc_column_text][\/vc_column_inner][vc_column_inner width=&#8221;1\/2&#8243;][vc_single_image image=&#8221;2441&#8243; img_size=&#8221;full&#8221; alignment=&#8221;center&#8221; onclick=&#8221;custom_link&#8221; img_link_target=&#8221;_blank&#8221; link=&#8221;https:\/\/aws.amazon.com\/es\/?nc2=h_lg&#8221; label=&#8221;&#8221;][vc_custom_heading text=&#8221;Amazon Web Services&#8221; font_container=&#8221;tag:h5|font_size:16|text_align:center&#8221; google_fonts=&#8221;font_family:Montserrat%3Aregular%2C700|font_style:700%20bold%20regular%3A700%3Anormal&#8221;][vc_column_text]<strong>Amazon Web Services (AWS)<\/strong> provee una plataforma de computaci\u00f3n en la nube a demanda. Cuenta con m\u00e1s de 200 servicios integrales de centros de datos a nivel mundial, abarcando desde tecnolog\u00edas de <strong>infraestructura<\/strong> como c\u00f3mputo (EC2), almacenamiento (S3), y bases de datos (RDS, DynamoDB), hasta <strong>tecnolog\u00edas emergentes<\/strong> como <strong>aprendizaje autom\u00e1tico<\/strong> (SageMaker), <strong>inteligencia artificial, lagos de datos<\/strong> (Redshift, Lake Formation), an\u00e1lisis (Athena, EMR) e <strong>Internet de las Cosas<\/strong> (IoT Core).<\/p>\n<p>Se caracteriza por ofrecer el entorno en la nube m\u00e1s flexible y seguro en la actualidad. Contando con diferentes modalidades de servicio, AWS facilita un viaje hacia la nube m\u00e1s r\u00e1pido, f\u00e1cil y rentable; mientras cuenta con un amplio conjunto de herramientas de seguridad. Su modelo de regiones y zonas de disponibilidad ha sido reconocido por Gartner como el enfoque recomendado para aplicaciones empresariales que requieren una alta disponibilidad.[\/vc_column_text][\/vc_column_inner][\/vc_row_inner][\/vc_column][vc_column width=&#8221;1\/6&#8243;][\/vc_column][\/vc_row][vc_row][vc_column width=&#8221;1\/6&#8243;][\/vc_column][vc_column width=&#8221;2\/3&#8243;][vc_row_inner][vc_column_inner width=&#8221;1\/2&#8243;][vc_single_image image=&#8221;1833&#8243; img_size=&#8221;200&#215;120&#8243; alignment=&#8221;center&#8221; onclick=&#8221;custom_link&#8221; img_link_target=&#8221;_blank&#8221; link=&#8221;https:\/\/www.hitachivantara.com\/es-latam\/home.html &#8220;][vc_custom_heading text=&#8221;SAS&#8221; font_container=&#8221;tag:h5|font_size:16|text_align:center&#8221; google_fonts=&#8221;font_family:Montserrat%3Aregular%2C700|font_style:700%20bold%20regular%3A700%3Anormal&#8221;][vc_column_text]<strong>SAS Institute<\/strong> <strong>es una empresa multinacional<\/strong> con sede en Carolina del Norte, Estados Unidos. Cuenta con m\u00e1s de 40 a\u00f1os en el mercado, siendo uno de los principales fabricantes de software de inteligencia empresarial impulsados por la curiosidad y la innovaci\u00f3n.<\/p>\n<p>SAS ofrece herramientas anal\u00edticas como <strong>SAS Viya<\/strong>, soluci\u00f3n integral totalmente nativa en la nube, enfocada en inteligencia artificial, anal\u00edtica y gesti\u00f3n de datos, que facilita la creaci\u00f3n de modelos de alto rendimiento para la toma de decisiones.[\/vc_column_text][\/vc_column_inner][vc_column_inner width=&#8221;1\/2&#8243;][vc_single_image image=&#8221;1825&#8243; img_size=&#8221;200X100&#8243; alignment=&#8221;center&#8221; onclick=&#8221;custom_link&#8221; link=&#8221;https:\/\/www.ibm.com\/&#8221;][vc_custom_heading text=&#8221;IBM&#8221; font_container=&#8221;tag:h5|font_size:16|text_align:center&#8221; google_fonts=&#8221;font_family:Montserrat%3Aregular%2C700|font_style:700%20bold%20regular%3A700%3Anormal&#8221;][vc_column_text]<strong>International Business Machines Corporation<\/strong> (<strong>IBM<\/strong>) es una reconocida empresa multinacional estadounidense de tecnolog\u00eda y consultor\u00eda con sede en Armonk, Nueva York.<\/p>\n<p>IBM fabrica y comercializa hardware y software para computadoras, y ofrece servicios de infraestructura, alojamiento de Internet, y consultor\u00eda en una amplia gama de \u00e1reas relacionadas con la inform\u00e1tica, desde computadoras centrales hasta nanotecnolog\u00eda. IBM ofrece herramientas anal\u00edticas como <strong>Cognos<\/strong> y <strong>Watson<\/strong> que posibilitan la creaci\u00f3n de informes y an\u00e1lisis de los datos, con capacidades de descubrimiento y predicci\u00f3n de nueva informaci\u00f3n cr\u00edtica para el Negocio.[\/vc_column_text][\/vc_column_inner][\/vc_row_inner][\/vc_column][vc_column width=&#8221;1\/6&#8243;][\/vc_column][\/vc_row][vc_row][vc_column width=&#8221;1\/6&#8243;][\/vc_column][vc_column width=&#8221;2\/3&#8243;][\/vc_column][vc_column width=&#8221;1\/6&#8243;][\/vc_column][\/vc_row]<\/p>\n","protected":false},"excerpt":{"rendered":"<p>[vc_row][vc_column width=&#8221;1\/6&#8243;][\/vc_column][vc_column width=&#8221;2\/3&#8243;][vc_row_inner][vc_column_inner width=&#8221;1\/2&#8243;][vc_single_image image=&#8221;1832&#8243; img_size=&#8221;200&#215;120&#8243; alignment=&#8221;center&#8221; onclick=&#8221;custom_link&#8221; img_link_target=&#8221;_blank&#8221; link=&#8221;https:\/\/www.hitachivantara.com\/es-latam\/home.html &#8220;][vc_custom_heading text=&#8221;Pentaho &#8211; Hitachi Vantara&#8221; font_container=&#8221;tag:h5|font_size:16|text_align:center&#8221; google_fonts=&#8221;font_family:Montserrat%3Aregular%2C700|font_style:700%20bold%20regular%3A700%3Anormal&#8221;][vc_column_text]Hitachi es una empresa japonesa fundada a inicios del\u00a0siglo XX, produce una gran variedad de productos de electr\u00f3nica y de consumo masivo. Hitachi Data Systems adquiri\u00f3 Pentaho en el a\u00f1o 2015 y dos a\u00f1os despu\u00e9s la suite se convirti\u00f3 [&hellip;]<\/p>\n","protected":false},"author":1,"featured_media":0,"parent":0,"menu_order":0,"comment_status":"closed","ping_status":"closed","template":"","meta":{"footnotes":""},"class_list":["post-688","page","type-page","status-publish","hentry"],"_links":{"self":[{"href":"https:\/\/matrixcpmsolutions.com\/es\/wp-json\/wp\/v2\/pages\/688","targetHints":{"allow":["GET"]}}],"collection":[{"href":"https:\/\/matrixcpmsolutions.com\/es\/wp-json\/wp\/v2\/pages"}],"about":[{"href":"https:\/\/matrixcpmsolutions.com\/es\/wp-json\/wp\/v2\/types\/page"}],"author":[{"embeddable":true,"href":"https:\/\/matrixcpmsolutions.com\/es\/wp-json\/wp\/v2\/users\/1"}],"replies":[{"embeddable":true,"href":"https:\/\/matrixcpmsolutions.com\/es\/wp-json\/wp\/v2\/comments?post=688"}],"version-history":[{"count":50,"href":"https:\/\/matrixcpmsolutions.com\/es\/wp-json\/wp\/v2\/pages\/688\/revisions"}],"predecessor-version":[{"id":2440,"href":"https:\/\/matrixcpmsolutions.com\/es\/wp-json\/wp\/v2\/pages\/688\/revisions\/2440"}],"wp:attachment":[{"href":"https:\/\/matrixcpmsolutions.com\/es\/wp-json\/wp\/v2\/media?parent=688"}],"curies":[{"name":"wp","href":"https:\/\/api.w.org\/{rel}","templated":true}]}}