{"id":699,"date":"2018-06-05T20:14:29","date_gmt":"2018-06-05T20:14:29","guid":{"rendered":"http:\/\/matrixcpmsolutions.com?page_id=699"},"modified":"2024-08-14T18:54:09","modified_gmt":"2024-08-14T23:54:09","slug":"aliados-de-negocios","status":"publish","type":"page","link":"https:\/\/matrixcpmsolutions.com\/es\/aliados-de-negocios\/","title":{"rendered":"Aliados de negocios"},"content":{"rendered":"<p>[vc_row][vc_column width=&#8221;1\/6&#8243;][\/vc_column][vc_column width=&#8221;2\/3&#8243;][vc_row_inner][vc_column_inner width=&#8221;1\/2&#8243;][vc_single_image image=&#8221;701&#8243; img_size=&#8221;full&#8221; alignment=&#8221;center&#8221; onclick=&#8221;custom_link&#8221; img_link_target=&#8221;_blank&#8221; link=&#8221;https:\/\/www.linkedin.com\/company\/pragmagenia-business-international-ltd\/?originalSubdomain=ve&#8221;][vc_custom_heading text=&#8221;Pragmagenia&#8221; font_container=&#8221;tag:h5|text_align:center&#8221; use_theme_fonts=&#8221;yes&#8221;][vc_column_text]Empresa que ofrece soluciones para agilizar y automatizar la atenci\u00f3n masiva de personas, mediante portales web y aplicaciones m\u00f3viles.<\/p>\n<p>Nos enfocamos en atender instituciones de gobierno, bancos, instituciones financieras y aseguradoras, empresas de telecomunicaciones, prestadores de servicios de salud y mercado empresarial en general.<\/p>\n<p>Proveemos plataformas para que nuestros clientes puedan atender a los suyos a trav\u00e9s de portales web, reduciendo el uso de papel y la atenci\u00f3n presencial, habilitando el uso de autoservicios con una suite de componentes de calidad global, basados en est\u00e1ndares abiertos, integrados para proveer soluciones completas de portales para automatizaci\u00f3n en l\u00ednea de solicitudes.[\/vc_column_text][\/vc_column_inner][vc_column_inner width=&#8221;1\/2&#8243;][vc_single_image image=&#8221;938&#8243; img_size=&#8221;full&#8221; alignment=&#8221;center&#8221; onclick=&#8221;custom_link&#8221; img_link_target=&#8221;_blank&#8221; link=&#8221;http:\/\/detekti.com:81&#8243;][vc_custom_heading text=&#8221;Detekti&#8221; font_container=&#8221;tag:h5|text_align:center&#8221; use_theme_fonts=&#8221;yes&#8221;][vc_column_text]Detekti es una soluci\u00f3n que facilita a los administradores de seguridad el llevar control de los accesos, las\u00a0 aplicaciones, funcionalidades, perfiles y usuarios que se encuentran configurados en los distintos ambientes con los que cuenta la organizaci\u00f3n.<\/p>\n<p>Detekti es la alternativa a los proyectos de identidades, provee un manejo sencillo pero detallado de los accesos, tanto de los usuarios como a las funcionalidades de cada una de la aplicaciones o carpetas compartidas que existan en la organizaci\u00f3n. Su motor de integraci\u00f3n permite conectividad con todos los manejadores de bases de datos y con herramientas propietarias, como SalesForce, SAP, Google Applications, GMail, Qlik Sense y Tableau.[\/vc_column_text][\/vc_column_inner][\/vc_row_inner][\/vc_column][vc_column width=&#8221;1\/6&#8243;][\/vc_column][\/vc_row][vc_row][vc_column width=&#8221;1\/6&#8243;][\/vc_column][vc_column width=&#8221;2\/3&#8243;][vc_row_inner][vc_column_inner width=&#8221;1\/2&#8243;][vc_single_image image=&#8221;703&#8243; img_size=&#8221;full&#8221; alignment=&#8221;center&#8221; onclick=&#8221;custom_link&#8221; img_link_target=&#8221;_blank&#8221; link=&#8221;https:\/\/www.mahisoft.com\/ &#8220;][vc_custom_heading text=&#8221;Mahisoft&#8221; font_container=&#8221;tag:h5|text_align:center&#8221; use_theme_fonts=&#8221;yes&#8221;][vc_column_text]Mahisoft es una empresa\u00a0de desarrollo de software <em>nearshore<\/em> en Centro y Sur Am\u00e9rica que ofrece a sus clientes zonas horarias compartidas y culturas.<\/p>\n<p>El proceso de desarrollo de Mahisoft le permite trabajar sistem\u00e1ticamente en el proyecto, desarrollar un plan de acci\u00f3n y seguir ese plan hasta el final.\u00a0Mahisoft hist\u00f3ricamente\u00a0ha desarrollado m\u00faltiples modelos de software para negocios desde grandes empresas y corporaciones hasta peque\u00f1as y nuevas empresas, asegurando todo lo necesario para lograr el \u00e9xito.[\/vc_column_text][\/vc_column_inner][vc_column_inner width=&#8221;1\/2&#8243;][\/vc_column_inner][\/vc_row_inner][\/vc_column][vc_column width=&#8221;1\/6&#8243;][\/vc_column][\/vc_row]<\/p>\n","protected":false},"excerpt":{"rendered":"<p>[vc_row][vc_column width=&#8221;1\/6&#8243;][\/vc_column][vc_column width=&#8221;2\/3&#8243;][vc_row_inner][vc_column_inner width=&#8221;1\/2&#8243;][vc_single_image image=&#8221;701&#8243; img_size=&#8221;full&#8221; alignment=&#8221;center&#8221; onclick=&#8221;custom_link&#8221; img_link_target=&#8221;_blank&#8221; link=&#8221;https:\/\/www.linkedin.com\/company\/pragmagenia-business-international-ltd\/?originalSubdomain=ve&#8221;][vc_custom_heading text=&#8221;Pragmagenia&#8221; font_container=&#8221;tag:h5|text_align:center&#8221; use_theme_fonts=&#8221;yes&#8221;][vc_column_text]Empresa que ofrece soluciones para agilizar y automatizar la atenci\u00f3n masiva de personas, mediante portales web y aplicaciones m\u00f3viles. Nos enfocamos en atender instituciones de gobierno, bancos, instituciones financieras y aseguradoras, empresas de telecomunicaciones, prestadores de servicios de salud y mercado empresarial en [&hellip;]<\/p>\n","protected":false},"author":1,"featured_media":0,"parent":0,"menu_order":0,"comment_status":"closed","ping_status":"closed","template":"","meta":{"footnotes":""},"class_list":["post-699","page","type-page","status-publish","hentry"],"_links":{"self":[{"href":"https:\/\/matrixcpmsolutions.com\/es\/wp-json\/wp\/v2\/pages\/699","targetHints":{"allow":["GET"]}}],"collection":[{"href":"https:\/\/matrixcpmsolutions.com\/es\/wp-json\/wp\/v2\/pages"}],"about":[{"href":"https:\/\/matrixcpmsolutions.com\/es\/wp-json\/wp\/v2\/types\/page"}],"author":[{"embeddable":true,"href":"https:\/\/matrixcpmsolutions.com\/es\/wp-json\/wp\/v2\/users\/1"}],"replies":[{"embeddable":true,"href":"https:\/\/matrixcpmsolutions.com\/es\/wp-json\/wp\/v2\/comments?post=699"}],"version-history":[{"count":15,"href":"https:\/\/matrixcpmsolutions.com\/es\/wp-json\/wp\/v2\/pages\/699\/revisions"}],"predecessor-version":[{"id":2112,"href":"https:\/\/matrixcpmsolutions.com\/es\/wp-json\/wp\/v2\/pages\/699\/revisions\/2112"}],"wp:attachment":[{"href":"https:\/\/matrixcpmsolutions.com\/es\/wp-json\/wp\/v2\/media?parent=699"}],"curies":[{"name":"wp","href":"https:\/\/api.w.org\/{rel}","templated":true}]}}