{"id":73,"date":"2016-06-14T06:15:58","date_gmt":"2016-06-14T06:15:58","guid":{"rendered":"http:\/\/sw-themes.com\/porto_dummy\/?page_id=73"},"modified":"2024-10-31T19:16:38","modified_gmt":"2024-11-01T00:16:38","slug":"contactenos","status":"publish","type":"page","link":"https:\/\/matrixcpmsolutions.com\/es\/contactenos\/","title":{"rendered":"Cont\u00e1ctenos"},"content":{"rendered":"<p>[vc_row wrap_container=&#8221;yes&#8221; el_class=&#8221;m-b-xl&#8221; css=&#8221;.vc_custom_1528309390119{margin-top: 15px !important;}&#8221;][vc_column width=&#8221;1\/2&#8243;]\n<div class=\"wpcf7 no-js\" id=\"wpcf7-f809-o1\" lang=\"en-US\" dir=\"ltr\" data-wpcf7-id=\"809\">\n<div class=\"screen-reader-response\"><p role=\"status\" aria-live=\"polite\" aria-atomic=\"true\"><\/p> <ul><\/ul><\/div>\n<form action=\"\/es\/wp-json\/wp\/v2\/pages\/73#wpcf7-f809-o1\" method=\"post\" class=\"wpcf7-form init\" aria-label=\"Contact form\" novalidate=\"novalidate\" data-status=\"init\">\n<fieldset class=\"hidden-fields-container\"><input type=\"hidden\" name=\"_wpcf7\" value=\"809\" \/><input type=\"hidden\" name=\"_wpcf7_version\" value=\"6.1.3\" \/><input type=\"hidden\" name=\"_wpcf7_locale\" value=\"en_US\" \/><input type=\"hidden\" name=\"_wpcf7_unit_tag\" value=\"wpcf7-f809-o1\" \/><input type=\"hidden\" name=\"_wpcf7_container_post\" value=\"0\" \/><input type=\"hidden\" name=\"_wpcf7_posted_data_hash\" value=\"\" \/><input type=\"hidden\" name=\"_wpcf7_recaptcha_response\" value=\"\" \/>\n<\/fieldset>\n<h2 class=\"short\"><strong>Informaci\u00f3n<\/strong> Personal\n<\/h2>\n<div class=\"row\">\n\t<div class=\"col-lg-6\">\n\t\t<div class=\"form-group\">\n\t\t\t<p><label for=\"contact-name\">Nombre *<\/label><br \/>\n<span class=\"wpcf7-form-control-wrap\" data-name=\"your-name\"><input size=\"40\" maxlength=\"400\" class=\"wpcf7-form-control wpcf7-text wpcf7-validates-as-required form-control\" id=\"contact-name\" aria-required=\"true\" aria-invalid=\"false\" value=\"\" type=\"text\" name=\"your-name\" \/><\/span>\n\t\t\t<\/p>\n\t\t<\/div>\n\t<\/div>\n\t<div class=\"col-lg-6\">\n\t\t<div class=\"form-group\">\n\t\t\t<p><label for=\"contact-name\">Apellido *<\/label><br \/>\n<span class=\"wpcf7-form-control-wrap\" data-name=\"apellido\"><input size=\"40\" maxlength=\"400\" class=\"wpcf7-form-control wpcf7-text wpcf7-validates-as-required form-control\" aria-required=\"true\" aria-invalid=\"false\" value=\"\" type=\"text\" name=\"apellido\" \/><\/span>\n\t\t\t<\/p>\n\t\t<\/div>\n\t<\/div>\n\t<div class=\"col-lg-6\">\n\t\t<div class=\"form-group\">\n\t\t\t<p><label for=\"contact-email\">Tel\u00e9fono celular *<\/label><br \/>\n<span class=\"wpcf7-form-control-wrap\" data-name=\"your-tlfcel\"><input size=\"40\" maxlength=\"400\" class=\"wpcf7-form-control wpcf7-text wpcf7-validates-as-required form-control\" id=\"contact-email\" aria-required=\"true\" aria-invalid=\"false\" value=\"\" type=\"text\" name=\"your-tlfcel\" \/><\/span>\n\t\t\t<\/p>\n\t\t<\/div>\n\t<\/div>\n\t<div class=\"col-lg-6\">\n\t\t<div class=\"form-group\">\n\t\t\t<p><label for=\"contact-email\">Email *<\/label><br \/>\n<span class=\"wpcf7-form-control-wrap\" data-name=\"your-email\"><input size=\"40\" maxlength=\"400\" class=\"wpcf7-form-control wpcf7-email wpcf7-validates-as-required wpcf7-text wpcf7-validates-as-email form-control\" aria-required=\"true\" aria-invalid=\"false\" value=\"\" type=\"email\" name=\"your-email\" \/><\/span>\n\t\t\t<\/p>\n\t\t<\/div>\n\t<\/div>\n\t<div class=\"col-lg-6\">\n\t\t<div class=\"form-group\">\n\t\t\t<p><label for=\"contact-email\">Empresa *<\/label><br \/>\n<span class=\"wpcf7-form-control-wrap\" data-name=\"your-empresa\"><input size=\"40\" maxlength=\"400\" class=\"wpcf7-form-control wpcf7-text wpcf7-validates-as-required form-control\" aria-required=\"true\" aria-invalid=\"false\" value=\"\" type=\"text\" name=\"your-empresa\" \/><\/span>\n\t\t\t<\/p>\n\t\t<\/div>\n\t<\/div>\n\t<div class=\"col-lg-6\">\n\t\t<div class=\"form-group\">\n\t\t\t<p><label for=\"contact-email\">Cargo ocupado *<\/label><br \/>\n<span class=\"wpcf7-form-control-wrap\" data-name=\"your-cargoOCU\"><input size=\"40\" maxlength=\"400\" class=\"wpcf7-form-control wpcf7-text wpcf7-validates-as-required form-control\" aria-required=\"true\" aria-invalid=\"false\" value=\"\" type=\"text\" name=\"your-cargoOCU\" \/><\/span>\n\t\t\t<\/p>\n\t\t<\/div>\n\t<\/div>\n\t<div class=\"col-lg-6\">\n\t\t<div class=\"form-group\">\n\t\t\t<p><label for=\"contact-email\">Area\/Negocio *<\/label><br \/>\n<span class=\"wpcf7-form-control-wrap\" data-name=\"your-area\"><input size=\"40\" maxlength=\"400\" class=\"wpcf7-form-control wpcf7-text wpcf7-validates-as-required form-control\" aria-required=\"true\" aria-invalid=\"false\" value=\"\" type=\"text\" name=\"your-area\" \/><\/span>\n\t\t\t<\/p>\n\t\t<\/div>\n\t<\/div>\n\t<div class=\"col-lg-6\">\n\t\t<div class=\"form-group\">\n\t\t\t<p><label for=\"contact-email\">Pa\u00eds *<\/label><br \/>\n<span class=\"wpcf7-form-control-wrap\" data-name=\"your-pais\"><input size=\"40\" maxlength=\"400\" class=\"wpcf7-form-control wpcf7-text wpcf7-validates-as-required form-control\" aria-required=\"true\" aria-invalid=\"false\" value=\"\" type=\"text\" name=\"your-pais\" \/><\/span>\n\t\t\t<\/p>\n\t\t<\/div>\n\t<\/div>\n\t<div class=\"col-lg-6\">\n\t\t<div class=\"form-group\">\n\t\t\t<p><label for=\"contact-email\">Asunto *<\/label><br \/>\n<span class=\"wpcf7-form-control-wrap\" data-name=\"your-asunto\"><input size=\"40\" maxlength=\"400\" class=\"wpcf7-form-control wpcf7-text wpcf7-validates-as-required form-control\" aria-required=\"true\" aria-invalid=\"false\" value=\"\" type=\"text\" name=\"your-asunto\" \/><\/span>\n\t\t\t<\/p>\n\t\t<\/div>\n\t<\/div>\n\t<div class=\"col-lg-6\">\n\t\t<div class=\"form-group\">\n\t\t\t<p><label for=\"contact-email\">Comentarios *<\/label><br \/>\n<span class=\"wpcf7-form-control-wrap\" data-name=\"textarea-728\"><textarea cols=\"40\" rows=\"10\" maxlength=\"2000\" class=\"wpcf7-form-control wpcf7-textarea wpcf7-validates-as-required form-control\" aria-required=\"true\" aria-invalid=\"false\" name=\"textarea-728\"><\/textarea><\/span>\n\t\t\t<\/p>\n\t\t<\/div>\n\t<\/div>\n<hr \/>\n\t<div class=\"col-lg-12\">\n\t\t<div class=\"form-group\">\n\t\t\t<p><strong>AVISO DE PRIVACIDAD<\/strong><br \/>\n\t\t\t\t<font color=\"#c0c0c0\">Los datos personales suministrados por clientes, personal y proveedores a MATRIX CPM SOLUTIONS y MATRIX BUSINESS ser\u00e1n tratados por la compa\u00f1\u00eda de manera confidencial, con las finalidades de ejecutar las relaciones contractuales y comerciales, realizar las actividades necesarias para la provisi\u00f3n de productos y servicios, y dem\u00e1s finalidades se\u00f1aladas en la POL\u00cdTICA DE PROTECCI\u00d3N DE DATOS PERSONALES de MATRIX CPM SOLUTIONS y MATRIX BUSINESS, que se puede consultar en www.matrixcpmsolutions.com o solicitarla a trav\u00e9s del correo protecciondedatos@matrixcpmsolutions.com, en donde adem\u00e1s podr\u00e1 conocer los procedimientos dispuestos para la atenci\u00f3n de consultas, presentaci\u00f3n de quejas o ejercicio de derechos sobre sus datos personales como conocer, actualizar, rectificar, revocar su autorizaci\u00f3n, solicitar la supresi\u00f3n de su informaci\u00f3n, prueba de la autorizaci\u00f3n e informaci\u00f3n respecto del uso de sus datos.\n\nConsulte nuestra <a href=\"https:\/\/matrixcpmsolutions.com\/es\/politica-de-proteccion-datos-personales\/\">POL\u00cdTICA DE PROTECCI\u00d3N DE DATOS PERSONALES<\/a> para conocer la direcci\u00f3n de nuestras oficinas, datos de contacto y \u00e1rea responsable, de acuerdo al pa\u00eds.\n\t\t\t\t<\/font>\n\t\t\t<\/p>\n\t\t\t<p><span class=\"wpcf7-form-control-wrap\" data-name=\"acceptance-privacidad\"><span class=\"wpcf7-form-control wpcf7-acceptance\"><span class=\"wpcf7-list-item\"><label><input type=\"checkbox\" name=\"acceptance-privacidad\" value=\"1\" aria-invalid=\"false\" \/><span class=\"wpcf7-list-item-label\">Le\u00ed, entend\u00ed y acepto Pol\u00edtica de Tratamiento de Datos Personales<\/span><\/label><\/span><\/span><\/span><br \/>\n<span class=\"wpcf7-form-control-wrap\" data-name=\"acceptance-privacidad\"><span class=\"wpcf7-form-control wpcf7-acceptance\"><span class=\"wpcf7-list-item\"><label><input type=\"checkbox\" name=\"acceptance-privacidad\" value=\"1\" aria-invalid=\"false\" \/><span class=\"wpcf7-list-item-label\">Acepto el Tratamiento de mis Datos Personales<\/span><\/label><\/span><\/span><\/span><br \/>\n(Acepte estas 2 condiciones para habilitar el env\u00edo de su mensaje)\n\t\t\t<\/p>\n\t\t\t<p><input class=\"wpcf7-form-control wpcf7-submit has-spinner btn btn-primary btn-lg\" type=\"submit\" value=\"ENVIAR\" \/>\n\t\t\t<\/p>\n\t\t<\/div>\n\t<\/div>\n<\/div><div class=\"wpcf7-response-output\" aria-hidden=\"true\"><\/div>\n<\/form>\n<\/div>\n[\/vc_column][vc_column width=&#8221;1\/2&#8243;][vc_custom_heading text=&#8221;<strong>Matrix CPM Solutions<\/strong> &amp; <strong>Matrix Business<\/strong>&#8221; font_container=&#8221;tag:h4|text_align:left&#8221; use_theme_fonts=&#8221;yes&#8221; skin=&#8221;primary&#8221; el_class=&#8221;m-t&#8221;][vc_column_text]Si tiene alg\u00fan requerimiento o duda espec\u00edfica puede llenar el formulario a la izquierda y le estaremos contactando a la brevedad posible.[\/vc_column_text][vc_message]<span style=\"font-size: 15px;\"><a href=\"https:\/\/matrixcpmsolutions.com\/es\/politica-de-proteccion-datos-personales\/\">Pol\u00edtica de Protecci\u00f3n de Datos Personales &#8211; Matrix CPM Solutions y Matrix Business<\/a><\/span>[\/vc_message][vc_separator color=&#8221;custom&#8221; gradient=&#8221;yes&#8221;][vc_custom_heading text=&#8221;Matrix Business <strong>USA<\/strong>&#8221; font_container=&#8221;tag:h4|text_align:left&#8221; use_theme_fonts=&#8221;yes&#8221; skin=&#8221;primary&#8221;]<div class=\"porto-sicon-wrapper style_1\"><div class=\"porto-sicon-box default-icon\" style=\"\"  ><div class=\"porto-sicon-default\"><div id=\"porto-icon-187534486269fa0f264186d\" class=\"porto-just-icon-wrapper  \"><div class=\"align-icon\" style=\"text-align:center;\">\n<div class=\"porto-icon circle \"  style=\"color:#ffffff;background:#0088cc;font-size:14px;display:inline-block;\">\n\t<i class=\"fa fa-map-marker\"><\/i>\n<\/div><\/div><\/div><\/div><div class=\"porto-sicon-header\" ><h3 class=\"porto-sicon-title\" style=\"font-size:14px;color:#777777;\"><strong>Direcci\u00f3n:<\/strong> 8400 NW 36th St. Suite 450, Doral, Florida 33166, United States<\/h3><\/div> <!-- header --><div class=\"porto-sicon-description\" style=\"\"><a style=\"border: 0;\" title=\"Matrix Business USA\" href=\"https:\/\/www.google.com\/maps\/place\/8400+NW+36th+St+Suite+450,+Doral,+FL+33166,+EE.+UU.\/@25.8092084,-80.3327294,17z\/data=!3m1!4b1!4m6!3m5!1s0x88d9b9633413ecf1:0xe07bcfb43f7757e!8m2!3d25.8092084!4d-80.3327294!16s%2Fg%2F11mhk03ltt?entry=ttu\" target=\"_blank\" rel=\"noopener\">Ver Mapa<\/a><\/p>\n<p><\/div> <!-- description --><\/div> <!-- porto-sicon-box --><\/div><div class=\"porto-sicon-wrapper style_1\"><div class=\"porto-sicon-box default-icon\" style=\"\"  ><div class=\"porto-sicon-default\"><div id=\"porto-icon-33831035769fa0f26418f5\" class=\"porto-just-icon-wrapper  \"><div class=\"align-icon\" style=\"text-align:center;\">\n<div class=\"porto-icon circle \"  style=\"color:#ffffff;background:#0088cc;font-size:14px;display:inline-block;\">\n\t<i class=\"fa fa-phone\"><\/i>\n<\/div><\/div><\/div><\/div><div class=\"porto-sicon-header\" ><h3 class=\"porto-sicon-title\" style=\"font-size:14px;color:#777777;\"><strong>Tel\u00e9fono:<\/strong> : +1 (954) 361-8716<\/h3><\/div> <!-- header --><\/div> <!-- porto-sicon-box --><\/div><div class=\"porto-sicon-wrapper style_1\"><div class=\"porto-sicon-box default-icon\" style=\"\"  ><div class=\"porto-sicon-default\"><div id=\"porto-icon-66211318169fa0f2641974\" class=\"porto-just-icon-wrapper  \"><div class=\"align-icon\" style=\"text-align:center;\">\n<div class=\"porto-icon circle \"  style=\"color:#ffffff;background:#0088cc;font-size:14px;display:inline-block;\">\n\t<i class=\"porto-icon-mail-alt\"><\/i>\n<\/div><\/div><\/div><\/div><div class=\"porto-sicon-header\" ><h3 class=\"porto-sicon-title\" style=\"font-size:14px;color:#777777;\"><strong>Email:<\/strong> contact@matrixcorp.business<\/h3><\/div> <!-- header --><\/div> <!-- porto-sicon-box --><\/div>[vc_separator color=&#8221;custom&#8221; gradient=&#8221;yes&#8221;][vc_custom_heading text=&#8221;Matrix CPM Solutions <strong>Colombia<\/strong>&#8221; font_container=&#8221;tag:h4|text_align:left&#8221; use_theme_fonts=&#8221;yes&#8221; skin=&#8221;primary&#8221;]<div class=\"porto-sicon-wrapper style_1\"><div class=\"porto-sicon-box default-icon\" style=\"\"  ><div class=\"porto-sicon-default\"><div id=\"porto-icon-106282469fa0f26419eb\" class=\"porto-just-icon-wrapper  \"><div class=\"align-icon\" style=\"text-align:center;\">\n<div class=\"porto-icon circle \"  style=\"color:#ffffff;background:#0088cc;font-size:14px;display:inline-block;\">\n\t<i class=\"fa fa-map-marker\"><\/i>\n<\/div><\/div><\/div><\/div><div class=\"porto-sicon-header\" ><h3 class=\"porto-sicon-title\" style=\"font-size:14px;color:#777777;\"><strong>Direcci\u00f3n:<\/strong> Carrera 15, #93a-84, oficina 202. Bogot\u00e1. Colombia.<\/h3><\/div> <!-- header --><div class=\"porto-sicon-description\" style=\"\"><a href=\"https:\/\/www.google.co.ve\/maps\/place\/oficina+309,+Ak.+15+%2393a-84,+Bogot%C3%A1,+Colombia\/@4.6786377,-74.0529016,17z\/data=!3m1!4b1!4m5!3m4!1s0x8e3f9a930040a803:0x2050fb2672ae583b!8m2!3d4.6786377!4d-74.0507129\" target=\"_blank\" rel=\"noopener\">Ver Mapa<\/a><\/div> <!-- description --><\/div> <!-- porto-sicon-box --><\/div><div class=\"porto-sicon-wrapper style_1\"><div class=\"porto-sicon-box default-icon\" style=\"\"  ><div class=\"porto-sicon-default\"><div id=\"porto-icon-192712901269fa0f2641a4d\" class=\"porto-just-icon-wrapper  \"><div class=\"align-icon\" style=\"text-align:center;\">\n<div class=\"porto-icon circle \"  style=\"color:#ffffff;background:#0088cc;font-size:14px;display:inline-block;\">\n\t<i class=\"fa fa-phone\"><\/i>\n<\/div><\/div><\/div><\/div><div class=\"porto-sicon-header\" ><h3 class=\"porto-sicon-title\" style=\"font-size:14px;color:#777777;\"><strong>Tel\u00e9fono:<\/strong> .57 1-927 94 45<\/h3><\/div> <!-- header --><\/div> <!-- porto-sicon-box --><\/div><div class=\"porto-sicon-wrapper style_1\"><div class=\"porto-sicon-box default-icon\" style=\"\"  ><div class=\"porto-sicon-default\"><div id=\"porto-icon-153865802169fa0f2641aba\" class=\"porto-just-icon-wrapper  \"><div class=\"align-icon\" style=\"text-align:center;\">\n<div class=\"porto-icon circle \"  style=\"color:#ffffff;background:#0088cc;font-size:14px;display:inline-block;\">\n\t<i class=\"porto-icon-mail-alt\"><\/i>\n<\/div><\/div><\/div><\/div><div class=\"porto-sicon-header\" ><h3 class=\"porto-sicon-title\" style=\"font-size:14px;color:#777777;\"><strong>Email:<\/strong> contactos@matrixcpmsolutions.com<\/h3><\/div> <!-- header --><\/div> <!-- porto-sicon-box --><\/div>[vc_separator color=&#8221;custom&#8221; gradient=&#8221;yes&#8221;][vc_custom_heading text=&#8221;Matrix CPM Solutions <strong>M\u00e9xico<\/strong>&#8221; font_container=&#8221;tag:h4|text_align:left&#8221; use_theme_fonts=&#8221;yes&#8221; skin=&#8221;primary&#8221;]<div class=\"porto-sicon-wrapper style_1\"><div class=\"porto-sicon-box default-icon\" style=\"\"  ><div class=\"porto-sicon-default\"><div id=\"porto-icon-185514931369fa0f2641b12\" class=\"porto-just-icon-wrapper  \"><div class=\"align-icon\" style=\"text-align:center;\">\n<div class=\"porto-icon circle \"  style=\"color:#ffffff;background:#0088cc;font-size:14px;display:inline-block;\">\n\t<i class=\"fa fa-map-marker\"><\/i>\n<\/div><\/div><\/div><\/div><div class=\"porto-sicon-header\" ><h3 class=\"porto-sicon-title\" style=\"font-size:14px;color:#777777;\"><strong>Direcci\u00f3n:<\/strong> Juan S\u00e1nchez Azcona 551, Interior 1. Col. Narvarte Poniente CP 03020. Deleg. Benito Ju\u00e1rez, Ciudad de M\u00e9xico, M\u00e9xico.<br \/>\n<\/h3><\/div> <!-- header --><div class=\"porto-sicon-description\" style=\"\"><a title=\"Matrix M\u00e9xico\" href=\"https:\/\/www.google.co.ve\/maps\/place\/Matrix+CPM+Solutions+-+M%C3%A9xico\/@19.3921838,-99.1628842,17z\/data=!3m1!4b1!4m5!3m4!1s0x85d1ff2a7fd5f3d5:0x95575856649c400!8m2!3d19.3921838!4d-99.1606955?authuser=1\" target=\"_blank\" rel=\"noopener\">Ver Mapa<\/a><a><\/div> <!-- description --><\/div> <!-- porto-sicon-box --><\/div><div class=\"porto-sicon-wrapper style_1\"><div class=\"porto-sicon-box default-icon\" style=\"\"  ><div class=\"porto-sicon-default\"><div id=\"porto-icon-177682870469fa0f2641b6c\" class=\"porto-just-icon-wrapper  \"><div class=\"align-icon\" style=\"text-align:center;\">\n<div class=\"porto-icon circle \"  style=\"color:#ffffff;background:#0088cc;font-size:14px;display:inline-block;\">\n\t<i class=\"fa fa-phone\"><\/i>\n<\/div><\/div><\/div><\/div><div class=\"porto-sicon-header\" ><h3 class=\"porto-sicon-title\" style=\"font-size:14px;color:#777777;\"><strong>Tel\u00e9fonos:<\/strong> \u2022 52.55. 44315061 \u2022 52.1.55.44315062<\/h3><\/div> <!-- header --><\/div> <!-- porto-sicon-box --><\/div><div class=\"porto-sicon-wrapper style_1\"><div class=\"porto-sicon-box default-icon\" style=\"\"  ><div class=\"porto-sicon-default\"><div id=\"porto-icon-2671806669fa0f2641bc7\" class=\"porto-just-icon-wrapper  \"><div class=\"align-icon\" style=\"text-align:center;\">\n<div class=\"porto-icon circle \"  style=\"color:#ffffff;background:#0088cc;font-size:14px;display:inline-block;\">\n\t<i class=\"porto-icon-mail-alt\"><\/i>\n<\/div><\/div><\/div><\/div><div class=\"porto-sicon-header\" ><h3 class=\"porto-sicon-title\" style=\"font-size:14px;color:#777777;\"><strong>Email:<\/strong> contactos@matrixcpmsolutions.com<\/h3><\/div> <!-- header --><\/div> <!-- porto-sicon-box --><\/div>[vc_separator color=&#8221;custom&#8221; gradient=&#8221;yes&#8221;][vc_custom_heading text=&#8221;Matrix CPM Solutions <strong>Venezuela<\/strong>&#8221; font_container=&#8221;tag:h4|text_align:left&#8221; use_theme_fonts=&#8221;yes&#8221; skin=&#8221;primary&#8221;]<div class=\"porto-sicon-wrapper style_1\"><div class=\"porto-sicon-box default-icon\" style=\"\"  ><div class=\"porto-sicon-default\"><div id=\"porto-icon-157938134569fa0f2641c22\" class=\"porto-just-icon-wrapper  \"><div class=\"align-icon\" style=\"text-align:center;\">\n<div class=\"porto-icon circle \"  style=\"color:#ffffff;background:#0088cc;font-size:14px;display:inline-block;\">\n\t<i class=\"fa fa-map-marker\"><\/i>\n<\/div><\/div><\/div><\/div><div class=\"porto-sicon-header\" ><h3 class=\"porto-sicon-title\" style=\"font-size:14px;color:#777777;\"><strong>Direcci\u00f3n:<\/strong> Av. San Francisco con Calle Santa Margarita, Edf. Torre la California, Piso 8, Oficina 8B, Urb. La California, Caracas, Venezuela.<\/h3><\/div> <!-- header --><div class=\"porto-sicon-description\" style=\"\"><\/a><a title=\"Matrix Venezuela\" href=\"https:\/\/www.google.co.ve\/maps\/place\/10%C2%B028&#039;25.8%22N+66%C2%B049&#039;05.5%22W\/@10.4749231,-66.8185745,16z\/data=!4m2!3m1!1s0x0:0x0\" target=\"_blank\" rel=\"noopener\">Ver Mapa<\/a><a><\/div> <!-- description --><\/div> <!-- porto-sicon-box --><\/div><div class=\"porto-sicon-wrapper style_1\"><div class=\"porto-sicon-box default-icon\" style=\"\"  ><div class=\"porto-sicon-default\"><div id=\"porto-icon-99550884669fa0f2641c77\" class=\"porto-just-icon-wrapper  \"><div class=\"align-icon\" style=\"text-align:center;\">\n<div class=\"porto-icon circle \"  style=\"color:#ffffff;background:#0088cc;font-size:14px;display:inline-block;\">\n\t<i class=\"fa fa-phone\"><\/i>\n<\/div><\/div><\/div><\/div><div class=\"porto-sicon-header\" ><h3 class=\"porto-sicon-title\" style=\"font-size:14px;color:#777777;\"><strong>Tel\u00e9fono:<\/strong> \u2022 58.212.3253303 \u2022 58.212.2562422 \u2022 58.414.1314794<\/h3><\/div> <!-- header --><\/div> <!-- porto-sicon-box --><\/div><div class=\"porto-sicon-wrapper style_1\"><div class=\"porto-sicon-box default-icon\" style=\"\"  ><div class=\"porto-sicon-default\"><div id=\"porto-icon-150392271569fa0f2641ccb\" class=\"porto-just-icon-wrapper  \"><div class=\"align-icon\" style=\"text-align:center;\">\n<div class=\"porto-icon circle \"  style=\"color:#ffffff;background:#0088cc;font-size:14px;display:inline-block;\">\n\t<i class=\"porto-icon-mail-alt\"><\/i>\n<\/div><\/div><\/div><\/div><div class=\"porto-sicon-header\" ><h3 class=\"porto-sicon-title\" style=\"font-size:14px;color:#777777;\"><strong>Email:<\/strong> contactos@matrixcpmsolutions.com<\/h3><\/div> <!-- header --><\/div> <!-- porto-sicon-box --><\/div>[\/vc_column][\/vc_row][vc_row][vc_column][vc_column_text]<\/a><a>[\/vc_column_text][\/vc_column][\/vc_row][vc_row][vc_column][vc_column_text]<\/a>[\/vc_column_text][\/vc_column][\/vc_row]<\/p>\n","protected":false},"excerpt":{"rendered":"<p>[vc_row wrap_container=&#8221;yes&#8221; el_class=&#8221;m-b-xl&#8221; css=&#8221;.vc_custom_1528309390119{margin-top: 15px !important;}&#8221;][vc_column width=&#8221;1\/2&#8243;][\/vc_column][vc_column width=&#8221;1\/2&#8243;][vc_custom_heading text=&#8221;Matrix CPM Solutions &amp; Matrix Business&#8221; font_container=&#8221;tag:h4|text_align:left&#8221; use_theme_fonts=&#8221;yes&#8221; skin=&#8221;primary&#8221; el_class=&#8221;m-t&#8221;][vc_column_text]Si tiene alg\u00fan requerimiento o duda espec\u00edfica puede llenar el formulario a la izquierda y le estaremos contactando a la brevedad posible.[\/vc_column_text][vc_message]Pol\u00edtica de Protecci\u00f3n de Datos Personales &#8211; Matrix CPM Solutions y Matrix Business[\/vc_message][vc_separator color=&#8221;custom&#8221; gradient=&#8221;yes&#8221;][vc_custom_heading text=&#8221;Matrix Business [&hellip;]<\/p>\n","protected":false},"author":1,"featured_media":0,"parent":0,"menu_order":0,"comment_status":"closed","ping_status":"closed","template":"","meta":{"footnotes":""},"class_list":["post-73","page","type-page","status-publish","hentry"],"_links":{"self":[{"href":"https:\/\/matrixcpmsolutions.com\/es\/wp-json\/wp\/v2\/pages\/73","targetHints":{"allow":["GET"]}}],"collection":[{"href":"https:\/\/matrixcpmsolutions.com\/es\/wp-json\/wp\/v2\/pages"}],"about":[{"href":"https:\/\/matrixcpmsolutions.com\/es\/wp-json\/wp\/v2\/types\/page"}],"author":[{"embeddable":true,"href":"https:\/\/matrixcpmsolutions.com\/es\/wp-json\/wp\/v2\/users\/1"}],"replies":[{"embeddable":true,"href":"https:\/\/matrixcpmsolutions.com\/es\/wp-json\/wp\/v2\/comments?post=73"}],"version-history":[{"count":58,"href":"https:\/\/matrixcpmsolutions.com\/es\/wp-json\/wp\/v2\/pages\/73\/revisions"}],"predecessor-version":[{"id":2502,"href":"https:\/\/matrixcpmsolutions.com\/es\/wp-json\/wp\/v2\/pages\/73\/revisions\/2502"}],"wp:attachment":[{"href":"https:\/\/matrixcpmsolutions.com\/es\/wp-json\/wp\/v2\/media?parent=73"}],"curies":[{"name":"wp","href":"https:\/\/api.w.org\/{rel}","templated":true}]}}