{"id":75,"date":"2016-06-14T06:36:54","date_gmt":"2016-06-14T06:36:54","guid":{"rendered":"http:\/\/sw-themes.com\/porto_dummy\/?page_id=75"},"modified":"2024-08-17T11:55:41","modified_gmt":"2024-08-17T16:55:41","slug":"unete-a-nosotros","status":"publish","type":"page","link":"https:\/\/matrixcpmsolutions.com\/es\/unete-a-nosotros\/","title":{"rendered":"\u00danete a Nosotros"},"content":{"rendered":"<p>[vc_row wrap_container=&#8221;yes&#8221; el_class=&#8221;m-b-xl&#8221; css=&#8221;.vc_custom_1528227510132{margin-top: 25px !important;}&#8221;][vc_column width=&#8221;1\/2&#8243;]\n<div class=\"wpcf7 no-js\" id=\"wpcf7-f76-o1\" lang=\"en-US\" dir=\"ltr\" data-wpcf7-id=\"76\">\n<div class=\"screen-reader-response\"><p role=\"status\" aria-live=\"polite\" aria-atomic=\"true\"><\/p> <ul><\/ul><\/div>\n<form action=\"\/es\/wp-json\/wp\/v2\/pages\/75#wpcf7-f76-o1\" method=\"post\" class=\"wpcf7-form init\" aria-label=\"Contact form\" enctype=\"multipart\/form-data\" novalidate=\"novalidate\" data-status=\"init\">\n<fieldset class=\"hidden-fields-container\"><input type=\"hidden\" name=\"_wpcf7\" value=\"76\" \/><input type=\"hidden\" name=\"_wpcf7_version\" value=\"6.1.3\" \/><input type=\"hidden\" name=\"_wpcf7_locale\" value=\"en_US\" \/><input type=\"hidden\" name=\"_wpcf7_unit_tag\" value=\"wpcf7-f76-o1\" \/><input type=\"hidden\" name=\"_wpcf7_container_post\" value=\"0\" \/><input type=\"hidden\" name=\"_wpcf7_posted_data_hash\" value=\"\" \/><input type=\"hidden\" name=\"_wpcf7_recaptcha_response\" value=\"\" \/>\n<\/fieldset>\n<h2 class=\"short\"><strong>Informaci\u00f3n<\/strong> Personal\n<\/h2>\n<div class=\"row\">\n\t<div class=\"col-lg-6\">\n\t\t<div class=\"form-group\">\n\t\t\t<p><label for=\"contact-name\">Nombre *<\/label><br \/>\n<span class=\"wpcf7-form-control-wrap\" data-name=\"your-name\"><input size=\"40\" maxlength=\"400\" class=\"wpcf7-form-control wpcf7-text wpcf7-validates-as-required form-control\" id=\"contact-name\" aria-required=\"true\" aria-invalid=\"false\" value=\"\" type=\"text\" name=\"your-name\" \/><\/span>\n\t\t\t<\/p>\n\t\t<\/div>\n\t<\/div>\n\t<div class=\"col-lg-6\">\n\t\t<div class=\"form-group\">\n\t\t\t<p><label for=\"contact-name\">Apellido *<\/label><br \/>\n<span class=\"wpcf7-form-control-wrap\" data-name=\"apellido\"><input size=\"40\" maxlength=\"400\" class=\"wpcf7-form-control wpcf7-text wpcf7-validates-as-required form-control\" aria-required=\"true\" aria-invalid=\"false\" value=\"\" type=\"text\" name=\"apellido\" \/><\/span>\n\t\t\t<\/p>\n\t\t<\/div>\n\t<\/div>\n\t<div class=\"col-lg-6\">\n\t\t<div class=\"form-group\">\n\t\t\t<p><label for=\"contact-email\">Cargo al que aplica *<\/label><br \/>\n<span class=\"wpcf7-form-control-wrap\" data-name=\"your-cargo\"><input size=\"40\" maxlength=\"400\" class=\"wpcf7-form-control wpcf7-text wpcf7-validates-as-required form-control\" id=\"contact-email\" aria-required=\"true\" aria-invalid=\"false\" value=\"\" type=\"text\" name=\"your-cargo\" \/><\/span>\n\t\t\t<\/p>\n\t\t<\/div>\n\t<\/div>\n\t<div class=\"col-lg-6\">\n\t\t<div class=\"form-group\">\n\t\t\t<p><label for=\"contact-email\">Email *<\/label><br \/>\n<span class=\"wpcf7-form-control-wrap\" data-name=\"your-email\"><input size=\"40\" maxlength=\"400\" class=\"wpcf7-form-control wpcf7-email wpcf7-validates-as-required wpcf7-text wpcf7-validates-as-email form-control\" aria-required=\"true\" aria-invalid=\"false\" value=\"\" type=\"email\" name=\"your-email\" \/><\/span>\n\t\t\t<\/p>\n\t\t<\/div>\n\t<\/div>\n\t<div class=\"col-lg-6\">\n\t\t<div class=\"form-group\">\n\t\t\t<p><label for=\"contact-email\">Tel\u00e9fono celular *<\/label><br \/>\n<span class=\"wpcf7-form-control-wrap\" data-name=\"your-tlfcel\"><input size=\"40\" maxlength=\"400\" class=\"wpcf7-form-control wpcf7-tel wpcf7-validates-as-required wpcf7-text wpcf7-validates-as-tel form-control\" aria-required=\"true\" aria-invalid=\"false\" value=\"\" type=\"tel\" name=\"your-tlfcel\" \/><\/span>\n\t\t\t<\/p>\n\t\t<\/div>\n\t<\/div>\n\t<div class=\"col-lg-6\">\n\t\t<div class=\"form-group\">\n\t\t\t<p><label for=\"contact-email\">Tel\u00e9fono habitaci\u00f3n *<\/label><br \/>\n<span class=\"wpcf7-form-control-wrap\" data-name=\"your-tlffijo\"><input size=\"40\" maxlength=\"400\" class=\"wpcf7-form-control wpcf7-tel wpcf7-validates-as-required wpcf7-text wpcf7-validates-as-tel form-control\" aria-required=\"true\" aria-invalid=\"false\" value=\"\" type=\"tel\" name=\"your-tlffijo\" \/><\/span>\n\t\t\t<\/p>\n\t\t<\/div>\n\t<\/div>\n\t<h2 class=\"short\"><strong>Informaci\u00f3n<\/strong> Profesional\n\t<\/h2>\n\t<div class=\"col-lg-6\">\n\t\t<div class=\"form-group\">\n\t\t\t<p><label for=\"contact-subject\">Educaci\u00f3n<\/label><br \/>\n<span class=\"wpcf7-form-control-wrap\" data-name=\"your-subject\"><select class=\"wpcf7-form-control wpcf7-select form-control\" id=\"contact-subject\" aria-invalid=\"false\" name=\"your-subject\"><option value=\"\"><\/option><option value=\"Bachiller\">Bachiller<\/option><option value=\"Universitario\">Universitario<\/option><option value=\"Postgardo\">Postgardo<\/option><\/select><\/span>\n\t\t\t<\/p>\n\t\t<\/div>\n\t<\/div>\n\t<div class=\"col-lg-6\">\n\t\t<div class=\"form-group\">\n\t\t\t<p><label for=\"contact-email\">Universidad donde estudi\u00f3 *<\/label><br \/>\n<span class=\"wpcf7-form-control-wrap\" data-name=\"your-univer\"><input size=\"40\" maxlength=\"400\" class=\"wpcf7-form-control wpcf7-text wpcf7-validates-as-required form-control\" aria-required=\"true\" aria-invalid=\"false\" value=\"\" type=\"text\" name=\"your-univer\" \/><\/span>\n\t\t\t<\/p>\n\t\t<\/div>\n\t<\/div>\n\t<div class=\"col-lg-6\">\n\t\t<div class=\"form-group\">\n\t\t\t<p><label for=\"contact-email\">\u00daltima empresa donde trabaj\u00f3 *<\/label><br \/>\n<span class=\"wpcf7-form-control-wrap\" data-name=\"your-empresau\"><input size=\"40\" maxlength=\"400\" class=\"wpcf7-form-control wpcf7-text wpcf7-validates-as-required form-control\" aria-required=\"true\" aria-invalid=\"false\" value=\"\" type=\"text\" name=\"your-empresau\" \/><\/span>\n\t\t\t<\/p>\n\t\t<\/div>\n\t<\/div>\n\t<div class=\"col-lg-6\">\n\t\t<div class=\"form-group\">\n\t\t\t<p><label for=\"contact-email\">Cargo ocupado en dicha empresa *<\/label><br \/>\n<span class=\"wpcf7-form-control-wrap\" data-name=\"your-cargou\"><input size=\"40\" maxlength=\"400\" class=\"wpcf7-form-control wpcf7-text wpcf7-validates-as-required form-control\" aria-required=\"true\" aria-invalid=\"false\" value=\"\" type=\"text\" name=\"your-cargou\" \/><\/span>\n\t\t\t<\/p>\n\t\t<\/div>\n\t<\/div>\n\t<div class=\"col-lg-6\">\n\t\t<div class=\"form-group\">\n\t\t\t<p><label for=\"contact-email\">Habilidades y destrezas primarias *<\/label><br \/>\n<span class=\"wpcf7-form-control-wrap\" data-name=\"textarea-728\"><textarea cols=\"40\" rows=\"10\" maxlength=\"2000\" class=\"wpcf7-form-control wpcf7-textarea wpcf7-validates-as-required form-control\" aria-required=\"true\" aria-invalid=\"false\" name=\"textarea-728\"><\/textarea><\/span>\n\t\t\t<\/p>\n\t\t<\/div>\n\t<\/div>\n\t<div class=\"col-lg-6\">\n\t\t<div class=\"form-group\">\n\t\t\t<p><label for=\"contact-email\">Habilidades y destrezas secundarias *<\/label><br \/>\n<span class=\"wpcf7-form-control-wrap\" data-name=\"textarea-7282\"><textarea cols=\"40\" rows=\"10\" maxlength=\"2000\" class=\"wpcf7-form-control wpcf7-textarea wpcf7-validates-as-required form-control\" aria-required=\"true\" aria-invalid=\"false\" name=\"textarea-7282\"><\/textarea><\/span>\n\t\t\t<\/p>\n\t\t<\/div>\n\t<\/div>\n\t<div class=\"col-lg-6\">\n\t\t<div class=\"form-group\">\n\t\t\t<p><label for=\"contact-subject\">A\u00f1os de experiencia<\/label><br \/>\n<span class=\"wpcf7-form-control-wrap\" data-name=\"your-exper\"><select class=\"wpcf7-form-control wpcf7-select form-control\" aria-invalid=\"false\" name=\"your-exper\"><option value=\"\"><\/option><option value=\"1 A\u00f1o\">1 A\u00f1o<\/option><option value=\"2 A\u00f1os\">2 A\u00f1os<\/option><option value=\"3 A\u00f1os\">3 A\u00f1os<\/option><option value=\"4 A\u00f1os\">4 A\u00f1os<\/option><option value=\"5 A\u00f1os\">5 A\u00f1os<\/option><option value=\"6 A\u00f1os\">6 A\u00f1os<\/option><option value=\"7 A\u00f1os\">7 A\u00f1os<\/option><option value=\"8 A\u00f1os\">8 A\u00f1os<\/option><option value=\"9 A\u00f1os\">9 A\u00f1os<\/option><option value=\"10 A\u00f1os \u00f3 m\u00e1s\">10 A\u00f1os \u00f3 m\u00e1s<\/option><\/select><\/span>\n\t\t\t<\/p>\n\t\t<\/div>\n\t<\/div>\n\t<div class=\"col-lg-6\">\n\t\t<div class=\"form-group\">\n\t\t\t<p><label for=\"contact-subject\">Disponibilidad para trabajar en el exterior <\/label><br \/>\n<span class=\"wpcf7-form-control-wrap\" data-name=\"your-trabajarf\"><select class=\"wpcf7-form-control wpcf7-select form-control\" aria-invalid=\"false\" name=\"your-trabajarf\"><option value=\"\"><\/option><option value=\"Si\">Si<\/option><option value=\"No\">No<\/option><\/select><\/span>\n\t\t\t<\/p>\n\t\t<\/div>\n\t<\/div>\n\t<h2 class=\"short\"><strong>Adjuntar<\/strong> Curriculum\n\t<\/h2>\n\t<div class=\"col-lg-12\">\n\t\t<div class=\"form-group\">\n\t\t\t<p><label for=\"contact-attachment\">Adjunte su Resumen Curricular (en formato .doc \/ .pdf solamente y tama\u00f1o < 1 MB)<\/label><br \/>\n<span class=\"wpcf7-form-control-wrap\" data-name=\"your-attachment\"><input size=\"40\" class=\"wpcf7-form-control wpcf7-file\" id=\"contact-attachment\" accept=\"audio\/*,video\/*,image\/*\" aria-invalid=\"false\" type=\"file\" name=\"your-attachment\" \/><\/span>\n\t\t\t<\/p>\n\t\t<\/div>\n\t<\/div>\n\t<div class=\"col-lg-12\">\n\t\t<div class=\"form-group\">\n\t\t\t<p><label for=\"contact-message\">O copie en el espacio inferior su Curr\u00edculum en formato de texto. *<\/label><br \/>\n<span class=\"wpcf7-form-control-wrap\" data-name=\"your-message\"><textarea cols=\"40\" rows=\"10\" maxlength=\"2000\" class=\"wpcf7-form-control wpcf7-textarea wpcf7-validates-as-required form-control\" id=\"contact-message\" aria-required=\"true\" aria-invalid=\"false\" name=\"your-message\"><\/textarea><\/span>\n\t\t\t<\/p>\n\t\t<\/div>\n\t<\/div>\n<hr \/>\n\t<div class=\"col-lg-12\">\n\t\t<div class=\"form-group\">\n\t\t\t<p><input class=\"wpcf7-form-control wpcf7-submit has-spinner btn btn-primary btn-lg\" type=\"submit\" value=\"ENVIAR\" \/>\n\t\t\t<\/p>\n\t\t<\/div>\n\t<\/div>\n<\/div>\n<div class=\"wpcf7-response-output\" aria-hidden=\"true\"><\/div>\n<\/form>\n<\/div>\n[\/vc_column][vc_column width=&#8221;1\/2&#8243;][vc_custom_heading text=&#8221;\u00danete a <strong>nosotros<\/strong>&#8221; font_container=&#8221;tag:h4|text_align:left&#8221; use_theme_fonts=&#8221;yes&#8221; skin=&#8221;primary&#8221; el_class=&#8221;m-t&#8221;][vc_column_text]Te invitamos a formar parte de nuestro equipo. Por favor llena con tus datos el siguiente formulario. Recuerda que toda la informaci\u00f3n que nos suministres es\u00a0totalmente confidencial y ser\u00e1 procesada por el \u00e1rea de Recursos Humanos.<\/p>\n<p>En caso de que tu perfil coincida con las oportunidades laborales disponibles, nos comunicaremos contigo.[\/vc_column_text][vc_separator color=&#8221;custom&#8221; gradient=&#8221;yes&#8221;][\/vc_column][\/vc_row]<\/p>\n","protected":false},"excerpt":{"rendered":"<p>[vc_row wrap_container=&#8221;yes&#8221; el_class=&#8221;m-b-xl&#8221; css=&#8221;.vc_custom_1528227510132{margin-top: 25px !important;}&#8221;][vc_column width=&#8221;1\/2&#8243;][\/vc_column][vc_column width=&#8221;1\/2&#8243;][vc_custom_heading text=&#8221;\u00danete a nosotros&#8221; font_container=&#8221;tag:h4|text_align:left&#8221; use_theme_fonts=&#8221;yes&#8221; skin=&#8221;primary&#8221; el_class=&#8221;m-t&#8221;][vc_column_text]Te invitamos a formar parte de nuestro equipo. Por favor llena con tus datos el siguiente formulario. Recuerda que toda la informaci\u00f3n que nos suministres es\u00a0totalmente confidencial y ser\u00e1 procesada por el \u00e1rea de Recursos Humanos. En caso de que tu [&hellip;]<\/p>\n","protected":false},"author":1,"featured_media":0,"parent":0,"menu_order":0,"comment_status":"closed","ping_status":"closed","template":"","meta":{"footnotes":""},"class_list":["post-75","page","type-page","status-publish","hentry"],"_links":{"self":[{"href":"https:\/\/matrixcpmsolutions.com\/es\/wp-json\/wp\/v2\/pages\/75","targetHints":{"allow":["GET"]}}],"collection":[{"href":"https:\/\/matrixcpmsolutions.com\/es\/wp-json\/wp\/v2\/pages"}],"about":[{"href":"https:\/\/matrixcpmsolutions.com\/es\/wp-json\/wp\/v2\/types\/page"}],"author":[{"embeddable":true,"href":"https:\/\/matrixcpmsolutions.com\/es\/wp-json\/wp\/v2\/users\/1"}],"replies":[{"embeddable":true,"href":"https:\/\/matrixcpmsolutions.com\/es\/wp-json\/wp\/v2\/comments?post=75"}],"version-history":[{"count":5,"href":"https:\/\/matrixcpmsolutions.com\/es\/wp-json\/wp\/v2\/pages\/75\/revisions"}],"predecessor-version":[{"id":2133,"href":"https:\/\/matrixcpmsolutions.com\/es\/wp-json\/wp\/v2\/pages\/75\/revisions\/2133"}],"wp:attachment":[{"href":"https:\/\/matrixcpmsolutions.com\/es\/wp-json\/wp\/v2\/media?parent=75"}],"curies":[{"name":"wp","href":"https:\/\/api.w.org\/{rel}","templated":true}]}}