{"id":796,"date":"2018-06-06T17:26:53","date_gmt":"2018-06-06T17:26:53","guid":{"rendered":"http:\/\/matrixcpmsolutions.com?page_id=796"},"modified":"2024-08-15T16:00:44","modified_gmt":"2024-08-15T21:00:44","slug":"servicios-de-consultoria","status":"publish","type":"page","link":"https:\/\/matrixcpmsolutions.com\/es\/servicios-de-consultoria\/","title":{"rendered":"Servicios de consultor\u00eda"},"content":{"rendered":"<p>[vc_row][vc_column width=&#8221;1\/4&#8243;][\/vc_column][vc_column width=&#8221;1\/2&#8243;][\/vc_column][vc_column width=&#8221;1\/4&#8243;][\/vc_column][\/vc_row][vc_row][vc_column width=&#8221;1\/2&#8243;][vc_single_image image=&#8221;797&#8243; img_size=&#8221;200&#215;200&#8243; alignment=&#8221;center&#8221;][vc_custom_heading text=&#8221;Servicios de consultor\u00eda&#8221; use_theme_fonts=&#8221;yes&#8221;][vc_column_text]<\/p>\n<div class=\"texto-mid\">\n<p><em>Las novedades tecnol\u00f3gicas o las nuevas tendencias ponen en riesgo la posici\u00f3n competitiva de las organizaciones dentro de su sector.<\/em><\/p>\n<p><em>En Matrix estamos preparados para respaldar a nuestros clientes para que estos cambios generen el menor impacto posible y para que adquieran medidas que les permitan anticiparse a est\u00e1s fluctuaciones del entorno.<\/em><\/p>\n<p><em>De esta manera, apoyados en las mejores metodolog\u00edas de desarrollo (como SCRUM y Rapid Prototyping), nuestra experiencia nos permite colaborar con su organizaci\u00f3n en el desarrollo de sistemas de informaci\u00f3n y soluciones que contemple las siguientes actividades:<\/em><\/p>\n<ul>\n<li><em>Integraci\u00f3n de datos y desarrollo de Data Warehouses.<\/em><\/li>\n<li><em>Aseguramiento de Calidad y Preparaci\u00f3n de datos.<\/em><\/li>\n<li><em>Desarrollo de modelos sobre habilitadores tecnol\u00f3gicos de Inteligencia de Negocios que cubran las necesidades de: Reportes, Visualizaci\u00f3n Anal\u00edtica (cubos OLAP) y Paneles de control (Dashboards).<\/em><\/li>\n<li><em>Proyectos de Big Data con el uso y aplicaci\u00f3n de tecnolog\u00edas de punta: Bases de datos NoSQL (Cassandra, MongoDB), HDFS (Hadoop, Cloudera\/Hortonworks, Spark, Hive, Kafka, MapR, NiFi, etc.) y Bases de datos Columnares (Vertica).<\/em><\/li>\n<li><em>Visualizaci\u00f3n Anal\u00edtica avanzada con Tableau, Power BI y QuickSight.<\/em><\/li>\n<li><em>Anal\u00edtica Predictiva y Miner\u00eda de Datos, incluyendo modelos de im\u00e1genes, texto, redes complejas (grafos) y el uso de soluciones con IA generativa para chatbots y consultas customizadas.<\/em><\/li>\n<\/ul>\n<\/div>\n<p>[\/vc_column_text][\/vc_column][vc_column width=&#8221;1\/2&#8243;][vc_single_image image=&#8221;887&#8243; img_size=&#8221;200&#215;200&#8243; alignment=&#8221;center&#8221;][vc_custom_heading text=&#8221;Servicios Off Shore&#8221; use_theme_fonts=&#8221;yes&#8221;][vc_column_text]<\/p>\n<div class=\"texto-mid\">\n<p>El desarrollo remoto (<em>off shore\/ near shore<\/em>) se ha posicionado como una excelente opci\u00f3n de servicios, en la que se ofrecen recursos de muy alta calidad con una excelente relaci\u00f3n precio\/valor.<\/p>\n<p>Matrix cuenta con un importante centro de desarrollo, conformado por un equipo completo de especialistas en soluciones anal\u00edticas, herramientas y aplicaciones que participan en el complejo mundo del an\u00e1lisis de la informaci\u00f3n.<\/p>\n<p>Adem\u00e1s, la empresa posee una importante red de aliados en varios pa\u00edses de Latinoam\u00e9rica, que colaboran en la ingenier\u00eda de requerimientos y el soporte t\u00e9cnico de los clientes, garantizando de esta manera desarrollos a la medida, eficientes, en muy corto tiempo y con costos atractivos.<\/p>\n<\/div>\n<p>[\/vc_column_text][\/vc_column][\/vc_row]<\/p>\n","protected":false},"excerpt":{"rendered":"<p>[vc_row][vc_column width=&#8221;1\/4&#8243;][\/vc_column][vc_column width=&#8221;1\/2&#8243;][\/vc_column][vc_column width=&#8221;1\/4&#8243;][\/vc_column][\/vc_row][vc_row][vc_column width=&#8221;1\/2&#8243;][vc_single_image image=&#8221;797&#8243; img_size=&#8221;200&#215;200&#8243; alignment=&#8221;center&#8221;][vc_custom_heading text=&#8221;Servicios de consultor\u00eda&#8221; use_theme_fonts=&#8221;yes&#8221;][vc_column_text] Las novedades tecnol\u00f3gicas o las nuevas tendencias ponen en riesgo la posici\u00f3n competitiva de las organizaciones dentro de su sector. En Matrix estamos preparados para respaldar a nuestros clientes para que estos cambios generen el menor impacto posible y para que adquieran medidas [&hellip;]<\/p>\n","protected":false},"author":1,"featured_media":0,"parent":0,"menu_order":0,"comment_status":"closed","ping_status":"closed","template":"","meta":{"footnotes":""},"class_list":["post-796","page","type-page","status-publish","hentry"],"_links":{"self":[{"href":"https:\/\/matrixcpmsolutions.com\/es\/wp-json\/wp\/v2\/pages\/796","targetHints":{"allow":["GET"]}}],"collection":[{"href":"https:\/\/matrixcpmsolutions.com\/es\/wp-json\/wp\/v2\/pages"}],"about":[{"href":"https:\/\/matrixcpmsolutions.com\/es\/wp-json\/wp\/v2\/types\/page"}],"author":[{"embeddable":true,"href":"https:\/\/matrixcpmsolutions.com\/es\/wp-json\/wp\/v2\/users\/1"}],"replies":[{"embeddable":true,"href":"https:\/\/matrixcpmsolutions.com\/es\/wp-json\/wp\/v2\/comments?post=796"}],"version-history":[{"count":13,"href":"https:\/\/matrixcpmsolutions.com\/es\/wp-json\/wp\/v2\/pages\/796\/revisions"}],"predecessor-version":[{"id":2124,"href":"https:\/\/matrixcpmsolutions.com\/es\/wp-json\/wp\/v2\/pages\/796\/revisions\/2124"}],"wp:attachment":[{"href":"https:\/\/matrixcpmsolutions.com\/es\/wp-json\/wp\/v2\/media?parent=796"}],"curies":[{"name":"wp","href":"https:\/\/api.w.org\/{rel}","templated":true}]}}