{"id":804,"date":"2018-06-06T17:50:59","date_gmt":"2018-06-06T17:50:59","guid":{"rendered":"http:\/\/matrixcpmsolutions.com?page_id=804"},"modified":"2018-07-17T14:27:30","modified_gmt":"2018-07-17T14:27:30","slug":"soporte-tecnico","status":"publish","type":"page","link":"https:\/\/matrixcpmsolutions.com\/es\/soporte-tecnico\/","title":{"rendered":"Soporte T\u00e9cnico"},"content":{"rendered":"<p>[vc_row][vc_column width=&#8221;1\/3&#8243;][vc_single_image image=&#8221;805&#8243; img_size=&#8221;full&#8221; label=&#8221;&#8221;][\/vc_column][vc_column width=&#8221;1\/3&#8243;][\/vc_column][vc_column width=&#8221;1\/3&#8243;][\/vc_column][\/vc_row][vc_row][vc_column][vc_custom_heading text=&#8221;Soporte T\u00e9cnico&#8221; use_theme_fonts=&#8221;yes&#8221;][vc_column_text]Hacemos un especial \u00e9nfasis en entregar el mejor soporte t\u00e9cnico a nuestros clientes, ofreciendo distintas v\u00edas de soluci\u00f3n que incluyen atenci\u00f3n telef\u00f3nica, correo electr\u00f3nico, acceso remoto y soporte en sitio. La experiencia de varios proyectos\u00a0<em>off-shore<\/em>\u00a0en Latinoam\u00e9rica nos permite entregar un soporte remoto de muy alta calidad.<\/p>\n<p>[\/vc_column_text][\/vc_column][\/vc_row]<\/p>\n","protected":false},"excerpt":{"rendered":"<p>[vc_row][vc_column width=&#8221;1\/3&#8243;][vc_single_image image=&#8221;805&#8243; img_size=&#8221;full&#8221; label=&#8221;&#8221;][\/vc_column][vc_column width=&#8221;1\/3&#8243;][\/vc_column][vc_column width=&#8221;1\/3&#8243;][\/vc_column][\/vc_row][vc_row][vc_column][vc_custom_heading text=&#8221;Soporte T\u00e9cnico&#8221; use_theme_fonts=&#8221;yes&#8221;][vc_column_text]Hacemos un especial \u00e9nfasis en entregar el mejor soporte t\u00e9cnico a nuestros clientes, ofreciendo distintas v\u00edas de soluci\u00f3n que incluyen atenci\u00f3n telef\u00f3nica, correo electr\u00f3nico, acceso remoto y soporte en sitio. La experiencia de varios proyectos\u00a0off-shore\u00a0en Latinoam\u00e9rica nos permite entregar un soporte remoto de muy alta calidad. [&hellip;]<\/p>\n","protected":false},"author":1,"featured_media":0,"parent":0,"menu_order":0,"comment_status":"closed","ping_status":"closed","template":"","meta":{"footnotes":""},"class_list":["post-804","page","type-page","status-publish","hentry"],"_links":{"self":[{"href":"https:\/\/matrixcpmsolutions.com\/es\/wp-json\/wp\/v2\/pages\/804","targetHints":{"allow":["GET"]}}],"collection":[{"href":"https:\/\/matrixcpmsolutions.com\/es\/wp-json\/wp\/v2\/pages"}],"about":[{"href":"https:\/\/matrixcpmsolutions.com\/es\/wp-json\/wp\/v2\/types\/page"}],"author":[{"embeddable":true,"href":"https:\/\/matrixcpmsolutions.com\/es\/wp-json\/wp\/v2\/users\/1"}],"replies":[{"embeddable":true,"href":"https:\/\/matrixcpmsolutions.com\/es\/wp-json\/wp\/v2\/comments?post=804"}],"version-history":[{"count":5,"href":"https:\/\/matrixcpmsolutions.com\/es\/wp-json\/wp\/v2\/pages\/804\/revisions"}],"predecessor-version":[{"id":901,"href":"https:\/\/matrixcpmsolutions.com\/es\/wp-json\/wp\/v2\/pages\/804\/revisions\/901"}],"wp:attachment":[{"href":"https:\/\/matrixcpmsolutions.com\/es\/wp-json\/wp\/v2\/media?parent=804"}],"curies":[{"name":"wp","href":"https:\/\/api.w.org\/{rel}","templated":true}]}}