{"id":848,"date":"2018-06-27T14:56:40","date_gmt":"2018-06-27T14:56:40","guid":{"rendered":"http:\/\/matrixcpmsolutions.com?page_id=848"},"modified":"2018-07-30T17:20:42","modified_gmt":"2018-07-30T17:20:42","slug":"mision-vision-y-valores","status":"publish","type":"page","link":"https:\/\/matrixcpmsolutions.com\/es\/mision-vision-y-valores\/","title":{"rendered":"Misi\u00f3n, visi\u00f3n y valores"},"content":{"rendered":"<p>[vc_row][vc_column][vc_single_image image=&#8221;1119&#8243; img_size=&#8221;full&#8221; alignment=&#8221;center&#8221; label=&#8221;&#8221;][\/vc_column][\/vc_row][vc_row][vc_column width=&#8221;1\/2&#8243;][vc_custom_heading text=&#8221;Misi\u00f3n&#8221; use_theme_fonts=&#8221;yes&#8221;][vc_column_text]Ser un aliado estrat\u00e9gico de negocios que ofrece soluciones anal\u00edticas como herramientas para tomar mejores decisiones, apalancados en la innovaci\u00f3n y generando valor a nuestros clientes con el uso de las mejores tecnolog\u00edas disponibles y el talento de profesionales integrales.[\/vc_column_text][\/vc_column][vc_column width=&#8221;1\/2&#8243;][vc_custom_heading text=&#8221;Visi\u00f3n&#8221; use_theme_fonts=&#8221;yes&#8221;][vc_column_text]Ser una referencia continental en el desarrollo, implementaci\u00f3n y consultor\u00eda de soluciones que faciliten el uso de la informaci\u00f3n que le permita al cliente tomar decisiones inteligentes.[\/vc_column_text][\/vc_column][\/vc_row][vc_row][vc_column][vc_custom_heading text=&#8221;Valores&#8221; use_theme_fonts=&#8221;yes&#8221;][vc_column_text]<strong><em>Profesionalismo: <\/em><\/strong><em>ofrecemos lo que sabemos hacer bien. Nuestro equipo se prepara para ser integral, destacarse en su desempe\u00f1o.<\/em><\/p>\n<p><strong><em>Pasi\u00f3n: <\/em><\/strong><em>nos gusta lo que hacemos. Trabajamos con entrega, vigor, determinaci\u00f3n y perseverancia. <\/em><\/p>\n<p><strong><em>Confianza en nuestra gente:<\/em><\/strong><em> creemos en la experticia de nuestro equipo y en su compromiso en la b\u00fasqueda de la excelencia.\u00a0 <\/em><\/p>\n<p><strong><em>Calidad de servicio:<\/em><\/strong><em> estamos seguros que no es suficiente con contar con las mejores herramientas, se trata de hacerlo bien y darle lo mejor de nosotros al cliente.<\/em><\/p>\n<p><strong><em>Innovaci\u00f3n:<\/em><\/strong><em> nos reinventamos y buscamos aplicar ideas diferentes e innovadoras para la mejora continua de nuestros procesos y servicios.\u00a0 <\/em><\/p>\n<p><strong><em>Adaptaci\u00f3n:<\/em><\/strong><em> tenemos disposici\u00f3n para cambiar y trabajar en situaciones variables, superando las dificultades del entorno y aprovechando las oportunidades. <\/em>[\/vc_column_text][\/vc_column][\/vc_row]<\/p>\n","protected":false},"excerpt":{"rendered":"<p>[vc_row][vc_column][vc_single_image image=&#8221;1119&#8243; img_size=&#8221;full&#8221; alignment=&#8221;center&#8221; label=&#8221;&#8221;][\/vc_column][\/vc_row][vc_row][vc_column width=&#8221;1\/2&#8243;][vc_custom_heading text=&#8221;Misi\u00f3n&#8221; use_theme_fonts=&#8221;yes&#8221;][vc_column_text]Ser un aliado estrat\u00e9gico de negocios que ofrece soluciones anal\u00edticas como herramientas para tomar mejores decisiones, apalancados en la innovaci\u00f3n y generando valor a nuestros clientes con el uso de las mejores tecnolog\u00edas disponibles y el talento de profesionales integrales.[\/vc_column_text][\/vc_column][vc_column width=&#8221;1\/2&#8243;][vc_custom_heading text=&#8221;Visi\u00f3n&#8221; use_theme_fonts=&#8221;yes&#8221;][vc_column_text]Ser una referencia continental en el [&hellip;]<\/p>\n","protected":false},"author":1,"featured_media":0,"parent":0,"menu_order":0,"comment_status":"closed","ping_status":"closed","template":"","meta":{"footnotes":""},"class_list":["post-848","page","type-page","status-publish","hentry"],"_links":{"self":[{"href":"https:\/\/matrixcpmsolutions.com\/es\/wp-json\/wp\/v2\/pages\/848","targetHints":{"allow":["GET"]}}],"collection":[{"href":"https:\/\/matrixcpmsolutions.com\/es\/wp-json\/wp\/v2\/pages"}],"about":[{"href":"https:\/\/matrixcpmsolutions.com\/es\/wp-json\/wp\/v2\/types\/page"}],"author":[{"embeddable":true,"href":"https:\/\/matrixcpmsolutions.com\/es\/wp-json\/wp\/v2\/users\/1"}],"replies":[{"embeddable":true,"href":"https:\/\/matrixcpmsolutions.com\/es\/wp-json\/wp\/v2\/comments?post=848"}],"version-history":[{"count":3,"href":"https:\/\/matrixcpmsolutions.com\/es\/wp-json\/wp\/v2\/pages\/848\/revisions"}],"predecessor-version":[{"id":1121,"href":"https:\/\/matrixcpmsolutions.com\/es\/wp-json\/wp\/v2\/pages\/848\/revisions\/1121"}],"wp:attachment":[{"href":"https:\/\/matrixcpmsolutions.com\/es\/wp-json\/wp\/v2\/media?parent=848"}],"curies":[{"name":"wp","href":"https:\/\/api.w.org\/{rel}","templated":true}]}}